{"id":2812,"date":"2026-05-05T11:19:19","date_gmt":"2026-05-05T16:19:19","guid":{"rendered":"https:\/\/routedesartsvaudreuilsoulanges.com\/?page_id=2812"},"modified":"2026-05-05T11:19:19","modified_gmt":"2026-05-05T16:19:19","slug":"2026-myriam-sauve","status":"publish","type":"page","link":"https:\/\/routedesartsvaudreuilsoulanges.com\/fr\/2026-myriam-sauve\/","title":{"rendered":"2026 Myriam Sauv\u00e9"},"content":{"rendered":"\n<div class=\"wp-block-media-text is-stacked-on-mobile\"><figure class=\"wp-block-media-text__media\"><img loading=\"lazy\" decoding=\"async\" width=\"293\" height=\"285\" src=\"https:\/\/routedesartsvaudreuilsoulanges.com\/wp-content\/uploads\/2025\/04\/Myriam-Sauve.png\" alt=\"\" class=\"wp-image-2356 size-full\"\/><\/figure><div class=\"wp-block-media-text__content\">\n<h2 class=\"wp-block-heading\">Myriam Sauv\u00e9<\/h2>\n\n\n\n<h4 class=\"wp-block-heading\"><strong>Domaine artistique :&nbsp;<strong>Arts visuels, M\u00e9tiers d&rsquo;arts<\/strong><\/strong><\/h4>\n\n\n\n<ul class=\"wp-block-social-links is-layout-flex wp-block-social-links-is-layout-flex\"><li class=\"wp-social-link wp-social-link-mail  wp-block-social-link\"><a href=\"mailto:my&#114;&#105;&#097;&#109;&#115;a&#117;v&#101;&#064;hot&#109;a&#105;&#108;.&#102;r\" class=\"wp-block-social-link-anchor\"><svg width=\"24\" height=\"24\" viewBox=\"0 0 24 24\" version=\"1.1\" xmlns=\"http:\/\/www.w3.org\/2000\/svg\" aria-hidden=\"true\" focusable=\"false\"><path d=\"M19,5H5c-1.1,0-2,.9-2,2v10c0,1.1.9,2,2,2h14c1.1,0,2-.9,2-2V7c0-1.1-.9-2-2-2zm.5,12c0,.3-.2.5-.5.5H5c-.3,0-.5-.2-.5-.5V9.8l7.5,5.6,7.5-5.6V17zm0-9.1L12,13.6,4.5,7.9V7c0-.3.2-.5.5-.5h14c.3,0,.5.2.5.5v.9z\"><\/path><\/svg><span class=\"wp-block-social-link-label screen-reader-text\">Mail<\/span><\/a><\/li>\n\n<li class=\"wp-social-link wp-social-link-chain  wp-block-social-link\"><a href=\"https:\/\/www.talentsdici.com\/sauveacute-myriam.html\" class=\"wp-block-social-link-anchor\"><svg width=\"24\" height=\"24\" viewBox=\"0 0 24 24\" version=\"1.1\" xmlns=\"http:\/\/www.w3.org\/2000\/svg\" aria-hidden=\"true\" focusable=\"false\"><path d=\"M15.6,7.2H14v1.5h1.6c2,0,3.7,1.7,3.7,3.7s-1.7,3.7-3.7,3.7H14v1.5h1.6c2.8,0,5.2-2.3,5.2-5.2,0-2.9-2.3-5.2-5.2-5.2zM4.7,12.4c0-2,1.7-3.7,3.7-3.7H10V7.2H8.4c-2.9,0-5.2,2.3-5.2,5.2,0,2.9,2.3,5.2,5.2,5.2H10v-1.5H8.4c-2,0-3.7-1.7-3.7-3.7zm4.6.9h5.3v-1.5H9.3v1.5z\"><\/path><\/svg><span class=\"wp-block-social-link-label screen-reader-text\">Link<\/span><\/a><\/li><\/ul>\n\n\n\n<p>Visitez l\u00e0 \u00e0 son atelier situ\u00e9 au :<\/p>\n\n\n\n<p>83, Lipp\u00e9, Les Coteaux J7X 1H2<\/p>\n<\/div><\/div>\n\n\n\n<div style=\"height:66px\" aria-hidden=\"true\" class=\"wp-block-spacer\"><\/div>\n\n\n\n<h2 class=\"wp-block-heading\">Biographie \/ d\u00e9marche<\/h2>\n\n\n\n<p>Myriam Sauv\u00e9 est n\u00e9e \u00e0 Saint-Zotique en Mont\u00e9r\u00e9gie o\u00f9 elle a pass\u00e9 son enfance sur les rives du Lac Saint-Fran\u00e7ois. Adolescente dans les ann\u00e9es 70, elle a touch\u00e9 \u00e0 tous les m\u00e9tiers d\u2019arts. Elle fut inspir\u00e9e dans sa jeunesse par les grands courants de l\u2019art moderne, notamment par Borduas et les Automatistes, qu\u2019elle a d\u00e9couvert \u00e0 la biblioth\u00e8que de son \u00e9cole secondaire.&nbsp;<br>Dipl\u00f4m\u00e9e en arts plastiques et en enseignement \u00e0 l\u2019UQAM, avec d\u00e9j\u00e0 quelques expositions \u00e0 son actif, elle aimerait grandement vous partager sa vision de l\u2019art moderne.&nbsp;<\/p>\n\n\n\n<p><strong>D\u00e9marche<\/strong><\/p>\n\n\n\n<p>Longtemps elle a peint avec un m\u00e9dium acrylique liquide qu\u2019elle \u00e9talait directement sur la toile, l\u2019id\u00e9e \u00e9tant d\u2019exploiter l\u2019accident avec le plus de spontan\u00e9it\u00e9 et de rapidit\u00e9 possible comme certains peintres surr\u00e9alistes.&nbsp;Aujourd\u2019hui, sa polyvalence et sa grande cr\u00e9ativit\u00e9, l\u2019am\u00e8ne \u00e0 d\u00e9couvrir de nouvelles techniques redonnant \u00e0 son art un nouveau souffle, une plus grande libert\u00e9.<br>Depuis la pand\u00e9mie, elle cr\u00e9e \u00e9galement des montages avec des mousses et de l\u2019\u00e9corces, ect. ainsi que des lampes d\u2019ambiances et des tableaux avec de l\u2019encre sur du papier de riz.<br>Certaines sculptures par leurs architectures organiques, refl\u00e8tent son attachement au corps humain comme charpente de son \u0153uvre. Plusieurs sont converties en fontaines car plus le temps passe et plus elle d\u00e9couvre que le ruissellement de l\u2019eau, son \u00e9coulement la fascinent. L\u2019eau, son impermanence, son flot dynamique, les saisons et ses m\u00e9tamorphoses, o\u00f9 tout meurt, tout change continuellement ont cr\u00e9\u00e9 la trame fa\u00e7onnant son \u0153uvre.<\/p>\n\n\n\n<div style=\"height:66px\" aria-hidden=\"true\" class=\"wp-block-spacer\"><\/div>\n\n\n\n<h2 class=\"wp-block-heading\"><strong>Un avant go\u00fbt de ses oeuvres<\/strong><\/h2>\n\n\n\n<figure class=\"wp-block-gallery has-nested-images columns-default is-cropped wp-block-gallery-1 is-layout-flex wp-block-gallery-is-layout-flex\">\n<figure class=\"wp-block-image size-full\"><img loading=\"lazy\" decoding=\"async\" width=\"320\" height=\"238\" data-id=\"2753\" src=\"https:\/\/routedesartsvaudreuilsoulanges.com\/wp-content\/uploads\/2026\/05\/IMG_0335-Myriam-Sauve.jpg\" alt=\"\" class=\"wp-image-2753\" srcset=\"https:\/\/routedesartsvaudreuilsoulanges.com\/wp-content\/uploads\/2026\/05\/IMG_0335-Myriam-Sauve.jpg 320w, https:\/\/routedesartsvaudreuilsoulanges.com\/wp-content\/uploads\/2026\/05\/IMG_0335-Myriam-Sauve-300x223.jpg 300w, https:\/\/routedesartsvaudreuilsoulanges.com\/wp-content\/uploads\/2026\/05\/IMG_0335-Myriam-Sauve-16x12.jpg 16w\" sizes=\"auto, (max-width: 320px) 100vw, 320px\" \/><\/figure>\n\n\n\n<figure class=\"wp-block-image size-full\"><img loading=\"lazy\" decoding=\"async\" width=\"490\" height=\"640\" data-id=\"2756\" src=\"https:\/\/routedesartsvaudreuilsoulanges.com\/wp-content\/uploads\/2026\/05\/IMG_0346-Myriam-Sauve.jpeg\" alt=\"\" class=\"wp-image-2756\" srcset=\"https:\/\/routedesartsvaudreuilsoulanges.com\/wp-content\/uploads\/2026\/05\/IMG_0346-Myriam-Sauve.jpeg 490w, https:\/\/routedesartsvaudreuilsoulanges.com\/wp-content\/uploads\/2026\/05\/IMG_0346-Myriam-Sauve-230x300.jpeg 230w, https:\/\/routedesartsvaudreuilsoulanges.com\/wp-content\/uploads\/2026\/05\/IMG_0346-Myriam-Sauve-9x12.jpeg 9w\" sizes=\"auto, (max-width: 490px) 100vw, 490px\" \/><\/figure>\n\n\n\n<figure class=\"wp-block-image size-full\"><img loading=\"lazy\" decoding=\"async\" width=\"488\" height=\"640\" data-id=\"2757\" src=\"https:\/\/routedesartsvaudreuilsoulanges.com\/wp-content\/uploads\/2026\/05\/IMG_0347-Myriam-Sauve.jpeg\" alt=\"\" class=\"wp-image-2757\" srcset=\"https:\/\/routedesartsvaudreuilsoulanges.com\/wp-content\/uploads\/2026\/05\/IMG_0347-Myriam-Sauve.jpeg 488w, https:\/\/routedesartsvaudreuilsoulanges.com\/wp-content\/uploads\/2026\/05\/IMG_0347-Myriam-Sauve-229x300.jpeg 229w, https:\/\/routedesartsvaudreuilsoulanges.com\/wp-content\/uploads\/2026\/05\/IMG_0347-Myriam-Sauve-9x12.jpeg 9w\" sizes=\"auto, (max-width: 488px) 100vw, 488px\" \/><\/figure>\n\n\n\n<figure class=\"wp-block-image size-full\"><img loading=\"lazy\" decoding=\"async\" width=\"480\" height=\"640\" data-id=\"2758\" src=\"https:\/\/routedesartsvaudreuilsoulanges.com\/wp-content\/uploads\/2026\/05\/MyriamSauve1.jpg\" alt=\"\" class=\"wp-image-2758\" srcset=\"https:\/\/routedesartsvaudreuilsoulanges.com\/wp-content\/uploads\/2026\/05\/MyriamSauve1.jpg 480w, https:\/\/routedesartsvaudreuilsoulanges.com\/wp-content\/uploads\/2026\/05\/MyriamSauve1-225x300.jpg 225w, https:\/\/routedesartsvaudreuilsoulanges.com\/wp-content\/uploads\/2026\/05\/MyriamSauve1-9x12.jpg 9w\" sizes=\"auto, (max-width: 480px) 100vw, 480px\" \/><\/figure>\n\n\n\n<figure class=\"wp-block-image size-full\"><img loading=\"lazy\" decoding=\"async\" width=\"526\" height=\"640\" data-id=\"2754\" src=\"https:\/\/routedesartsvaudreuilsoulanges.com\/wp-content\/uploads\/2026\/05\/IMG_0344-Myriam-Sauve.jpeg\" alt=\"\" class=\"wp-image-2754\" srcset=\"https:\/\/routedesartsvaudreuilsoulanges.com\/wp-content\/uploads\/2026\/05\/IMG_0344-Myriam-Sauve.jpeg 526w, https:\/\/routedesartsvaudreuilsoulanges.com\/wp-content\/uploads\/2026\/05\/IMG_0344-Myriam-Sauve-247x300.jpeg 247w, https:\/\/routedesartsvaudreuilsoulanges.com\/wp-content\/uploads\/2026\/05\/IMG_0344-Myriam-Sauve-10x12.jpeg 10w\" sizes=\"auto, (max-width: 526px) 100vw, 526px\" \/><\/figure>\n<\/figure>\n","protected":false},"excerpt":{"rendered":"<p>Biographie \/ d\u00e9marche Myriam Sauv\u00e9 est n\u00e9e \u00e0 Saint-Zotique en Mont\u00e9r\u00e9gie o\u00f9 elle a pass\u00e9 son enfance sur les rives du Lac Saint-Fran\u00e7ois. Adolescente dans les ann\u00e9es 70, elle a touch\u00e9 \u00e0 tous les m\u00e9tiers d\u2019arts. Elle fut inspir\u00e9e dans sa jeunesse par les grands courants de l\u2019art moderne, notamment par Borduas et les Automatistes, [&hellip;]<\/p>\n","protected":false},"author":1,"featured_media":0,"parent":0,"menu_order":0,"comment_status":"closed","ping_status":"closed","template":"","meta":{"footnotes":""},"class_list":["post-2812","page","type-page","status-publish","hentry"],"_links":{"self":[{"href":"https:\/\/routedesartsvaudreuilsoulanges.com\/fr\/wp-json\/wp\/v2\/pages\/2812","targetHints":{"allow":["GET"]}}],"collection":[{"href":"https:\/\/routedesartsvaudreuilsoulanges.com\/fr\/wp-json\/wp\/v2\/pages"}],"about":[{"href":"https:\/\/routedesartsvaudreuilsoulanges.com\/fr\/wp-json\/wp\/v2\/types\/page"}],"author":[{"embeddable":true,"href":"https:\/\/routedesartsvaudreuilsoulanges.com\/fr\/wp-json\/wp\/v2\/users\/1"}],"replies":[{"embeddable":true,"href":"https:\/\/routedesartsvaudreuilsoulanges.com\/fr\/wp-json\/wp\/v2\/comments?post=2812"}],"version-history":[{"count":2,"href":"https:\/\/routedesartsvaudreuilsoulanges.com\/fr\/wp-json\/wp\/v2\/pages\/2812\/revisions"}],"predecessor-version":[{"id":2841,"href":"https:\/\/routedesartsvaudreuilsoulanges.com\/fr\/wp-json\/wp\/v2\/pages\/2812\/revisions\/2841"}],"wp:attachment":[{"href":"https:\/\/routedesartsvaudreuilsoulanges.com\/fr\/wp-json\/wp\/v2\/media?parent=2812"}],"curies":[{"name":"wp","href":"https:\/\/api.w.org\/{rel}","templated":true}]}}