{"id":2818,"date":"2026-05-05T11:18:56","date_gmt":"2026-05-05T16:18:56","guid":{"rendered":"https:\/\/routedesartsvaudreuilsoulanges.com\/?page_id=2818"},"modified":"2026-05-05T19:23:41","modified_gmt":"2026-05-06T00:23:41","slug":"2026-michel-jacques-chalifoux","status":"publish","type":"page","link":"https:\/\/routedesartsvaudreuilsoulanges.com\/fr\/2026-michel-jacques-chalifoux\/","title":{"rendered":"2026 Michel Jacques Chalifoux"},"content":{"rendered":"\n<div class=\"wp-block-media-text is-stacked-on-mobile\"><figure class=\"wp-block-media-text__media\"><img loading=\"lazy\" decoding=\"async\" width=\"996\" height=\"1024\" src=\"https:\/\/routedesartsvaudreuilsoulanges.com\/wp-content\/uploads\/2026\/05\/MJ-Chalifoux-996x1024.jpg\" alt=\"\" class=\"wp-image-2821 size-full\" srcset=\"https:\/\/routedesartsvaudreuilsoulanges.com\/wp-content\/uploads\/2026\/05\/MJ-Chalifoux-996x1024.jpg 996w, https:\/\/routedesartsvaudreuilsoulanges.com\/wp-content\/uploads\/2026\/05\/MJ-Chalifoux-292x300.jpg 292w, https:\/\/routedesartsvaudreuilsoulanges.com\/wp-content\/uploads\/2026\/05\/MJ-Chalifoux-768x789.jpg 768w, https:\/\/routedesartsvaudreuilsoulanges.com\/wp-content\/uploads\/2026\/05\/MJ-Chalifoux-1494x1536.jpg 1494w, https:\/\/routedesartsvaudreuilsoulanges.com\/wp-content\/uploads\/2026\/05\/MJ-Chalifoux-12x12.jpg 12w, https:\/\/routedesartsvaudreuilsoulanges.com\/wp-content\/uploads\/2026\/05\/MJ-Chalifoux.jpg 1507w\" sizes=\"auto, (max-width: 996px) 100vw, 996px\" \/><\/figure><div class=\"wp-block-media-text__content\">\n<h2 class=\"wp-block-heading\">Michel Jacques Chalifoux<\/h2>\n\n\n\n<h4 class=\"wp-block-heading\"><strong>Domaine artistique :&nbsp;<strong><strong>Arts visuels, M\u00e9tiers d&rsquo;arts<\/strong><\/strong><\/strong><\/h4>\n\n\n\n<ul class=\"wp-block-social-links is-layout-flex wp-block-social-links-is-layout-flex\"><li class=\"wp-social-link wp-social-link-mail  wp-block-social-link\"><a href=\"mailto:&#109;jc&#104;&#097;&#108;i_&#049;&#057;&#053;&#050;&#064;v&#105;&#100;&#101;o&#116;&#114;&#111;n.&#099;a\" class=\"wp-block-social-link-anchor\"><svg width=\"24\" height=\"24\" viewBox=\"0 0 24 24\" version=\"1.1\" xmlns=\"http:\/\/www.w3.org\/2000\/svg\" aria-hidden=\"true\" focusable=\"false\"><path d=\"M19,5H5c-1.1,0-2,.9-2,2v10c0,1.1.9,2,2,2h14c1.1,0,2-.9,2-2V7c0-1.1-.9-2-2-2zm.5,12c0,.3-.2.5-.5.5H5c-.3,0-.5-.2-.5-.5V9.8l7.5,5.6,7.5-5.6V17zm0-9.1L12,13.6,4.5,7.9V7c0-.3.2-.5.5-.5h14c.3,0,.5.2.5.5v.9z\"><\/path><\/svg><span class=\"wp-block-social-link-label screen-reader-text\">Mail<\/span><\/a><\/li>\n\n<li class=\"wp-social-link wp-social-link-facebook  wp-block-social-link\"><a href=\"https:\/\/www.facebook.com\/profile.php?id=100083266561517\" class=\"wp-block-social-link-anchor\"><svg width=\"24\" height=\"24\" viewBox=\"0 0 24 24\" version=\"1.1\" xmlns=\"http:\/\/www.w3.org\/2000\/svg\" aria-hidden=\"true\" focusable=\"false\"><path d=\"M12 2C6.5 2 2 6.5 2 12c0 5 3.7 9.1 8.4 9.9v-7H7.9V12h2.5V9.8c0-2.5 1.5-3.9 3.8-3.9 1.1 0 2.2.2 2.2.2v2.5h-1.3c-1.2 0-1.6.8-1.6 1.6V12h2.8l-.4 2.9h-2.3v7C18.3 21.1 22 17 22 12c0-5.5-4.5-10-10-10z\"><\/path><\/svg><span class=\"wp-block-social-link-label screen-reader-text\">Facebook<\/span><\/a><\/li><\/ul>\n\n\n\n<p>Visitez le \u00e0 son atelier situ\u00e9 au :<\/p>\n\n\n\n<p>246 Ave des Cageux, St Zotique, QC J0P 1Z0<\/p>\n<\/div><\/div>\n\n\n\n<div style=\"height:66px\" aria-hidden=\"true\" class=\"wp-block-spacer\"><\/div>\n\n\n\n<h2 class=\"wp-block-heading\">Biographie \/ d\u00e9marche<\/h2>\n\n\n\n<p>Mon inspiration vient de mon passe-temps et de ma passion pour travailler le bois de diff\u00e9rentes fa\u00e7ons. Mon style artistique est figuratif, mettant en valeur la beaut\u00e9 naturelle du bois que j&rsquo;utilise.<\/p>\n\n\n\n<p>Je choisis mes sujets et th\u00e8mes \u00e0 exploiter \u00e0 partir de photos qui captent mon attention et m&rsquo;inspirent. Ensuite, je me lance dans mon processus de cr\u00e9ation en utilisant des morceaux de bois trouv\u00e9s en ext\u00e9rieur. Chaque fragment de bois poss\u00e8de une texture, une couleur et une forme id\u00e9ale qui contribue \u00e0 la cr\u00e9ation d&rsquo;\u0153uvres d&rsquo;art originales et authentiques.<\/p>\n\n\n\n<p>Je souhaite que les gens interpr\u00e8tent mon travail comme des \u0153uvres d&rsquo;art uniques, mettant en lumi\u00e8re la beaut\u00e9 et la diversit\u00e9 du bois. Chaque pi\u00e8ce que je cr\u00e9e raconte une histoire unique et invite les spectateurs \u00e0 voyager \u00e0 travers leur imagination.<\/p>\n\n\n\n<p>Ma d\u00e9marche artistique se veut simple, concr\u00e8te et cr\u00e9ative, offrant des \u0153uvres qui suscitent la curiosit\u00e9 et l&rsquo;\u00e9merveillement. Je m&rsquo;efforce de cr\u00e9er des pi\u00e8ces qui captent l&rsquo;attention et invitent \u00e0 la r\u00e9flexion, tout en mettant en valeur la richesse et la complexit\u00e9 du bois en tant que mat\u00e9riau artistique. <\/p>\n\n\n\n<div style=\"height:66px\" aria-hidden=\"true\" class=\"wp-block-spacer\"><\/div>\n\n\n\n<h2 class=\"wp-block-heading\"><strong>Un avant go\u00fbt de ses oeuvres<\/strong><\/h2>\n\n\n\n<figure class=\"wp-block-gallery has-nested-images columns-default is-cropped wp-block-gallery-1 is-layout-flex wp-block-gallery-is-layout-flex\">\n<figure class=\"wp-block-image size-full\"><img loading=\"lazy\" decoding=\"async\" width=\"940\" height=\"788\" data-id=\"2822\" src=\"https:\/\/routedesartsvaudreuilsoulanges.com\/wp-content\/uploads\/2026\/05\/oeuvre-M-J-Chalifoux-1.jpg\" alt=\"\" class=\"wp-image-2822\" srcset=\"https:\/\/routedesartsvaudreuilsoulanges.com\/wp-content\/uploads\/2026\/05\/oeuvre-M-J-Chalifoux-1.jpg 940w, https:\/\/routedesartsvaudreuilsoulanges.com\/wp-content\/uploads\/2026\/05\/oeuvre-M-J-Chalifoux-1-300x251.jpg 300w, https:\/\/routedesartsvaudreuilsoulanges.com\/wp-content\/uploads\/2026\/05\/oeuvre-M-J-Chalifoux-1-768x644.jpg 768w, https:\/\/routedesartsvaudreuilsoulanges.com\/wp-content\/uploads\/2026\/05\/oeuvre-M-J-Chalifoux-1-14x12.jpg 14w\" sizes=\"auto, (max-width: 940px) 100vw, 940px\" \/><\/figure>\n\n\n\n<figure class=\"wp-block-image size-full\"><img loading=\"lazy\" decoding=\"async\" width=\"940\" height=\"788\" data-id=\"2824\" src=\"https:\/\/routedesartsvaudreuilsoulanges.com\/wp-content\/uploads\/2026\/05\/oeuvre-M-J-Chalifoux.jpg\" alt=\"\" class=\"wp-image-2824\" srcset=\"https:\/\/routedesartsvaudreuilsoulanges.com\/wp-content\/uploads\/2026\/05\/oeuvre-M-J-Chalifoux.jpg 940w, https:\/\/routedesartsvaudreuilsoulanges.com\/wp-content\/uploads\/2026\/05\/oeuvre-M-J-Chalifoux-300x251.jpg 300w, https:\/\/routedesartsvaudreuilsoulanges.com\/wp-content\/uploads\/2026\/05\/oeuvre-M-J-Chalifoux-768x644.jpg 768w, https:\/\/routedesartsvaudreuilsoulanges.com\/wp-content\/uploads\/2026\/05\/oeuvre-M-J-Chalifoux-14x12.jpg 14w\" sizes=\"auto, (max-width: 940px) 100vw, 940px\" \/><\/figure>\n\n\n\n<figure class=\"wp-block-image size-full\"><img loading=\"lazy\" decoding=\"async\" width=\"940\" height=\"788\" data-id=\"2825\" src=\"https:\/\/routedesartsvaudreuilsoulanges.com\/wp-content\/uploads\/2026\/05\/oeuvre-MJ-Chalifoux.jpg\" alt=\"\" class=\"wp-image-2825\" srcset=\"https:\/\/routedesartsvaudreuilsoulanges.com\/wp-content\/uploads\/2026\/05\/oeuvre-MJ-Chalifoux.jpg 940w, https:\/\/routedesartsvaudreuilsoulanges.com\/wp-content\/uploads\/2026\/05\/oeuvre-MJ-Chalifoux-300x251.jpg 300w, https:\/\/routedesartsvaudreuilsoulanges.com\/wp-content\/uploads\/2026\/05\/oeuvre-MJ-Chalifoux-768x644.jpg 768w, https:\/\/routedesartsvaudreuilsoulanges.com\/wp-content\/uploads\/2026\/05\/oeuvre-MJ-Chalifoux-14x12.jpg 14w\" sizes=\"auto, (max-width: 940px) 100vw, 940px\" \/><\/figure>\n\n\n\n<figure class=\"wp-block-image size-full\"><img loading=\"lazy\" decoding=\"async\" width=\"940\" height=\"788\" data-id=\"2823\" src=\"https:\/\/routedesartsvaudreuilsoulanges.com\/wp-content\/uploads\/2026\/05\/oeuvre-M-J-Chalifoux-2.jpg\" alt=\"\" class=\"wp-image-2823\" srcset=\"https:\/\/routedesartsvaudreuilsoulanges.com\/wp-content\/uploads\/2026\/05\/oeuvre-M-J-Chalifoux-2.jpg 940w, https:\/\/routedesartsvaudreuilsoulanges.com\/wp-content\/uploads\/2026\/05\/oeuvre-M-J-Chalifoux-2-300x251.jpg 300w, https:\/\/routedesartsvaudreuilsoulanges.com\/wp-content\/uploads\/2026\/05\/oeuvre-M-J-Chalifoux-2-768x644.jpg 768w, https:\/\/routedesartsvaudreuilsoulanges.com\/wp-content\/uploads\/2026\/05\/oeuvre-M-J-Chalifoux-2-14x12.jpg 14w\" sizes=\"auto, (max-width: 940px) 100vw, 940px\" \/><\/figure>\n<\/figure>\n","protected":false},"excerpt":{"rendered":"<p>Biographie \/ d\u00e9marche Mon inspiration vient de mon passe-temps et de ma passion pour travailler le bois de diff\u00e9rentes fa\u00e7ons. Mon style artistique est figuratif, mettant en valeur la beaut\u00e9 naturelle du bois que j&rsquo;utilise. Je choisis mes sujets et th\u00e8mes \u00e0 exploiter \u00e0 partir de photos qui captent mon attention et m&rsquo;inspirent. Ensuite, je [&hellip;]<\/p>\n","protected":false},"author":1,"featured_media":0,"parent":0,"menu_order":0,"comment_status":"closed","ping_status":"closed","template":"","meta":{"footnotes":""},"class_list":["post-2818","page","type-page","status-publish","hentry"],"_links":{"self":[{"href":"https:\/\/routedesartsvaudreuilsoulanges.com\/fr\/wp-json\/wp\/v2\/pages\/2818","targetHints":{"allow":["GET"]}}],"collection":[{"href":"https:\/\/routedesartsvaudreuilsoulanges.com\/fr\/wp-json\/wp\/v2\/pages"}],"about":[{"href":"https:\/\/routedesartsvaudreuilsoulanges.com\/fr\/wp-json\/wp\/v2\/types\/page"}],"author":[{"embeddable":true,"href":"https:\/\/routedesartsvaudreuilsoulanges.com\/fr\/wp-json\/wp\/v2\/users\/1"}],"replies":[{"embeddable":true,"href":"https:\/\/routedesartsvaudreuilsoulanges.com\/fr\/wp-json\/wp\/v2\/comments?post=2818"}],"version-history":[{"count":3,"href":"https:\/\/routedesartsvaudreuilsoulanges.com\/fr\/wp-json\/wp\/v2\/pages\/2818\/revisions"}],"predecessor-version":[{"id":2898,"href":"https:\/\/routedesartsvaudreuilsoulanges.com\/fr\/wp-json\/wp\/v2\/pages\/2818\/revisions\/2898"}],"wp:attachment":[{"href":"https:\/\/routedesartsvaudreuilsoulanges.com\/fr\/wp-json\/wp\/v2\/media?parent=2818"}],"curies":[{"name":"wp","href":"https:\/\/api.w.org\/{rel}","templated":true}]}}