{"id":537,"date":"2022-05-09T16:54:48","date_gmt":"2022-05-09T21:54:48","guid":{"rendered":"https:\/\/routedesartsvaudreuilsoulanges.com\/?page_id=537"},"modified":"2025-04-22T21:28:50","modified_gmt":"2025-04-23T02:28:50","slug":"veronic-sevigny","status":"publish","type":"page","link":"https:\/\/routedesartsvaudreuilsoulanges.com\/fr\/veronic-sevigny\/","title":{"rendered":"2022 V\u00e9ronic S\u00e9vigny"},"content":{"rendered":"\n<figure class=\"wp-block-image size-full is-resized\"><img loading=\"lazy\" decoding=\"async\" src=\"https:\/\/routedesartsvaudreuilsoulanges.com\/wp-content\/uploads\/2022\/05\/veronic.jpg\" alt=\"\" class=\"wp-image-496\" width=\"278\" height=\"258\" srcset=\"https:\/\/routedesartsvaudreuilsoulanges.com\/wp-content\/uploads\/2022\/05\/veronic.jpg 452w, https:\/\/routedesartsvaudreuilsoulanges.com\/wp-content\/uploads\/2022\/05\/veronic-300x279.jpg 300w\" sizes=\"auto, (max-width: 278px) 100vw, 278px\" \/><figcaption>V\u00e9ronic S\u00e9vigny<\/figcaption><\/figure>\n\n\n\n<div class=\"wp-block-buttons is-layout-flex wp-block-buttons-is-layout-flex\">\n<div class=\"wp-block-button\"><a class=\"wp-block-button__link\" href=\"https:\/\/www.veronicsevigny.com\" target=\"_blank\" rel=\"noreferrer noopener\">Site web: veronicsevigny.com<\/a><\/div>\n\n\n\n<div class=\"wp-block-button\"><a class=\"wp-block-button__link\" href=\"https:\/\/www.facebook.com\/sevignyveronic\" target=\"_blank\" rel=\"noreferrer noopener\">Facebook<\/a><\/div>\n\n\n\n<div class=\"wp-block-button\"><a class=\"wp-block-button__link\" href=\"https:\/\/www.instagram.com\/veronic_sevigny_artiste\/\" target=\"_blank\" rel=\"noreferrer noopener\">Instagram<\/a><\/div>\n<\/div>\n\n\n\n<div style=\"height:51px\" aria-hidden=\"true\" class=\"wp-block-spacer\"><\/div>\n\n\n\n<p><strong>D\u00e9marche artistique<\/strong><\/p>\n\n\n\n<p>Avant de commencer \u00e0 peindre un tableau, je m\u2019empreins d\u2019un sentiment serein et calme que je cherche ensuite \u00e0 transposer dans mon \u0153uvre. J\u2019ai grandi \u00e0 proximit\u00e9 d\u2019une nature qui demeure une grande source d\u2019inspiration. Les \u00e9l\u00e9ments qui la composent m\u2019inspirent quotidiennement et me guident tout au long de mon processus de cr\u00e9ation. Le vent, l\u2019eau, les oiseaux, la femme, la vie, le r\u00eave sont mes sujets privil\u00e9gi\u00e9s.<br><br>Usant d\u2019un langage visuel bien d\u00e9fini, j\u2019utilise diff\u00e9rents types de lignes pour cr\u00e9er le mouvement qui uni les composantes de l\u2019\u0153uvre. On y retrouve souvent spirales et labyrinthes. Ceux-ci guident l\u2019observateur dans mon univers cr\u00e9atif.<br><br>Je suis constamment \u00e0 la recherche d\u2019une harmonie parfaite.<\/p>\n\n\n\n<div style=\"height:45px\" aria-hidden=\"true\" class=\"wp-block-spacer\"><\/div>\n\n\n\n<figure class=\"wp-block-gallery has-nested-images columns-default is-cropped wp-block-gallery-1 is-layout-flex wp-block-gallery-is-layout-flex\">\n<figure class=\"wp-block-image size-large\"><img loading=\"lazy\" decoding=\"async\" width=\"320\" height=\"244\" data-id=\"757\" src=\"https:\/\/routedesartsvaudreuilsoulanges.com\/wp-content\/uploads\/2022\/05\/Veronic_Sevigny_0-1.jpg\" alt=\"\" class=\"wp-image-757\" srcset=\"https:\/\/routedesartsvaudreuilsoulanges.com\/wp-content\/uploads\/2022\/05\/Veronic_Sevigny_0-1.jpg 320w, https:\/\/routedesartsvaudreuilsoulanges.com\/wp-content\/uploads\/2022\/05\/Veronic_Sevigny_0-1-300x229.jpg 300w\" sizes=\"auto, (max-width: 320px) 100vw, 320px\" \/><\/figure>\n\n\n\n<figure class=\"wp-block-image size-large\"><img loading=\"lazy\" decoding=\"async\" width=\"236\" height=\"320\" data-id=\"759\" src=\"https:\/\/routedesartsvaudreuilsoulanges.com\/wp-content\/uploads\/2022\/05\/Veronic_Sevigny_1-1.jpg\" alt=\"\" class=\"wp-image-759\" srcset=\"https:\/\/routedesartsvaudreuilsoulanges.com\/wp-content\/uploads\/2022\/05\/Veronic_Sevigny_1-1.jpg 236w, https:\/\/routedesartsvaudreuilsoulanges.com\/wp-content\/uploads\/2022\/05\/Veronic_Sevigny_1-1-221x300.jpg 221w\" sizes=\"auto, (max-width: 236px) 100vw, 236px\" \/><\/figure>\n\n\n\n<figure class=\"wp-block-image size-large\"><img loading=\"lazy\" decoding=\"async\" width=\"320\" height=\"240\" data-id=\"758\" src=\"https:\/\/routedesartsvaudreuilsoulanges.com\/wp-content\/uploads\/2022\/05\/Veronic_Sevigny_2-1.jpg\" alt=\"\" class=\"wp-image-758\" srcset=\"https:\/\/routedesartsvaudreuilsoulanges.com\/wp-content\/uploads\/2022\/05\/Veronic_Sevigny_2-1.jpg 320w, https:\/\/routedesartsvaudreuilsoulanges.com\/wp-content\/uploads\/2022\/05\/Veronic_Sevigny_2-1-300x225.jpg 300w\" sizes=\"auto, (max-width: 320px) 100vw, 320px\" \/><\/figure>\n\n\n\n<figure class=\"wp-block-image size-large\"><img loading=\"lazy\" decoding=\"async\" width=\"1024\" height=\"667\" data-id=\"761\" src=\"https:\/\/routedesartsvaudreuilsoulanges.com\/wp-content\/uploads\/2022\/05\/Veronic_Sevigny_3-1-1024x667.jpg\" alt=\"\" class=\"wp-image-761\" srcset=\"https:\/\/routedesartsvaudreuilsoulanges.com\/wp-content\/uploads\/2022\/05\/Veronic_Sevigny_3-1-1024x667.jpg 1024w, https:\/\/routedesartsvaudreuilsoulanges.com\/wp-content\/uploads\/2022\/05\/Veronic_Sevigny_3-1-300x195.jpg 300w, https:\/\/routedesartsvaudreuilsoulanges.com\/wp-content\/uploads\/2022\/05\/Veronic_Sevigny_3-1-768x500.jpg 768w, https:\/\/routedesartsvaudreuilsoulanges.com\/wp-content\/uploads\/2022\/05\/Veronic_Sevigny_3-1.jpg 1193w\" sizes=\"auto, (max-width: 1024px) 100vw, 1024px\" \/><\/figure>\n\n\n\n<figure class=\"wp-block-image size-large\"><img loading=\"lazy\" decoding=\"async\" width=\"1024\" height=\"803\" data-id=\"762\" src=\"https:\/\/routedesartsvaudreuilsoulanges.com\/wp-content\/uploads\/2022\/05\/Veronic_Sevigny_4-1-1024x803.jpg\" alt=\"\" class=\"wp-image-762\" srcset=\"https:\/\/routedesartsvaudreuilsoulanges.com\/wp-content\/uploads\/2022\/05\/Veronic_Sevigny_4-1-1024x803.jpg 1024w, https:\/\/routedesartsvaudreuilsoulanges.com\/wp-content\/uploads\/2022\/05\/Veronic_Sevigny_4-1-300x235.jpg 300w, https:\/\/routedesartsvaudreuilsoulanges.com\/wp-content\/uploads\/2022\/05\/Veronic_Sevigny_4-1-768x602.jpg 768w, https:\/\/routedesartsvaudreuilsoulanges.com\/wp-content\/uploads\/2022\/05\/Veronic_Sevigny_4-1-1536x1204.jpg 1536w, https:\/\/routedesartsvaudreuilsoulanges.com\/wp-content\/uploads\/2022\/05\/Veronic_Sevigny_4-1.jpg 1609w\" sizes=\"auto, (max-width: 1024px) 100vw, 1024px\" \/><\/figure>\n\n\n\n<figure class=\"wp-block-image size-large\"><img loading=\"lazy\" decoding=\"async\" width=\"258\" height=\"320\" data-id=\"760\" src=\"https:\/\/routedesartsvaudreuilsoulanges.com\/wp-content\/uploads\/2022\/05\/Veronic_Sevigny_5-1.jpg\" alt=\"\" class=\"wp-image-760\" srcset=\"https:\/\/routedesartsvaudreuilsoulanges.com\/wp-content\/uploads\/2022\/05\/Veronic_Sevigny_5-1.jpg 258w, https:\/\/routedesartsvaudreuilsoulanges.com\/wp-content\/uploads\/2022\/05\/Veronic_Sevigny_5-1-242x300.jpg 242w\" sizes=\"auto, (max-width: 258px) 100vw, 258px\" \/><\/figure>\n<\/figure>\n\n\n\n<div style=\"height:49px\" aria-hidden=\"true\" class=\"wp-block-spacer\"><\/div>\n\n\n\n<p><strong>Biographie<\/strong><\/p>\n\n\n\n<p>J\u2019ai obtenu un DEC en arts plastiques en 1997 Coll\u00e8ge de l\u2019Abitibi-T\u00e9miscamingue \u00e0 Rouyn-Noranda.<br>2014 Premi\u00e8re exposition solo avec TRACE au MRVS de Vaudreuil-Dorion et a la galerie Carte blanche , Montr\u00e9al.<\/p>\n\n\n\n<p>J\u2019ai particip\u00e9 \u00e0 de nombreuses expositions collectives. J\u2019ai produit 6 expositions solos depuis 9 ans.<br>La derni\u00e8re fut en d\u00e9cembre dernier au Cafexo \u00e0 Vaudreuil-Dorion. J\u2019ai \u00e9galement particip\u00e9 au projet lumin\u2019art de la ville de Vaudreuil Dorion d\u00e9cembre 2021 a F\u00e9vrier 2022.<\/p>\n","protected":false},"excerpt":{"rendered":"<p>D\u00e9marche artistique Avant de commencer \u00e0 peindre un tableau, je m\u2019empreins d\u2019un sentiment serein et calme que je cherche ensuite \u00e0 transposer dans mon \u0153uvre. J\u2019ai grandi \u00e0 proximit\u00e9 d\u2019une nature qui demeure une grande source d\u2019inspiration. Les \u00e9l\u00e9ments qui la composent m\u2019inspirent quotidiennement et me guident tout au long de mon processus de cr\u00e9ation. [&hellip;]<\/p>\n","protected":false},"author":1,"featured_media":0,"parent":0,"menu_order":0,"comment_status":"closed","ping_status":"closed","template":"","meta":{"footnotes":""},"class_list":["post-537","page","type-page","status-publish","hentry"],"_links":{"self":[{"href":"https:\/\/routedesartsvaudreuilsoulanges.com\/fr\/wp-json\/wp\/v2\/pages\/537","targetHints":{"allow":["GET"]}}],"collection":[{"href":"https:\/\/routedesartsvaudreuilsoulanges.com\/fr\/wp-json\/wp\/v2\/pages"}],"about":[{"href":"https:\/\/routedesartsvaudreuilsoulanges.com\/fr\/wp-json\/wp\/v2\/types\/page"}],"author":[{"embeddable":true,"href":"https:\/\/routedesartsvaudreuilsoulanges.com\/fr\/wp-json\/wp\/v2\/users\/1"}],"replies":[{"embeddable":true,"href":"https:\/\/routedesartsvaudreuilsoulanges.com\/fr\/wp-json\/wp\/v2\/comments?post=537"}],"version-history":[{"count":4,"href":"https:\/\/routedesartsvaudreuilsoulanges.com\/fr\/wp-json\/wp\/v2\/pages\/537\/revisions"}],"predecessor-version":[{"id":2306,"href":"https:\/\/routedesartsvaudreuilsoulanges.com\/fr\/wp-json\/wp\/v2\/pages\/537\/revisions\/2306"}],"wp:attachment":[{"href":"https:\/\/routedesartsvaudreuilsoulanges.com\/fr\/wp-json\/wp\/v2\/media?parent=537"}],"curies":[{"name":"wp","href":"https:\/\/api.w.org\/{rel}","templated":true}]}}