{"id":541,"date":"2022-05-09T18:09:00","date_gmt":"2022-05-09T23:09:00","guid":{"rendered":"https:\/\/routedesartsvaudreuilsoulanges.com\/?page_id=541"},"modified":"2025-04-22T21:26:59","modified_gmt":"2025-04-23T02:26:59","slug":"nicolas-novac","status":"publish","type":"page","link":"https:\/\/routedesartsvaudreuilsoulanges.com\/fr\/nicolas-novac\/","title":{"rendered":"2022 Nicolas Novac"},"content":{"rendered":"\n<figure class=\"wp-block-image size-full is-resized\"><img loading=\"lazy\" decoding=\"async\" src=\"https:\/\/routedesartsvaudreuilsoulanges.com\/wp-content\/uploads\/2022\/05\/Nicholas-Sorin-Novac-768x512-1.jpg\" alt=\"\" class=\"wp-image-461\" width=\"375\" height=\"250\"\/><figcaption>Nicolae Sorin Novac<\/figcaption><\/figure>\n\n\n\n<div class=\"wp-block-buttons is-layout-flex wp-block-buttons-is-layout-flex\">\n<div class=\"wp-block-button\"><a class=\"wp-block-button__link\" href=\"https:\/\/nicolasnovac.com\" target=\"_blank\" rel=\"noreferrer noopener\">Site web: nicolasnovac.com<\/a><\/div>\n\n\n\n<div class=\"wp-block-button\"><a class=\"wp-block-button__link\" href=\"https:\/\/www.facebook.com\/nicolassorin.novac\" target=\"_blank\" rel=\"noreferrer noopener\">Facebook<\/a><\/div>\n\n\n\n<div class=\"wp-block-button\"><a class=\"wp-block-button__link\" href=\"https:\/\/www.instagram.com\/nicolassorinnovac\/\" target=\"_blank\" rel=\"noreferrer noopener\">Instagram<\/a><\/div>\n<\/div>\n\n\n\n<div style=\"height:40px\" aria-hidden=\"true\" class=\"wp-block-spacer\"><\/div>\n\n\n\n<p><strong>D\u00e9marche<\/strong><\/p>\n\n\n\n<p>Les artistes doivent faire leur travail ind\u00e9pendamment des concepts, des styles ou des th\u00e8mes. On ne doit pas se forcer ou m\u00eame d\u00e9sirer de s\u2019inscrire dans un courant ou dans un mouvement artistique; il n\u2019y a aucune raison d\u2019essayer de plaire ou de satisfaire \u00e0 tout prix.<\/p>\n\n\n\n<p>Je suis b\u00e9ni avec le plus grand des cadeaux : le cadeau de la vie. Oh mon Dieu, \u00e7a prend toute une vie pour comprendre au moins un peu le sens des mots de Luis Armstrong : \u00ab\u00a0Je vois des arbres verts, des roses aussi \/ Je les vois fleurir pour moi et toi \/ Et je me dis \u00e0 moi-m\u00eame\u2026 comme le monde est merveilleux\u2026\u00a0\u00bb<\/p>\n\n\n\n<p>Je suis profond\u00e9ment reconnaissant envers tous.<\/p>\n\n\n\n<p>Envers ma femme, qui est le soutien et l&rsquo;inspiration de ma vie; envers mon fils, qui m&rsquo;apprend chaque jour comment devenir une meilleure personne, envers mes parents et mes grands-parents qui m&rsquo;ont guid\u00e9 et qui continuent de me guider.<\/p>\n\n\n\n<p>Je suis reconnaissant envers tous les gens qui ont crois\u00e9 mon chemin dans cette incroyable aventure qu\u2019est la vie. Je vous remercie de tout c\u0153ur, sinc\u00e8rement. Vous d\u00e9finissez la personne que je suis aujourd\u2019hui.<\/p>\n\n\n\n<p>\u00catre artiste, ce n\u2019est pas facile. C&rsquo;est un peu comme \u00eatre parent. Cela signifie toujours d\u2019\u00e9tirer le temps et les choses, de vivre dans le chaos, de faire des choses myst\u00e9rieuses, impossibles ou effrayantes parfois.<\/p>\n\n\n\n<p>Tout comme les enfants, l&rsquo;art peut rendre fou et peut faire souhaiter que cette folie cesse. Puis, tout d\u2019un coup, quand on s\u2019y attend le moins, on est frapp\u00e9 d\u2019un moment de joie intense, qui n\u2019est caus\u00e9 par nul autre que l\u2019Amour.<\/p>\n\n\n\n<p>Je mets au c\u0153ur de mes \u0153uvres l\u2019hymne que je d\u00e9die \u00e0 l\u2019\u00eatre humain, \u00e0 sa force, son courage, sa faiblesse et surtout \u00e0 son espoir de devenir meilleur. Mes \u0153uvres veulent surprendre l\u2019incontournable mouvement de l\u2019\u00e2me qui malgr\u00e9 toute sa fragilit\u00e9 apparente, guide l\u2019\u00eatre humain dans son \u00e9volution. Ce myst\u00e8re de l\u2019\u00e2me qui nous a toujours fascin\u00e9 et continue \u00e0 nous fasciner encore plus de nos jours.<\/p>\n\n\n\n<p>Mes toiles veulent traduire ces mouvements et aussi la Trinit\u00e9 : le Corps, l\u2019\u00c2me et l\u2019Esprit. Le premier \u00e9l\u00e9ment, le noir, repr\u00e9sente le corps, la vie mat\u00e9rielle, notre lien \u00e0 la terre. Le deuxi\u00e8me \u00e9l\u00e9ment, le gris translucide, notre \u00e2me, fortement li\u00e9e \u00e0 notre corps mais qui sugg\u00e8re sa volatilit\u00e9, son insaisissable mouvement. Le troisi\u00e8me, l\u2019iridescent, repr\u00e9sente l\u2019esprit qui nous gouverne et qui, j\u2019ose le croire, nous connecte avec le divin.<\/p>\n\n\n\n<p>Bien s\u00fbr, ceci n\u2019est qu\u2019une interpr\u00e9tation, encore une des plus banales\u2026 Mais qu\u2019est-ce qu\u2019il y a de plus \u00e9ph\u00e9m\u00e8re que l\u2019\u00eatre humain?<\/p>\n\n\n\n<p>J\u2019esp\u00e8re pouvoir toucher le public, peu importe son \u00e2ge, je souhaite que chacun se retrouve refl\u00e9t\u00e9 dans mes \u0153uvres. Je d\u00e9sire offrir une exp\u00e9rience de vie durant laquelle le spectateur pourrait, pendant un bref moment, revivre une rencontre avec un \u00eatre proche ou mieux encore, vivre une exp\u00e9rience compl\u00e8tement nouvelle face \u00e0 laquelle il serait incapable d\u2019exprimer ses \u00e9motions et qui l\u2019am\u00e8nerait dans une dimension jamais explor\u00e9e auparavant.<\/p>\n\n\n\n<p>Nous sommes continuellement en qu\u00eate de l\u2019ind\u00e9fini et ce n\u2019est pas parce que nous le voulons, ou que nous devons faire cette qu\u00eate; c&rsquo;est plut\u00f4t cette puissante force int\u00e9rieure qui demande \u00e0 notre subconscient de continuer \u00e0 chercher ce \u00ab quelque chose \u00bb \u2026 Ce \u00ab quelque chose \u00bb difficile \u00e0 d\u00e9finir, cette v\u00e9rit\u00e9 ultime pour les uns, ou l\u2019essence de la Vie et de l\u2019\u00c2me pour les autres\u2026 Ou l\u2019insoutenable l\u00e9g\u00e8ret\u00e9 de l\u2019\u00eatre.<\/p>\n\n\n\n<figure class=\"wp-block-gallery has-nested-images columns-default is-cropped wp-block-gallery-1 is-layout-flex wp-block-gallery-is-layout-flex\">\n<figure class=\"wp-block-image size-large\"><img loading=\"lazy\" decoding=\"async\" width=\"375\" height=\"570\" data-id=\"462\" src=\"https:\/\/routedesartsvaudreuilsoulanges.com\/wp-content\/uploads\/2022\/05\/Nicolas_Novac_Soul_gesture-15-copie.jpg\" alt=\"\" class=\"wp-image-462\" srcset=\"https:\/\/routedesartsvaudreuilsoulanges.com\/wp-content\/uploads\/2022\/05\/Nicolas_Novac_Soul_gesture-15-copie.jpg 375w, https:\/\/routedesartsvaudreuilsoulanges.com\/wp-content\/uploads\/2022\/05\/Nicolas_Novac_Soul_gesture-15-copie-197x300.jpg 197w\" sizes=\"auto, (max-width: 375px) 100vw, 375px\" \/><\/figure>\n\n\n\n<figure class=\"wp-block-image size-large\"><img loading=\"lazy\" decoding=\"async\" width=\"417\" height=\"577\" data-id=\"466\" src=\"https:\/\/routedesartsvaudreuilsoulanges.com\/wp-content\/uploads\/2022\/05\/Nicolas_Novac_Soul_gesture-19-copie.jpg\" alt=\"\" class=\"wp-image-466\" srcset=\"https:\/\/routedesartsvaudreuilsoulanges.com\/wp-content\/uploads\/2022\/05\/Nicolas_Novac_Soul_gesture-19-copie.jpg 417w, https:\/\/routedesartsvaudreuilsoulanges.com\/wp-content\/uploads\/2022\/05\/Nicolas_Novac_Soul_gesture-19-copie-217x300.jpg 217w\" sizes=\"auto, (max-width: 417px) 100vw, 417px\" \/><\/figure>\n\n\n\n<figure class=\"wp-block-image size-large\"><img loading=\"lazy\" decoding=\"async\" width=\"380\" height=\"529\" data-id=\"464\" src=\"https:\/\/routedesartsvaudreuilsoulanges.com\/wp-content\/uploads\/2022\/05\/Nicolas_Novac_Soul_gesture-17-copie.jpg\" alt=\"\" class=\"wp-image-464\" srcset=\"https:\/\/routedesartsvaudreuilsoulanges.com\/wp-content\/uploads\/2022\/05\/Nicolas_Novac_Soul_gesture-17-copie.jpg 380w, https:\/\/routedesartsvaudreuilsoulanges.com\/wp-content\/uploads\/2022\/05\/Nicolas_Novac_Soul_gesture-17-copie-216x300.jpg 216w\" sizes=\"auto, (max-width: 380px) 100vw, 380px\" \/><\/figure>\n\n\n\n<figure class=\"wp-block-image size-large\"><img loading=\"lazy\" decoding=\"async\" width=\"437\" height=\"583\" data-id=\"465\" src=\"https:\/\/routedesartsvaudreuilsoulanges.com\/wp-content\/uploads\/2022\/05\/Nicolas_Novac_Soul_gesture-18-copie.jpg\" alt=\"\" class=\"wp-image-465\" srcset=\"https:\/\/routedesartsvaudreuilsoulanges.com\/wp-content\/uploads\/2022\/05\/Nicolas_Novac_Soul_gesture-18-copie.jpg 437w, https:\/\/routedesartsvaudreuilsoulanges.com\/wp-content\/uploads\/2022\/05\/Nicolas_Novac_Soul_gesture-18-copie-225x300.jpg 225w\" sizes=\"auto, (max-width: 437px) 100vw, 437px\" \/><\/figure>\n\n\n\n<figure class=\"wp-block-image size-large\"><img loading=\"lazy\" decoding=\"async\" width=\"466\" height=\"373\" data-id=\"463\" src=\"https:\/\/routedesartsvaudreuilsoulanges.com\/wp-content\/uploads\/2022\/05\/Nicolas_Novac_Soul_gesture-16-copie.jpg\" alt=\"\" class=\"wp-image-463\" srcset=\"https:\/\/routedesartsvaudreuilsoulanges.com\/wp-content\/uploads\/2022\/05\/Nicolas_Novac_Soul_gesture-16-copie.jpg 466w, https:\/\/routedesartsvaudreuilsoulanges.com\/wp-content\/uploads\/2022\/05\/Nicolas_Novac_Soul_gesture-16-copie-300x240.jpg 300w\" sizes=\"auto, (max-width: 466px) 100vw, 466px\" \/><\/figure>\n<\/figure>\n\n\n\n<div style=\"height:53px\" aria-hidden=\"true\" class=\"wp-block-spacer\"><\/div>\n\n\n\n<p><strong>Biographie<\/strong><\/p>\n\n\n\n<p>Nicolas Novac est n\u00e9 en Roumanie. Il passe les vacances de son enfance avec sa grand-m\u00e8re qui l&rsquo;initie au dessin et \u00e0 la peinture. \u00c0 l&rsquo;\u00e9cole, il se fait vite remarquer avec ses dessins au fusain.<\/p>\n\n\n\n<p>Il obtient un baccalaur\u00e9at \u00e0 l&rsquo;Universit\u00e9 des Beaux-Arts Georges-Enesco de Iasi en Roumanie en 1998. Apr\u00e8s avoir d\u00e9m\u00e9nag\u00e9 \u00e0 Montr\u00e9al au d\u00e9but des ann\u00e9es 2000. Il obtient un dipl\u00f4me multim\u00e9dia \u00e0 l&rsquo;Universit\u00e9 de Montr\u00e9al en 2004. En 2010, il d\u00e9cide de s&rsquo;installer dans la r\u00e9gion de Vaudreuil-Soulanges. Depuis, il s&rsquo;est profond\u00e9ment ancr\u00e9 dans la r\u00e9gion en s&rsquo;impliquant dans plusieurs projets artistiques. Il rencontre des gens incroyables qui sont un mod\u00e8le et une inspiration constante pour lui et qui l&rsquo;ont aid\u00e9 \u00e0 grandir en tant qu&rsquo;artiste.<\/p>\n\n\n\n<p>En juillet 2016, Nicolas remporte le coup de c\u0153ur du public \u00e0 l&rsquo;exposition Vacances en Art ayant lieu \u00e0 la biblioth\u00e8que municipale de Pincourt. Cette m\u00eame ann\u00e9e, il remporte en octobre la deuxi\u00e8me place dans un concours avec jury au Centre d&rsquo;art de Montr\u00e9al. En 2017, il remporte l&rsquo;ATIM Master Award et est nomm\u00e9 l&rsquo;un des 60 ma\u00eetres contemporains du moment. En 2019, il est l&rsquo;un des laur\u00e9ats de TRACE \u00e9dition 2019-2020, un programme du Conseil des arts et de la culture de Vaudreuil-Soulanges.<\/p>\n\n\n\n<p>Ses \u0153uvres tentent de mettre l&rsquo;accent sur la r\u00e9alit\u00e9 d&rsquo;un monde qui semble incapable de s&rsquo;arr\u00eater, de faire une pause de quelques instants, ne serait-ce que pour savourer les plaisirs de la vie et profiter de ses splendeurs. \u00ab\u00a0Nous sommes aux prises avec un syst\u00e8me \u00e0 engrenages qui tourne \u00e0 l\u2019obsession\u00a0\u00bb. Nicolas a toujours eu un lien fort avec l&rsquo;art abstrait et son parcours artistique l&rsquo;a amen\u00e9 \u00e0 s&rsquo;exprimer dans ce langage universel. Ses peintures ont le pouvoir de transformer notre perception esth\u00e9tique et nous invite \u00e0 la r\u00e9flexion. Regarder ses ouvres c\u2019est une m\u00e9ditation avec les yeux ouverts.<\/p>\n\n\n\n<p>Il esp\u00e8re toucher le public de tout \u00e2ge et que chacun se retrouve refl\u00e9t\u00e9 dans ses \u0153uvres. Il souhaite offrir une exp\u00e9rience de vie, o\u00f9 le spectateur pourrait revivre, un bref instant, une rencontre avec un \u00eatre cher, ou mieux encore, une exp\u00e9rience compl\u00e8tement nouvelle, o\u00f9 il serait incapable d&rsquo;exprimer ses \u00e9motions et qui l&#8217;emm\u00e8nerait dans une dimension jamais explor\u00e9e auparavant.<\/p>\n\n\n\n<p>Pour r\u00e9aliser ses \u0153uvres, Nicolas utilise la peinture acrylique, l&rsquo;encre de Chine, du fusain, de l&rsquo;a\u00e9rographe, du pl\u00e2tre, de l&rsquo;argile ou des pigments bruts.<\/p>\n","protected":false},"excerpt":{"rendered":"<p>D\u00e9marche Les artistes doivent faire leur travail ind\u00e9pendamment des concepts, des styles ou des th\u00e8mes. On ne doit pas se forcer ou m\u00eame d\u00e9sirer de s\u2019inscrire dans un courant ou dans un mouvement artistique; il n\u2019y a aucune raison d\u2019essayer de plaire ou de satisfaire \u00e0 tout prix. Je suis b\u00e9ni avec le plus grand [&hellip;]<\/p>\n","protected":false},"author":1,"featured_media":0,"parent":0,"menu_order":0,"comment_status":"closed","ping_status":"closed","template":"","meta":{"footnotes":""},"class_list":["post-541","page","type-page","status-publish","hentry"],"_links":{"self":[{"href":"https:\/\/routedesartsvaudreuilsoulanges.com\/fr\/wp-json\/wp\/v2\/pages\/541","targetHints":{"allow":["GET"]}}],"collection":[{"href":"https:\/\/routedesartsvaudreuilsoulanges.com\/fr\/wp-json\/wp\/v2\/pages"}],"about":[{"href":"https:\/\/routedesartsvaudreuilsoulanges.com\/fr\/wp-json\/wp\/v2\/types\/page"}],"author":[{"embeddable":true,"href":"https:\/\/routedesartsvaudreuilsoulanges.com\/fr\/wp-json\/wp\/v2\/users\/1"}],"replies":[{"embeddable":true,"href":"https:\/\/routedesartsvaudreuilsoulanges.com\/fr\/wp-json\/wp\/v2\/comments?post=541"}],"version-history":[{"count":3,"href":"https:\/\/routedesartsvaudreuilsoulanges.com\/fr\/wp-json\/wp\/v2\/pages\/541\/revisions"}],"predecessor-version":[{"id":2296,"href":"https:\/\/routedesartsvaudreuilsoulanges.com\/fr\/wp-json\/wp\/v2\/pages\/541\/revisions\/2296"}],"wp:attachment":[{"href":"https:\/\/routedesartsvaudreuilsoulanges.com\/fr\/wp-json\/wp\/v2\/media?parent=541"}],"curies":[{"name":"wp","href":"https:\/\/api.w.org\/{rel}","templated":true}]}}