{"id":545,"date":"2022-05-09T18:07:56","date_gmt":"2022-05-09T23:07:56","guid":{"rendered":"https:\/\/routedesartsvaudreuilsoulanges.com\/?page_id=545"},"modified":"2025-04-22T21:17:24","modified_gmt":"2025-04-23T02:17:24","slug":"lorraine-bouchard","status":"publish","type":"page","link":"https:\/\/routedesartsvaudreuilsoulanges.com\/fr\/lorraine-bouchard\/","title":{"rendered":"2022 Lorraine Bouchard"},"content":{"rendered":"\n<figure class=\"wp-block-image size-full is-resized\"><img loading=\"lazy\" decoding=\"async\" src=\"https:\/\/routedesartsvaudreuilsoulanges.com\/wp-content\/uploads\/2023\/07\/IMG_2055.jpg\" alt=\"\" class=\"wp-image-1408\" width=\"241\" height=\"311\" srcset=\"https:\/\/routedesartsvaudreuilsoulanges.com\/wp-content\/uploads\/2023\/07\/IMG_2055.jpg 495w, https:\/\/routedesartsvaudreuilsoulanges.com\/wp-content\/uploads\/2023\/07\/IMG_2055-232x300.jpg 232w\" sizes=\"auto, (max-width: 241px) 100vw, 241px\" \/><figcaption class=\"wp-element-caption\">Lorraine Bouchard<\/figcaption><\/figure>\n\n\n\n<div class=\"wp-block-buttons is-layout-flex wp-block-buttons-is-layout-flex\">\n<div class=\"wp-block-button\"><a class=\"wp-block-button__link wp-element-button\" href=\"https:\/\/lorrainebouchard.com\" target=\"_blank\" rel=\"noreferrer noopener\">Site web: lorrainebouchard.com<\/a><\/div>\n<\/div>\n\n\n\n<div style=\"height:62px\" aria-hidden=\"true\" class=\"wp-block-spacer\"><\/div>\n\n\n\n<p><strong>D\u00e9marche<\/strong><\/p>\n\n\n\n<p>\u00ab Au carrefour du feu et de la passion \u00bb<\/p>\n\n\n\n<p>Pour cette grande passionn\u00e9e de la nature et de l\u2019art sous toutes ses formes, c\u2019est \u00e0 l&rsquo;\u00e2ge de 10 ans qu\u2019un premier apprentissage artistique formel s&rsquo;amorce, notamment en dessin, qu\u2019elle poursuit avec rigueur chez les s\u0153urs de Sainte-Anne. Se succ\u00e8dent trois ans de fusain et cinq ans de peinture \u00e0 l&rsquo;huile, ponctu\u00e9s de cours en diff\u00e9rents m\u00e9diums. C&rsquo;est l\u00e0 qu&rsquo;elle d\u00e9couvre l&rsquo;\u00e9mail sur cuivre pour la premi\u00e8re fois.<\/p>\n\n\n\n<p>Dans le souci perp\u00e9tuel de Lorraine Bouchard de s\u2019ouvrir \u00e0 de nouveaux horizons, elle s&rsquo;inscrit, en 1970, aux cours du soir du Mus\u00e9e des Beaux-Arts afin de parfaire sa ma\u00eetrise du mod\u00e8le vivant. Sa recherche artistique se poursuit au fil des ans jusqu\u2019en 2001 o\u00f9 elle reprend des cours en \u00e9mail sur cuivre et\u2026 c\u2019est litt\u00e9ralement le coup de foudre!<\/p>\n\n\n\n<p>L&rsquo;ann\u00e9e 2005 lui ouvre les portes d\u2019une premi\u00e8re galerie d&rsquo;art et l\u2019incite, un an plus tard, \u00e0 quitter son travail pour consacrer tout son temps \u00e0 ses \u0153uvres. En 2007, sa rencontre avec la r\u00e9put\u00e9e \u00e9mailleure ontarienne Fay Rooke est d\u00e9cisive. Celle-ci, au sommet de son art, lui fait d\u00e9couvrir de nouvelles techniques de travail. La m\u00eame ann\u00e9e, l\u2019artiste fait l\u2019acquisition d\u2019un nouveau four pouvant accueillir des \u0153uvres de grands formats<\/p>\n\n\n\n<p>En 2008, un fascinant stage \u00e0 Limoges vient ajouter \u00e0 son bagage de techniques d\u2019\u00e9mail et confirme sa polyvalence. Lorraine Bouchard se met \u00e0 peindre des for\u00eats, des portraits, la vie, la lumi\u00e8re\u2026.<\/p>\n\n\n\n<p>Sur ses plaques de cuivre, Lorraine Bouchard op\u00e8re sa magie en alternant les couches de poudre de verre et les cuissons pour en faire de fascinants paysages \u00e0 l&rsquo;image de son quotidien. C&rsquo;est un art o\u00f9 feu et passion se conjuguent. Point culminant de diff\u00e9rentes expositions, les \u0153uvres de Lorraine Bouchard ont travers\u00e9 l\u2019oc\u00e9an jusqu\u2019au Palais des Festivals de Cannes \u00e0 Limoges et au Carrousel du Louvre de Paris, o\u00f9 elle s\u2019est elle-m\u00eame rendue en d\u00e9l\u00e9gation canadienne, s\u00e9lection de la SNBA, en 2011.<\/p>\n\n\n\n<p>L&rsquo;\u00e9mail sur cuivre est un m\u00e9dium peu connu. Histoire de mettre un peu de feu aux poudres, elle a choisi de l\u2019enseigner. \u00ab Cet art est merveilleux, dit-elle. Il faut le faire progresser, exp\u00e9rimenter, le faire \u00e9voluer. Ce m\u00e9dium permet des profondeurs totalement inaccessibles en peinture. \u00bb<\/p>\n\n\n\n<p>Lorraine Bouchard est une artiste professionnelle reconnue.<\/p>\n\n\n\n<p>(RAAV)\u200bRegroupement des artistes en arts visuels du Qu\u00e9bec<br>(aiap)\u200bl\u2019Association internationale des arts plastiques \u200b\u200b<br>(CMAQ)\u200bConseil des M\u00e9tiers D\u2019art du Qu\u00e9bec<br>(AHA)\u200bArtistes Hudson<\/p>\n\n\n\n<p>M\u00eame si le f\u00e9minin du dictionnaire est \u00a8\u00e9mailleuse\u00a8, au Qu\u00e9bec on aime \u00e9mailleure et esp\u00e9rons<br>qu\u2019avec le temps \u00e7a changera.<\/p>\n\n\n\n<figure class=\"wp-block-gallery has-nested-images columns-default is-cropped wp-block-gallery-1 is-layout-flex wp-block-gallery-is-layout-flex\">\n<figure class=\"wp-block-image size-large\"><img loading=\"lazy\" decoding=\"async\" width=\"640\" height=\"338\" data-id=\"399\" src=\"https:\/\/routedesartsvaudreuilsoulanges.com\/wp-content\/uploads\/2022\/05\/2006-12-31-23.00.00-19W.jpg\" alt=\"\" class=\"wp-image-399\" srcset=\"https:\/\/routedesartsvaudreuilsoulanges.com\/wp-content\/uploads\/2022\/05\/2006-12-31-23.00.00-19W.jpg 640w, https:\/\/routedesartsvaudreuilsoulanges.com\/wp-content\/uploads\/2022\/05\/2006-12-31-23.00.00-19W-300x158.jpg 300w\" sizes=\"auto, (max-width: 640px) 100vw, 640px\" \/><\/figure>\n\n\n\n<figure class=\"wp-block-image size-large\"><img loading=\"lazy\" decoding=\"async\" width=\"640\" height=\"510\" data-id=\"401\" src=\"https:\/\/routedesartsvaudreuilsoulanges.com\/wp-content\/uploads\/2022\/05\/Charme-de-lhiver-001W.jpg\" alt=\"\" class=\"wp-image-401\" srcset=\"https:\/\/routedesartsvaudreuilsoulanges.com\/wp-content\/uploads\/2022\/05\/Charme-de-lhiver-001W.jpg 640w, https:\/\/routedesartsvaudreuilsoulanges.com\/wp-content\/uploads\/2022\/05\/Charme-de-lhiver-001W-300x239.jpg 300w\" sizes=\"auto, (max-width: 640px) 100vw, 640px\" \/><\/figure>\n\n\n\n<figure class=\"wp-block-image size-large\"><img loading=\"lazy\" decoding=\"async\" width=\"640\" height=\"478\" data-id=\"402\" src=\"https:\/\/routedesartsvaudreuilsoulanges.com\/wp-content\/uploads\/2022\/05\/DSCN3698W.jpg\" alt=\"\" class=\"wp-image-402\" srcset=\"https:\/\/routedesartsvaudreuilsoulanges.com\/wp-content\/uploads\/2022\/05\/DSCN3698W.jpg 640w, https:\/\/routedesartsvaudreuilsoulanges.com\/wp-content\/uploads\/2022\/05\/DSCN3698W-300x224.jpg 300w\" sizes=\"auto, (max-width: 640px) 100vw, 640px\" \/><\/figure>\n\n\n\n<figure class=\"wp-block-image size-large\"><img loading=\"lazy\" decoding=\"async\" width=\"1024\" height=\"576\" data-id=\"403\" src=\"https:\/\/routedesartsvaudreuilsoulanges.com\/wp-content\/uploads\/2022\/05\/IMG_0283W.jpg\" alt=\"\" class=\"wp-image-403\" srcset=\"https:\/\/routedesartsvaudreuilsoulanges.com\/wp-content\/uploads\/2022\/05\/IMG_0283W.jpg 1024w, https:\/\/routedesartsvaudreuilsoulanges.com\/wp-content\/uploads\/2022\/05\/IMG_0283W-300x169.jpg 300w, https:\/\/routedesartsvaudreuilsoulanges.com\/wp-content\/uploads\/2022\/05\/IMG_0283W-768x432.jpg 768w\" sizes=\"auto, (max-width: 1024px) 100vw, 1024px\" \/><\/figure>\n\n\n\n<figure class=\"wp-block-image size-large\"><img loading=\"lazy\" decoding=\"async\" width=\"640\" height=\"482\" data-id=\"404\" src=\"https:\/\/routedesartsvaudreuilsoulanges.com\/wp-content\/uploads\/2022\/05\/Ta-tranquiliteW.jpg\" alt=\"\" class=\"wp-image-404\" srcset=\"https:\/\/routedesartsvaudreuilsoulanges.com\/wp-content\/uploads\/2022\/05\/Ta-tranquiliteW.jpg 640w, https:\/\/routedesartsvaudreuilsoulanges.com\/wp-content\/uploads\/2022\/05\/Ta-tranquiliteW-300x226.jpg 300w\" sizes=\"auto, (max-width: 640px) 100vw, 640px\" \/><\/figure>\n<\/figure>\n\n\n\n<div style=\"height:55px\" aria-hidden=\"true\" class=\"wp-block-spacer\"><\/div>\n\n\n\n<p><strong>Biographie<\/strong><\/p>\n\n\n\n<p>Son premier apprentissage artistique formel commence d\u00e8s l&rsquo;\u00e2ge de dix ans : dessin, fusain et cinq ans de peinture \u00e0 l&rsquo;huile.<\/p>\n\n\n\n<p>Par la suite,elle prend un cours au Mus\u00e9e des Beaux-Arts pour parfaire ma ma\u00eetrise du mod\u00e8le vivant. En 2001, c\u2019est le coup de foudre pour l&rsquo;\u00e9mail sur cuivre et la grande aventure qui commence. C&rsquo;est un art o\u00f9 feu et passion se conjuguent. Ce m\u00e9dium permet des profondeurs totalement inaccessibles \u00e0 la peinture.<\/p>\n\n\n\n<p>L&rsquo;ann\u00e9e 2005 lui ouvre les portes de la premi\u00e8re galerie d&rsquo;art et elle d\u00e9cide de se consacrer enti\u00e8rement \u00e0 son art.<br>En 2008 elle part pour Limoges France pour un fascinant stage en techniques anciennes.<\/p>\n\n\n\n<p>Les \u0153uvres de Lorraine Bouchard ont \u00e9t\u00e9 expos\u00e9es \u00e0 Newport RI, USA et ont travers\u00e9 l&rsquo;oc\u00e9an jusqu&rsquo;au Palais des festivals de Cannes , au Carrousel du Louvre de Paris, envoy\u00e9e en d\u00e9l\u00e9gation Canadienne, s\u00e9lection de la SNBA (soci\u00e9t\u00e9 nationale des beaux-arts de Paris) et aussi \u00e0 Limoges. L\u2019artiste a expos\u00e9 en galerie d\u2019art pendant 18 ans.  <\/p>\n\n\n\n<p>Associations professionnelles : aiap, RAAV, CMAQ, AHA<\/p>\n","protected":false},"excerpt":{"rendered":"<p>D\u00e9marche \u00ab Au carrefour du feu et de la passion \u00bb Pour cette grande passionn\u00e9e de la nature et de l\u2019art sous toutes ses formes, c\u2019est \u00e0 l&rsquo;\u00e2ge de 10 ans qu\u2019un premier apprentissage artistique formel s&rsquo;amorce, notamment en dessin, qu\u2019elle poursuit avec rigueur chez les s\u0153urs de Sainte-Anne. Se succ\u00e8dent trois ans de fusain [&hellip;]<\/p>\n","protected":false},"author":1,"featured_media":0,"parent":0,"menu_order":0,"comment_status":"closed","ping_status":"closed","template":"","meta":{"footnotes":""},"class_list":["post-545","page","type-page","status-publish","hentry"],"_links":{"self":[{"href":"https:\/\/routedesartsvaudreuilsoulanges.com\/fr\/wp-json\/wp\/v2\/pages\/545","targetHints":{"allow":["GET"]}}],"collection":[{"href":"https:\/\/routedesartsvaudreuilsoulanges.com\/fr\/wp-json\/wp\/v2\/pages"}],"about":[{"href":"https:\/\/routedesartsvaudreuilsoulanges.com\/fr\/wp-json\/wp\/v2\/types\/page"}],"author":[{"embeddable":true,"href":"https:\/\/routedesartsvaudreuilsoulanges.com\/fr\/wp-json\/wp\/v2\/users\/1"}],"replies":[{"embeddable":true,"href":"https:\/\/routedesartsvaudreuilsoulanges.com\/fr\/wp-json\/wp\/v2\/comments?post=545"}],"version-history":[{"count":8,"href":"https:\/\/routedesartsvaudreuilsoulanges.com\/fr\/wp-json\/wp\/v2\/pages\/545\/revisions"}],"predecessor-version":[{"id":2287,"href":"https:\/\/routedesartsvaudreuilsoulanges.com\/fr\/wp-json\/wp\/v2\/pages\/545\/revisions\/2287"}],"wp:attachment":[{"href":"https:\/\/routedesartsvaudreuilsoulanges.com\/fr\/wp-json\/wp\/v2\/media?parent=545"}],"curies":[{"name":"wp","href":"https:\/\/api.w.org\/{rel}","templated":true}]}}