{"id":547,"date":"2022-05-09T17:47:32","date_gmt":"2022-05-09T22:47:32","guid":{"rendered":"https:\/\/routedesartsvaudreuilsoulanges.com\/?page_id=547"},"modified":"2025-04-22T21:15:21","modified_gmt":"2025-04-23T02:15:21","slug":"ginette-malouin","status":"publish","type":"page","link":"https:\/\/routedesartsvaudreuilsoulanges.com\/fr\/ginette-malouin\/","title":{"rendered":"2022 Ginette Malouin"},"content":{"rendered":"\n<figure class=\"wp-block-image size-full is-resized\"><img loading=\"lazy\" decoding=\"async\" src=\"https:\/\/routedesartsvaudreuilsoulanges.com\/wp-content\/uploads\/2022\/08\/photo-ginette-malouin-mai-2022-stephane-scaled.jpg\" alt=\"\" class=\"wp-image-851\" width=\"298\" height=\"297\" srcset=\"https:\/\/routedesartsvaudreuilsoulanges.com\/wp-content\/uploads\/2022\/08\/photo-ginette-malouin-mai-2022-stephane-scaled.jpg 2557w, https:\/\/routedesartsvaudreuilsoulanges.com\/wp-content\/uploads\/2022\/08\/photo-ginette-malouin-mai-2022-stephane-300x300.jpg 300w\" sizes=\"auto, (max-width: 298px) 100vw, 298px\" \/><figcaption>Ginette malouin<\/figcaption><\/figure>\n\n\n\n<div class=\"wp-block-buttons is-layout-flex wp-block-buttons-is-layout-flex\">\n<div class=\"wp-block-button\"><a class=\"wp-block-button__link\" href=\"https:\/\/ginettemalouin.com\" target=\"_blank\" rel=\"noreferrer noopener\">Site web: ginettemalouin.com<\/a><\/div>\n\n\n\n<div class=\"wp-block-button\"><a class=\"wp-block-button__link\" href=\"https:\/\/www.facebook.com\/GinetteMalouinArtistePeintre\" target=\"_blank\" rel=\"noreferrer noopener\">Facebook<\/a><\/div>\n<\/div>\n\n\n\n<div style=\"height:52px\" aria-hidden=\"true\" class=\"wp-block-spacer\"><\/div>\n\n\n\n<p><strong>Biographie et d\u00e9marche<\/strong><\/p>\n\n\n\n<p>Native de Montr\u00e9al, je demeure depuis plus de 50 ans dans la r\u00e9gion de Vaudreuil-Soulanges o\u00f9 existe une communaut\u00e9 artistique active et dynamique. Je me sens privil\u00e9gi\u00e9e d\u2019en faire partie et de c\u00f4toyer ces cr\u00e9ateurs qui me ressemblent pour certains mais aussi d\u2019autres tr\u00e8s diff\u00e9rents de par leur approche ou leurs techniques. Au-del\u00e0 des diff\u00e9rences, nous vivons souvent les m\u00eames ins\u00e9curit\u00e9s et les m\u00eames passions. Nous nous encourageons mutuellement. Ils me font aussi me questionner, me poussent \u00e0 aller plus loin. Ils contribuent \u00e0 coup s\u00fbr \u00e0 l\u2019\u00e9volution de ma recherche artistique.<\/p>\n\n\n\n<p>Artiste dans l\u2019\u00e2me, je poss\u00e8de un c\u00f4t\u00e9 cart\u00e9sien et structur\u00e9. Quand les deux s\u2019affrontent, survient le chaos\u2026 contr\u00f4l\u00e9 ou pas\u2026. De l\u00e0 souvent cette r\u00e9f\u00e9rence figurative souvent int\u00e9gr\u00e9e \u00e0 l\u2019abstraction de mon \u0153uvre.<\/p>\n\n\n\n<p>Je peins par \u00e9mergence. Cette forme d&rsquo;expression permettant de r\u00e9pondre spontan\u00e9ment au geste cr\u00e9ateur sans sujet de d\u00e9part et sans id\u00e9e pr\u00e9con\u00e7ue. Il s&rsquo;agit tout simplement d&rsquo;\u00eatre l\u00e0, d&rsquo;accepter de sortir de l&rsquo;image qu&rsquo;on se fait de la peinture et du peintre en action, et de devenir disponible \u00e0 la d\u00e9couverte de soi-m\u00eame et de sa cr\u00e9ativit\u00e9.<\/p>\n\n\n\n<p>Tout m\u2019inspire. Tout est beaut\u00e9 si on prend le temps de regarder, de s\u2019arr\u00eater. Je laisse les images, les sons, les \u00e9motions m\u2019impr\u00e9gner et \u00e0 mon insu, c\u2019est sur ma toile qu\u2019ils se retrouvent.<br>Je privil\u00e9gie surtout les techniques mixtes et les m\u00e9diums \u00e0 l\u2019eau. Je travaille sur papier de soie maroufl\u00e9 sur toile, sur Terraskin ou directement sur le canevas ou le bois. J\u2019exp\u00e9rimente aussi les p\u00e2tes de structure. J\u2019ajoute parfois des collages et diverses mati\u00e8res. Derni\u00e8rement, j&rsquo;ai commenc\u00e9 \u00e0 exp\u00e9rimenter la gravure. Vous retrouverez dans mon \u0153uvre, spontan\u00e9it\u00e9, mouvement, transparence et fluidit\u00e9.<\/p>\n\n\n\n<figure class=\"wp-block-gallery has-nested-images columns-default is-cropped wp-block-gallery-1 is-layout-flex wp-block-gallery-is-layout-flex\">\n<figure class=\"wp-block-image size-large\"><img loading=\"lazy\" decoding=\"async\" width=\"651\" height=\"978\" data-id=\"454\" src=\"https:\/\/routedesartsvaudreuilsoulanges.com\/wp-content\/uploads\/2022\/05\/Photo-toile-tour-du-chapeau-ginette-malouin.jpg\" alt=\"\" class=\"wp-image-454\" srcset=\"https:\/\/routedesartsvaudreuilsoulanges.com\/wp-content\/uploads\/2022\/05\/Photo-toile-tour-du-chapeau-ginette-malouin.jpg 651w, https:\/\/routedesartsvaudreuilsoulanges.com\/wp-content\/uploads\/2022\/05\/Photo-toile-tour-du-chapeau-ginette-malouin-200x300.jpg 200w\" sizes=\"auto, (max-width: 651px) 100vw, 651px\" \/><\/figure>\n\n\n\n<figure class=\"wp-block-image size-large\"><img loading=\"lazy\" decoding=\"async\" width=\"973\" height=\"978\" data-id=\"453\" src=\"https:\/\/routedesartsvaudreuilsoulanges.com\/wp-content\/uploads\/2022\/05\/lune-bleue-encre-a-alcool-ginette-malouin.jpg\" alt=\"\" class=\"wp-image-453\" srcset=\"https:\/\/routedesartsvaudreuilsoulanges.com\/wp-content\/uploads\/2022\/05\/lune-bleue-encre-a-alcool-ginette-malouin.jpg 973w, https:\/\/routedesartsvaudreuilsoulanges.com\/wp-content\/uploads\/2022\/05\/lune-bleue-encre-a-alcool-ginette-malouin-298x300.jpg 298w, https:\/\/routedesartsvaudreuilsoulanges.com\/wp-content\/uploads\/2022\/05\/lune-bleue-encre-a-alcool-ginette-malouin-150x150.jpg 150w, https:\/\/routedesartsvaudreuilsoulanges.com\/wp-content\/uploads\/2022\/05\/lune-bleue-encre-a-alcool-ginette-malouin-768x772.jpg 768w\" sizes=\"auto, (max-width: 973px) 100vw, 973px\" \/><\/figure>\n\n\n\n<figure class=\"wp-block-image size-large\"><img loading=\"lazy\" decoding=\"async\" width=\"1017\" height=\"684\" data-id=\"452\" src=\"https:\/\/routedesartsvaudreuilsoulanges.com\/wp-content\/uploads\/2022\/05\/le-vaisseau-fantome-technique-mixte-ginette-malouin.jpg\" alt=\"\" class=\"wp-image-452\" srcset=\"https:\/\/routedesartsvaudreuilsoulanges.com\/wp-content\/uploads\/2022\/05\/le-vaisseau-fantome-technique-mixte-ginette-malouin.jpg 1017w, https:\/\/routedesartsvaudreuilsoulanges.com\/wp-content\/uploads\/2022\/05\/le-vaisseau-fantome-technique-mixte-ginette-malouin-300x202.jpg 300w, https:\/\/routedesartsvaudreuilsoulanges.com\/wp-content\/uploads\/2022\/05\/le-vaisseau-fantome-technique-mixte-ginette-malouin-768x517.jpg 768w\" sizes=\"auto, (max-width: 1017px) 100vw, 1017px\" \/><\/figure>\n\n\n\n<figure class=\"wp-block-image size-large\"><img loading=\"lazy\" decoding=\"async\" width=\"1017\" height=\"765\" data-id=\"451\" src=\"https:\/\/routedesartsvaudreuilsoulanges.com\/wp-content\/uploads\/2022\/05\/Lalbatros-tehniques-mixtes-ginette-malouin.jpg\" alt=\"\" class=\"wp-image-451\" srcset=\"https:\/\/routedesartsvaudreuilsoulanges.com\/wp-content\/uploads\/2022\/05\/Lalbatros-tehniques-mixtes-ginette-malouin.jpg 1017w, https:\/\/routedesartsvaudreuilsoulanges.com\/wp-content\/uploads\/2022\/05\/Lalbatros-tehniques-mixtes-ginette-malouin-300x226.jpg 300w, https:\/\/routedesartsvaudreuilsoulanges.com\/wp-content\/uploads\/2022\/05\/Lalbatros-tehniques-mixtes-ginette-malouin-768x578.jpg 768w\" sizes=\"auto, (max-width: 1017px) 100vw, 1017px\" \/><\/figure>\n\n\n\n<figure class=\"wp-block-image size-large\"><img loading=\"lazy\" decoding=\"async\" width=\"722\" height=\"978\" data-id=\"450\" src=\"https:\/\/routedesartsvaudreuilsoulanges.com\/wp-content\/uploads\/2022\/05\/la-robe.jpg\" alt=\"\" class=\"wp-image-450\" srcset=\"https:\/\/routedesartsvaudreuilsoulanges.com\/wp-content\/uploads\/2022\/05\/la-robe.jpg 722w, https:\/\/routedesartsvaudreuilsoulanges.com\/wp-content\/uploads\/2022\/05\/la-robe-221x300.jpg 221w\" sizes=\"auto, (max-width: 722px) 100vw, 722px\" \/><\/figure>\n<\/figure>\n\n\n\n<div style=\"height:54px\" aria-hidden=\"true\" class=\"wp-block-spacer\"><\/div>\n\n\n\n<p><\/p>\n\n\n\n<p><\/p>\n","protected":false},"excerpt":{"rendered":"<p>Biographie et d\u00e9marche Native de Montr\u00e9al, je demeure depuis plus de 50 ans dans la r\u00e9gion de Vaudreuil-Soulanges o\u00f9 existe une communaut\u00e9 artistique active et dynamique. Je me sens privil\u00e9gi\u00e9e d\u2019en faire partie et de c\u00f4toyer ces cr\u00e9ateurs qui me ressemblent pour certains mais aussi d\u2019autres tr\u00e8s diff\u00e9rents de par leur approche ou leurs techniques. [&hellip;]<\/p>\n","protected":false},"author":1,"featured_media":0,"parent":0,"menu_order":0,"comment_status":"closed","ping_status":"closed","template":"","meta":{"footnotes":""},"class_list":["post-547","page","type-page","status-publish","hentry"],"_links":{"self":[{"href":"https:\/\/routedesartsvaudreuilsoulanges.com\/fr\/wp-json\/wp\/v2\/pages\/547","targetHints":{"allow":["GET"]}}],"collection":[{"href":"https:\/\/routedesartsvaudreuilsoulanges.com\/fr\/wp-json\/wp\/v2\/pages"}],"about":[{"href":"https:\/\/routedesartsvaudreuilsoulanges.com\/fr\/wp-json\/wp\/v2\/types\/page"}],"author":[{"embeddable":true,"href":"https:\/\/routedesartsvaudreuilsoulanges.com\/fr\/wp-json\/wp\/v2\/users\/1"}],"replies":[{"embeddable":true,"href":"https:\/\/routedesartsvaudreuilsoulanges.com\/fr\/wp-json\/wp\/v2\/comments?post=547"}],"version-history":[{"count":6,"href":"https:\/\/routedesartsvaudreuilsoulanges.com\/fr\/wp-json\/wp\/v2\/pages\/547\/revisions"}],"predecessor-version":[{"id":2276,"href":"https:\/\/routedesartsvaudreuilsoulanges.com\/fr\/wp-json\/wp\/v2\/pages\/547\/revisions\/2276"}],"wp:attachment":[{"href":"https:\/\/routedesartsvaudreuilsoulanges.com\/fr\/wp-json\/wp\/v2\/media?parent=547"}],"curies":[{"name":"wp","href":"https:\/\/api.w.org\/{rel}","templated":true}]}}