{"id":556,"date":"2022-05-09T18:14:43","date_gmt":"2022-05-09T23:14:43","guid":{"rendered":"https:\/\/routedesartsvaudreuilsoulanges.com\/?page_id=556"},"modified":"2025-04-22T21:14:18","modified_gmt":"2025-04-23T02:14:18","slug":"denise-desjardins","status":"publish","type":"page","link":"https:\/\/routedesartsvaudreuilsoulanges.com\/fr\/denise-desjardins\/","title":{"rendered":"2022 Denise Desjardins"},"content":{"rendered":"\n<figure class=\"wp-block-image size-full is-resized\"><img loading=\"lazy\" decoding=\"async\" src=\"https:\/\/routedesartsvaudreuilsoulanges.com\/wp-content\/uploads\/2022\/05\/DESJARDINS.jpg\" alt=\"\" class=\"wp-image-414\" width=\"275\" height=\"209\"\/><figcaption>Denise Desjardins<\/figcaption><\/figure>\n\n\n\n<p><strong>D\u00e9marche artistique<\/strong><\/p>\n\n\n\n<p>Passionn\u00e9e par le dessin et la peinture depuis son enfance, elle a perfectionn\u00e9 son art aupr\u00e8s des ma\u00eetres Leslie Shalk, Patrick Landsley et Gentile Tondino. Cette coloriste privil\u00e9gie les champs de fleurs et les jardins intimes mais est aussi reconnue pour ses portraits. Sa facture impressionniste r\u00e9v\u00e8le une recherche vers l&rsquo;essence des choses.<\/p>\n\n\n\n<figure class=\"wp-block-gallery has-nested-images columns-default is-cropped wp-block-gallery-1 is-layout-flex wp-block-gallery-is-layout-flex\">\n<figure class=\"wp-block-image size-large\"><img loading=\"lazy\" decoding=\"async\" width=\"1200\" height=\"1634\" data-id=\"419\" src=\"https:\/\/routedesartsvaudreuilsoulanges.com\/wp-content\/uploads\/2022\/05\/IMG_0764-copie.jpg\" alt=\"\" class=\"wp-image-419\" srcset=\"https:\/\/routedesartsvaudreuilsoulanges.com\/wp-content\/uploads\/2022\/05\/IMG_0764-copie.jpg 1200w, https:\/\/routedesartsvaudreuilsoulanges.com\/wp-content\/uploads\/2022\/05\/IMG_0764-copie-220x300.jpg 220w, https:\/\/routedesartsvaudreuilsoulanges.com\/wp-content\/uploads\/2022\/05\/IMG_0764-copie-752x1024.jpg 752w, https:\/\/routedesartsvaudreuilsoulanges.com\/wp-content\/uploads\/2022\/05\/IMG_0764-copie-768x1046.jpg 768w, https:\/\/routedesartsvaudreuilsoulanges.com\/wp-content\/uploads\/2022\/05\/IMG_0764-copie-1128x1536.jpg 1128w\" sizes=\"auto, (max-width: 1200px) 100vw, 1200px\" \/><\/figure>\n\n\n\n<figure class=\"wp-block-image size-large\"><img loading=\"lazy\" decoding=\"async\" width=\"1200\" height=\"1600\" data-id=\"418\" src=\"https:\/\/routedesartsvaudreuilsoulanges.com\/wp-content\/uploads\/2022\/05\/IMG_0531-copie.jpg\" alt=\"\" class=\"wp-image-418\" srcset=\"https:\/\/routedesartsvaudreuilsoulanges.com\/wp-content\/uploads\/2022\/05\/IMG_0531-copie.jpg 1200w, https:\/\/routedesartsvaudreuilsoulanges.com\/wp-content\/uploads\/2022\/05\/IMG_0531-copie-225x300.jpg 225w, https:\/\/routedesartsvaudreuilsoulanges.com\/wp-content\/uploads\/2022\/05\/IMG_0531-copie-768x1024.jpg 768w, https:\/\/routedesartsvaudreuilsoulanges.com\/wp-content\/uploads\/2022\/05\/IMG_0531-copie-1152x1536.jpg 1152w, https:\/\/routedesartsvaudreuilsoulanges.com\/wp-content\/uploads\/2022\/05\/IMG_0531-copie-480x640.jpg 480w\" sizes=\"auto, (max-width: 1200px) 100vw, 1200px\" \/><\/figure>\n\n\n\n<figure class=\"wp-block-image size-large\"><img loading=\"lazy\" decoding=\"async\" width=\"1200\" height=\"1044\" data-id=\"417\" src=\"https:\/\/routedesartsvaudreuilsoulanges.com\/wp-content\/uploads\/2022\/05\/IMG_0326-copie.jpg\" alt=\"\" class=\"wp-image-417\" srcset=\"https:\/\/routedesartsvaudreuilsoulanges.com\/wp-content\/uploads\/2022\/05\/IMG_0326-copie.jpg 1200w, https:\/\/routedesartsvaudreuilsoulanges.com\/wp-content\/uploads\/2022\/05\/IMG_0326-copie-300x261.jpg 300w, https:\/\/routedesartsvaudreuilsoulanges.com\/wp-content\/uploads\/2022\/05\/IMG_0326-copie-1024x891.jpg 1024w, https:\/\/routedesartsvaudreuilsoulanges.com\/wp-content\/uploads\/2022\/05\/IMG_0326-copie-768x668.jpg 768w\" sizes=\"auto, (max-width: 1200px) 100vw, 1200px\" \/><\/figure>\n\n\n\n<figure class=\"wp-block-image size-large\"><img loading=\"lazy\" decoding=\"async\" width=\"1200\" height=\"868\" data-id=\"416\" src=\"https:\/\/routedesartsvaudreuilsoulanges.com\/wp-content\/uploads\/2022\/05\/IMG_0280-copie.jpg\" alt=\"\" class=\"wp-image-416\" srcset=\"https:\/\/routedesartsvaudreuilsoulanges.com\/wp-content\/uploads\/2022\/05\/IMG_0280-copie.jpg 1200w, https:\/\/routedesartsvaudreuilsoulanges.com\/wp-content\/uploads\/2022\/05\/IMG_0280-copie-300x217.jpg 300w, https:\/\/routedesartsvaudreuilsoulanges.com\/wp-content\/uploads\/2022\/05\/IMG_0280-copie-1024x741.jpg 1024w, https:\/\/routedesartsvaudreuilsoulanges.com\/wp-content\/uploads\/2022\/05\/IMG_0280-copie-768x556.jpg 768w\" sizes=\"auto, (max-width: 1200px) 100vw, 1200px\" \/><\/figure>\n\n\n\n<figure class=\"wp-block-image size-large\"><img loading=\"lazy\" decoding=\"async\" width=\"1669\" height=\"1314\" data-id=\"415\" src=\"https:\/\/routedesartsvaudreuilsoulanges.com\/wp-content\/uploads\/2022\/05\/IMG_0760-copie.jpg\" alt=\"\" class=\"wp-image-415\" srcset=\"https:\/\/routedesartsvaudreuilsoulanges.com\/wp-content\/uploads\/2022\/05\/IMG_0760-copie.jpg 1669w, https:\/\/routedesartsvaudreuilsoulanges.com\/wp-content\/uploads\/2022\/05\/IMG_0760-copie-300x236.jpg 300w, https:\/\/routedesartsvaudreuilsoulanges.com\/wp-content\/uploads\/2022\/05\/IMG_0760-copie-1024x806.jpg 1024w, https:\/\/routedesartsvaudreuilsoulanges.com\/wp-content\/uploads\/2022\/05\/IMG_0760-copie-768x605.jpg 768w, https:\/\/routedesartsvaudreuilsoulanges.com\/wp-content\/uploads\/2022\/05\/IMG_0760-copie-1536x1209.jpg 1536w\" sizes=\"auto, (max-width: 1669px) 100vw, 1669px\" \/><\/figure>\n<\/figure>\n\n\n\n<div style=\"height:59px\" aria-hidden=\"true\" class=\"wp-block-spacer\"><\/div>\n\n\n\n<p><strong>Biographie<\/strong><\/p>\n\n\n\n<p>Artiste qui a \u00e9tudi\u00e9 \u00e0 l&rsquo;\u00c9cole du Mus\u00e9e des Beaux-Arts \u00e0 Montr\u00e9al et qui a perfectionn\u00e9 son art aupr\u00e8s de ma\u00eetres. Elle est en galerie depuis 1976. Au del\u00e0 de 40 ans d&rsquo;exp\u00e9rience.<\/p>\n","protected":false},"excerpt":{"rendered":"<p>D\u00e9marche artistique Passionn\u00e9e par le dessin et la peinture depuis son enfance, elle a perfectionn\u00e9 son art aupr\u00e8s des ma\u00eetres Leslie Shalk, Patrick Landsley et Gentile Tondino. Cette coloriste privil\u00e9gie les champs de fleurs et les jardins intimes mais est aussi reconnue pour ses portraits. Sa facture impressionniste r\u00e9v\u00e8le une recherche vers l&rsquo;essence des choses. [&hellip;]<\/p>\n","protected":false},"author":1,"featured_media":0,"parent":0,"menu_order":0,"comment_status":"closed","ping_status":"closed","template":"","meta":{"footnotes":""},"class_list":["post-556","page","type-page","status-publish","hentry"],"_links":{"self":[{"href":"https:\/\/routedesartsvaudreuilsoulanges.com\/fr\/wp-json\/wp\/v2\/pages\/556","targetHints":{"allow":["GET"]}}],"collection":[{"href":"https:\/\/routedesartsvaudreuilsoulanges.com\/fr\/wp-json\/wp\/v2\/pages"}],"about":[{"href":"https:\/\/routedesartsvaudreuilsoulanges.com\/fr\/wp-json\/wp\/v2\/types\/page"}],"author":[{"embeddable":true,"href":"https:\/\/routedesartsvaudreuilsoulanges.com\/fr\/wp-json\/wp\/v2\/users\/1"}],"replies":[{"embeddable":true,"href":"https:\/\/routedesartsvaudreuilsoulanges.com\/fr\/wp-json\/wp\/v2\/comments?post=556"}],"version-history":[{"count":2,"href":"https:\/\/routedesartsvaudreuilsoulanges.com\/fr\/wp-json\/wp\/v2\/pages\/556\/revisions"}],"predecessor-version":[{"id":2271,"href":"https:\/\/routedesartsvaudreuilsoulanges.com\/fr\/wp-json\/wp\/v2\/pages\/556\/revisions\/2271"}],"wp:attachment":[{"href":"https:\/\/routedesartsvaudreuilsoulanges.com\/fr\/wp-json\/wp\/v2\/media?parent=556"}],"curies":[{"name":"wp","href":"https:\/\/api.w.org\/{rel}","templated":true}]}}