{"id":563,"date":"2022-05-09T18:34:50","date_gmt":"2022-05-09T23:34:50","guid":{"rendered":"https:\/\/routedesartsvaudreuilsoulanges.com\/?page_id=563"},"modified":"2025-04-22T21:28:18","modified_gmt":"2025-04-23T02:28:18","slug":"sonia-isabelle","status":"publish","type":"page","link":"https:\/\/routedesartsvaudreuilsoulanges.com\/fr\/sonia-isabelle\/","title":{"rendered":"2022 Sonia Isabelle"},"content":{"rendered":"\n<figure class=\"wp-block-image size-large is-resized\"><img loading=\"lazy\" decoding=\"async\" src=\"https:\/\/routedesartsvaudreuilsoulanges.com\/wp-content\/uploads\/2022\/05\/SoniaIsabelleMars22-768x1024.jpg\" alt=\"\" class=\"wp-image-442\" width=\"278\" height=\"371\" srcset=\"https:\/\/routedesartsvaudreuilsoulanges.com\/wp-content\/uploads\/2022\/05\/SoniaIsabelleMars22-768x1024.jpg 768w, https:\/\/routedesartsvaudreuilsoulanges.com\/wp-content\/uploads\/2022\/05\/SoniaIsabelleMars22-225x300.jpg 225w, https:\/\/routedesartsvaudreuilsoulanges.com\/wp-content\/uploads\/2022\/05\/SoniaIsabelleMars22-1152x1536.jpg 1152w, https:\/\/routedesartsvaudreuilsoulanges.com\/wp-content\/uploads\/2022\/05\/SoniaIsabelleMars22-480x640.jpg 480w, https:\/\/routedesartsvaudreuilsoulanges.com\/wp-content\/uploads\/2022\/05\/SoniaIsabelleMars22.jpg 1200w\" sizes=\"auto, (max-width: 278px) 100vw, 278px\" \/><figcaption>Sonia Isabelle<\/figcaption><\/figure>\n\n\n\n<div class=\"wp-block-buttons is-layout-flex wp-block-buttons-is-layout-flex\">\n<div class=\"wp-block-button\"><a class=\"wp-block-button__link\" href=\"https:\/\/soniaisabelle.ca\/\" target=\"_blank\" rel=\"noreferrer noopener\">Site web: soniaisabelle.ca<\/a><\/div>\n\n\n\n<div class=\"wp-block-button\"><a class=\"wp-block-button__link\" href=\"https:\/\/www.facebook.com\/soniaisabelleart\" target=\"_blank\" rel=\"noreferrer noopener\">Facebook<\/a><\/div>\n\n\n\n<div class=\"wp-block-button\"><a class=\"wp-block-button__link\" href=\"https:\/\/www.instagram.com\/soniaisabelleart\/\" target=\"_blank\" rel=\"noreferrer noopener\">Instagram<\/a><\/div>\n\n\n\n<div class=\"wp-block-button\"><a class=\"wp-block-button__link\" href=\"https:\/\/www.linkedin.com\/in\/sonia-isabelle-0b554042\/\" target=\"_blank\" rel=\"noreferrer noopener\">Linkedin<\/a><\/div>\n<\/div>\n\n\n\n<div style=\"height:53px\" aria-hidden=\"true\" class=\"wp-block-spacer\"><\/div>\n\n\n\n<p><strong>D\u00e9marche artistique<\/strong><\/p>\n\n\n\n<p>J\u2019\u00e9prouve une fascination pour les gens dans leur vie quotidienne. Par mon travail, je mets en lumi\u00e8re toute la beaut\u00e9 de l\u2019authenticit\u00e9, sans filtres, sans dissimulation.<\/p>\n\n\n\n<p>Mes \u0153uvres t\u00e9moignent du quotidien avec ses instants heureux, mais mettent aussi en lumi\u00e8re les d\u00e9sagr\u00e9ments qui pars\u00e8ment la vie de mes contemporains. Actuellement, c\u2019est la condition f\u00e9minine au Qu\u00e9bec qui m\u2019interpelle particuli\u00e8rement.<\/p>\n\n\n\n<p>Cach\u00e9e derri\u00e8re ma lentille, je capte des sc\u00e8nes qui servent de base \u00e0 mon processus cr\u00e9atif. Je capte mon sujet dans son milieu de vie. Inspir\u00e9e par ces photos prises spontan\u00e9ment, je cherche \u00e0 mettre en lumi\u00e8re des th\u00e9matiques qui traduisent la r\u00e9alit\u00e9 de mon \u00e9poque.<\/p>\n\n\n\n<p>En atelier, j\u2019ex\u00e9cute \u00e0 partir de ces photos, des dessins d\u00e9taill\u00e9s au crayon graphite, m\u00e9dium que je ch\u00e9ris depuis toujours. Peu \u00e0 peu, comme pour nommer les diff\u00e9rentes nuances chez mes sujets, le noir et le blanc se d\u00e9clinent en teintes infinies d\u00e9voilant formes et textures. Ces teintes monochromes mettent le sujet \u00e0 l\u2019avant-plan, tout en \u00e9vitant la distraction qu\u2019aurait possiblement la couleur sur l\u2019ensemble de l\u2019\u0153uvre. Le choix du papier comme support est justifi\u00e9 par mon admiration et grand respect pour ce m\u00e9dium.&nbsp;<\/p>\n\n\n\n<p>Par mon travail empreint d\u2019authenticit\u00e9, je livre un t\u00e9moignage visuel de mon \u00e9poque.<\/p>\n\n\n\n<figure class=\"wp-block-gallery has-nested-images columns-default is-cropped wp-block-gallery-1 is-layout-flex wp-block-gallery-is-layout-flex\">\n<figure class=\"wp-block-image size-large\"><img loading=\"lazy\" decoding=\"async\" width=\"1200\" height=\"1920\" data-id=\"438\" src=\"https:\/\/routedesartsvaudreuilsoulanges.com\/wp-content\/uploads\/2022\/05\/Assez.jpg\" alt=\"\" class=\"wp-image-438\" srcset=\"https:\/\/routedesartsvaudreuilsoulanges.com\/wp-content\/uploads\/2022\/05\/Assez.jpg 1200w, https:\/\/routedesartsvaudreuilsoulanges.com\/wp-content\/uploads\/2022\/05\/Assez-188x300.jpg 188w, https:\/\/routedesartsvaudreuilsoulanges.com\/wp-content\/uploads\/2022\/05\/Assez-640x1024.jpg 640w, https:\/\/routedesartsvaudreuilsoulanges.com\/wp-content\/uploads\/2022\/05\/Assez-768x1229.jpg 768w, https:\/\/routedesartsvaudreuilsoulanges.com\/wp-content\/uploads\/2022\/05\/Assez-960x1536.jpg 960w\" sizes=\"auto, (max-width: 1200px) 100vw, 1200px\" \/><\/figure>\n\n\n\n<figure class=\"wp-block-image size-large\"><img loading=\"lazy\" decoding=\"async\" width=\"1200\" height=\"1796\" data-id=\"441\" src=\"https:\/\/routedesartsvaudreuilsoulanges.com\/wp-content\/uploads\/2022\/05\/Sonia-Isabelle_EnCuirasseDInsolence_Graphite_44x62.jpg\" alt=\"\" class=\"wp-image-441\" srcset=\"https:\/\/routedesartsvaudreuilsoulanges.com\/wp-content\/uploads\/2022\/05\/Sonia-Isabelle_EnCuirasseDInsolence_Graphite_44x62.jpg 1200w, https:\/\/routedesartsvaudreuilsoulanges.com\/wp-content\/uploads\/2022\/05\/Sonia-Isabelle_EnCuirasseDInsolence_Graphite_44x62-200x300.jpg 200w, https:\/\/routedesartsvaudreuilsoulanges.com\/wp-content\/uploads\/2022\/05\/Sonia-Isabelle_EnCuirasseDInsolence_Graphite_44x62-684x1024.jpg 684w, https:\/\/routedesartsvaudreuilsoulanges.com\/wp-content\/uploads\/2022\/05\/Sonia-Isabelle_EnCuirasseDInsolence_Graphite_44x62-768x1149.jpg 768w, https:\/\/routedesartsvaudreuilsoulanges.com\/wp-content\/uploads\/2022\/05\/Sonia-Isabelle_EnCuirasseDInsolence_Graphite_44x62-1026x1536.jpg 1026w\" sizes=\"auto, (max-width: 1200px) 100vw, 1200px\" \/><\/figure>\n\n\n\n<figure class=\"wp-block-image size-large\"><img loading=\"lazy\" decoding=\"async\" width=\"1200\" height=\"762\" data-id=\"440\" src=\"https:\/\/routedesartsvaudreuilsoulanges.com\/wp-content\/uploads\/2022\/05\/Sonia_Isabelle_les_meres_veillent.jpg\" alt=\"\" class=\"wp-image-440\" srcset=\"https:\/\/routedesartsvaudreuilsoulanges.com\/wp-content\/uploads\/2022\/05\/Sonia_Isabelle_les_meres_veillent.jpg 1200w, https:\/\/routedesartsvaudreuilsoulanges.com\/wp-content\/uploads\/2022\/05\/Sonia_Isabelle_les_meres_veillent-300x191.jpg 300w, https:\/\/routedesartsvaudreuilsoulanges.com\/wp-content\/uploads\/2022\/05\/Sonia_Isabelle_les_meres_veillent-1024x650.jpg 1024w, https:\/\/routedesartsvaudreuilsoulanges.com\/wp-content\/uploads\/2022\/05\/Sonia_Isabelle_les_meres_veillent-768x488.jpg 768w\" sizes=\"auto, (max-width: 1200px) 100vw, 1200px\" \/><\/figure>\n\n\n\n<figure class=\"wp-block-image size-large\"><img loading=\"lazy\" decoding=\"async\" width=\"800\" height=\"509\" data-id=\"439\" src=\"https:\/\/routedesartsvaudreuilsoulanges.com\/wp-content\/uploads\/2022\/05\/Repos_de_mainsLR.jpg\" alt=\"\" class=\"wp-image-439\" srcset=\"https:\/\/routedesartsvaudreuilsoulanges.com\/wp-content\/uploads\/2022\/05\/Repos_de_mainsLR.jpg 800w, https:\/\/routedesartsvaudreuilsoulanges.com\/wp-content\/uploads\/2022\/05\/Repos_de_mainsLR-300x191.jpg 300w, https:\/\/routedesartsvaudreuilsoulanges.com\/wp-content\/uploads\/2022\/05\/Repos_de_mainsLR-768x489.jpg 768w\" sizes=\"auto, (max-width: 800px) 100vw, 800px\" \/><\/figure>\n\n\n\n<figure class=\"wp-block-image size-large\"><img loading=\"lazy\" decoding=\"async\" width=\"1200\" height=\"1200\" data-id=\"443\" src=\"https:\/\/routedesartsvaudreuilsoulanges.com\/wp-content\/uploads\/2022\/05\/Vole_vole_love-web.jpg\" alt=\"\" class=\"wp-image-443\" srcset=\"https:\/\/routedesartsvaudreuilsoulanges.com\/wp-content\/uploads\/2022\/05\/Vole_vole_love-web.jpg 1200w, https:\/\/routedesartsvaudreuilsoulanges.com\/wp-content\/uploads\/2022\/05\/Vole_vole_love-web-300x300.jpg 300w, https:\/\/routedesartsvaudreuilsoulanges.com\/wp-content\/uploads\/2022\/05\/Vole_vole_love-web-1024x1024.jpg 1024w, https:\/\/routedesartsvaudreuilsoulanges.com\/wp-content\/uploads\/2022\/05\/Vole_vole_love-web-150x150.jpg 150w, https:\/\/routedesartsvaudreuilsoulanges.com\/wp-content\/uploads\/2022\/05\/Vole_vole_love-web-768x768.jpg 768w\" sizes=\"auto, (max-width: 1200px) 100vw, 1200px\" \/><\/figure>\n<\/figure>\n\n\n\n<div style=\"height:56px\" aria-hidden=\"true\" class=\"wp-block-spacer\"><\/div>\n\n\n\n<p><strong>Biographie<\/strong><\/p>\n\n\n\n<p>R\u00e9sidente de Les C\u00e8dres, Sonia Isabelle est titulaire d\u2019un baccalaur\u00e9at en arts visuels avec majeure en graphisme et illustration de l\u2019universit\u00e9 Concordia et a obtenu en 2021 sa sp\u00e9cialisation en m\u00e9diation culturelle.<\/p>\n\n\n\n<p>Passionn\u00e9e de culture, c\u2019est par les arts visuels qu\u2019elle communique et entre relation avec les autres. Son travail s\u2019articule autour de l\u2019humain dont elle explore tant les facettes physiques que comportementales.<\/p>\n\n\n\n<p>Ses \u0153uvres sont pr\u00e9sent\u00e9es de fa\u00e7on soutenue \u00e0 l\u2019occasion d\u2019expositions individuelles et collectives, notamment dans le cadre de l\u2019Exposition pour membres \u00e9lus de la Soci\u00e9t\u00e9 des artistes canadiens qui a eu lieu r\u00e9cemment \u00e0 Fredericton, N.B., d&rsquo;o\u00f9 elle a remport\u00e9 le prestigieux 1er prix : le Prix cristal Mary Pratt.<\/p>\n\n\n\n<p>On retrouve ses \u0153uvres au sein de diverses collections publique, corporatives et priv\u00e9es.<\/p>\n","protected":false},"excerpt":{"rendered":"<p>D\u00e9marche artistique J\u2019\u00e9prouve une fascination pour les gens dans leur vie quotidienne. Par mon travail, je mets en lumi\u00e8re toute la beaut\u00e9 de l\u2019authenticit\u00e9, sans filtres, sans dissimulation. Mes \u0153uvres t\u00e9moignent du quotidien avec ses instants heureux, mais mettent aussi en lumi\u00e8re les d\u00e9sagr\u00e9ments qui pars\u00e8ment la vie de mes contemporains. Actuellement, c\u2019est la condition [&hellip;]<\/p>\n","protected":false},"author":1,"featured_media":0,"parent":0,"menu_order":0,"comment_status":"closed","ping_status":"closed","template":"","meta":{"footnotes":""},"class_list":["post-563","page","type-page","status-publish","hentry"],"_links":{"self":[{"href":"https:\/\/routedesartsvaudreuilsoulanges.com\/fr\/wp-json\/wp\/v2\/pages\/563","targetHints":{"allow":["GET"]}}],"collection":[{"href":"https:\/\/routedesartsvaudreuilsoulanges.com\/fr\/wp-json\/wp\/v2\/pages"}],"about":[{"href":"https:\/\/routedesartsvaudreuilsoulanges.com\/fr\/wp-json\/wp\/v2\/types\/page"}],"author":[{"embeddable":true,"href":"https:\/\/routedesartsvaudreuilsoulanges.com\/fr\/wp-json\/wp\/v2\/users\/1"}],"replies":[{"embeddable":true,"href":"https:\/\/routedesartsvaudreuilsoulanges.com\/fr\/wp-json\/wp\/v2\/comments?post=563"}],"version-history":[{"count":4,"href":"https:\/\/routedesartsvaudreuilsoulanges.com\/fr\/wp-json\/wp\/v2\/pages\/563\/revisions"}],"predecessor-version":[{"id":2304,"href":"https:\/\/routedesartsvaudreuilsoulanges.com\/fr\/wp-json\/wp\/v2\/pages\/563\/revisions\/2304"}],"wp:attachment":[{"href":"https:\/\/routedesartsvaudreuilsoulanges.com\/fr\/wp-json\/wp\/v2\/media?parent=563"}],"curies":[{"name":"wp","href":"https:\/\/api.w.org\/{rel}","templated":true}]}}