{"id":566,"date":"2022-05-09T18:44:14","date_gmt":"2022-05-09T23:44:14","guid":{"rendered":"https:\/\/routedesartsvaudreuilsoulanges.com\/?page_id=566"},"modified":"2025-04-22T21:27:17","modified_gmt":"2025-04-23T02:27:17","slug":"normand-st-vincent","status":"publish","type":"page","link":"https:\/\/routedesartsvaudreuilsoulanges.com\/fr\/normand-st-vincent\/","title":{"rendered":"2022 Normand St-Vincent"},"content":{"rendered":"\n<figure class=\"wp-block-image size-large is-resized\"><img loading=\"lazy\" decoding=\"async\" src=\"https:\/\/routedesartsvaudreuilsoulanges.com\/wp-content\/uploads\/2022\/05\/IMG_6544-814x1024.jpg\" alt=\"\" class=\"wp-image-640\" width=\"283\" height=\"356\" srcset=\"https:\/\/routedesartsvaudreuilsoulanges.com\/wp-content\/uploads\/2022\/05\/IMG_6544-814x1024.jpg 814w, https:\/\/routedesartsvaudreuilsoulanges.com\/wp-content\/uploads\/2022\/05\/IMG_6544-238x300.jpg 238w, https:\/\/routedesartsvaudreuilsoulanges.com\/wp-content\/uploads\/2022\/05\/IMG_6544-768x967.jpg 768w, https:\/\/routedesartsvaudreuilsoulanges.com\/wp-content\/uploads\/2022\/05\/IMG_6544-1220x1536.jpg 1220w, https:\/\/routedesartsvaudreuilsoulanges.com\/wp-content\/uploads\/2022\/05\/IMG_6544.jpg 1323w\" sizes=\"auto, (max-width: 283px) 100vw, 283px\" \/><figcaption>Normand St-Vincennt<\/figcaption><\/figure>\n\n\n\n<div class=\"wp-block-buttons is-layout-flex wp-block-buttons-is-layout-flex\">\n<div class=\"wp-block-button\"><a class=\"wp-block-button__link\" href=\"https:\/\/www.facebook.com\/profile.php?id=100005513566881\" target=\"_blank\" rel=\"noreferrer noopener\">Facebook<\/a><\/div>\n\n\n\n<div class=\"wp-block-button\"><a class=\"wp-block-button__link\" href=\"https:\/\/www.instagram.com\/artnormandstvincent\" target=\"_blank\" rel=\"noreferrer noopener\">Instagram<\/a><\/div>\n<\/div>\n\n\n\n<div style=\"height:51px\" aria-hidden=\"true\" class=\"wp-block-spacer\"><\/div>\n\n\n\n<p><strong>D\u00e9marche artistique<\/strong><\/p>\n\n\n\n<p>Collectionner des racines, des branches tordues.<br>Intuition. Ne pas conna\u00eetre le r\u00e9sultat final. Avoir confiance que le morceau de bois r\u00e9v\u00e9lera ses secrets. Parcourir lentement les contours. Observer les crevasses, la sinuosit\u00e9, les veines, jusqu\u2019\u00e0 la naissance d\u2019une forme, exigeant un d\u00e9tail, une expression.<br>Fa\u00e7onner, creuser, polir. Courber le bois complice qui s\u2019offre et s\u2019abandonne, int\u00e9grer divers nouveaux mat\u00e9riaux, empreindre l\u2019\u0153uvre de sa passion, d\u2019une partie de son \u00e2me. Permettre au morceau de bois de prendre son espace et sa fiert\u00e9.<\/p>\n\n\n\n<figure class=\"wp-block-gallery has-nested-images columns-default is-cropped wp-block-gallery-1 is-layout-flex wp-block-gallery-is-layout-flex\">\n<figure class=\"wp-block-image size-large\"><img loading=\"lazy\" decoding=\"async\" width=\"1200\" height=\"1200\" data-id=\"513\" src=\"https:\/\/routedesartsvaudreuilsoulanges.com\/wp-content\/uploads\/2022\/05\/IMG_5753.jpg\" alt=\"\" class=\"wp-image-513\" srcset=\"https:\/\/routedesartsvaudreuilsoulanges.com\/wp-content\/uploads\/2022\/05\/IMG_5753.jpg 1200w, https:\/\/routedesartsvaudreuilsoulanges.com\/wp-content\/uploads\/2022\/05\/IMG_5753-300x300.jpg 300w, https:\/\/routedesartsvaudreuilsoulanges.com\/wp-content\/uploads\/2022\/05\/IMG_5753-1024x1024.jpg 1024w, https:\/\/routedesartsvaudreuilsoulanges.com\/wp-content\/uploads\/2022\/05\/IMG_5753-150x150.jpg 150w, https:\/\/routedesartsvaudreuilsoulanges.com\/wp-content\/uploads\/2022\/05\/IMG_5753-768x768.jpg 768w\" sizes=\"auto, (max-width: 1200px) 100vw, 1200px\" \/><\/figure>\n\n\n\n<figure class=\"wp-block-image size-large\"><img loading=\"lazy\" decoding=\"async\" width=\"1200\" height=\"1200\" data-id=\"512\" src=\"https:\/\/routedesartsvaudreuilsoulanges.com\/wp-content\/uploads\/2022\/05\/IMG_5752.jpg\" alt=\"\" class=\"wp-image-512\" srcset=\"https:\/\/routedesartsvaudreuilsoulanges.com\/wp-content\/uploads\/2022\/05\/IMG_5752.jpg 1200w, https:\/\/routedesartsvaudreuilsoulanges.com\/wp-content\/uploads\/2022\/05\/IMG_5752-300x300.jpg 300w, https:\/\/routedesartsvaudreuilsoulanges.com\/wp-content\/uploads\/2022\/05\/IMG_5752-1024x1024.jpg 1024w, https:\/\/routedesartsvaudreuilsoulanges.com\/wp-content\/uploads\/2022\/05\/IMG_5752-150x150.jpg 150w, https:\/\/routedesartsvaudreuilsoulanges.com\/wp-content\/uploads\/2022\/05\/IMG_5752-768x768.jpg 768w\" sizes=\"auto, (max-width: 1200px) 100vw, 1200px\" \/><\/figure>\n\n\n\n<figure class=\"wp-block-image size-large\"><img loading=\"lazy\" decoding=\"async\" width=\"1200\" height=\"1200\" data-id=\"511\" src=\"https:\/\/routedesartsvaudreuilsoulanges.com\/wp-content\/uploads\/2022\/05\/IMG_5669.jpg\" alt=\"\" class=\"wp-image-511\" srcset=\"https:\/\/routedesartsvaudreuilsoulanges.com\/wp-content\/uploads\/2022\/05\/IMG_5669.jpg 1200w, https:\/\/routedesartsvaudreuilsoulanges.com\/wp-content\/uploads\/2022\/05\/IMG_5669-300x300.jpg 300w, https:\/\/routedesartsvaudreuilsoulanges.com\/wp-content\/uploads\/2022\/05\/IMG_5669-1024x1024.jpg 1024w, https:\/\/routedesartsvaudreuilsoulanges.com\/wp-content\/uploads\/2022\/05\/IMG_5669-150x150.jpg 150w, https:\/\/routedesartsvaudreuilsoulanges.com\/wp-content\/uploads\/2022\/05\/IMG_5669-768x768.jpg 768w\" sizes=\"auto, (max-width: 1200px) 100vw, 1200px\" \/><\/figure>\n\n\n\n<figure class=\"wp-block-image size-large\"><img loading=\"lazy\" decoding=\"async\" width=\"1200\" height=\"1200\" data-id=\"510\" src=\"https:\/\/routedesartsvaudreuilsoulanges.com\/wp-content\/uploads\/2022\/05\/IMG_5613.jpg\" alt=\"\" class=\"wp-image-510\" srcset=\"https:\/\/routedesartsvaudreuilsoulanges.com\/wp-content\/uploads\/2022\/05\/IMG_5613.jpg 1200w, https:\/\/routedesartsvaudreuilsoulanges.com\/wp-content\/uploads\/2022\/05\/IMG_5613-300x300.jpg 300w, https:\/\/routedesartsvaudreuilsoulanges.com\/wp-content\/uploads\/2022\/05\/IMG_5613-1024x1024.jpg 1024w, https:\/\/routedesartsvaudreuilsoulanges.com\/wp-content\/uploads\/2022\/05\/IMG_5613-150x150.jpg 150w, https:\/\/routedesartsvaudreuilsoulanges.com\/wp-content\/uploads\/2022\/05\/IMG_5613-768x768.jpg 768w\" sizes=\"auto, (max-width: 1200px) 100vw, 1200px\" \/><\/figure>\n\n\n\n<figure class=\"wp-block-image size-large\"><img loading=\"lazy\" decoding=\"async\" width=\"1200\" height=\"1200\" data-id=\"509\" src=\"https:\/\/routedesartsvaudreuilsoulanges.com\/wp-content\/uploads\/2022\/05\/IMG_5612.jpg\" alt=\"\" class=\"wp-image-509\" srcset=\"https:\/\/routedesartsvaudreuilsoulanges.com\/wp-content\/uploads\/2022\/05\/IMG_5612.jpg 1200w, https:\/\/routedesartsvaudreuilsoulanges.com\/wp-content\/uploads\/2022\/05\/IMG_5612-300x300.jpg 300w, https:\/\/routedesartsvaudreuilsoulanges.com\/wp-content\/uploads\/2022\/05\/IMG_5612-1024x1024.jpg 1024w, https:\/\/routedesartsvaudreuilsoulanges.com\/wp-content\/uploads\/2022\/05\/IMG_5612-150x150.jpg 150w, https:\/\/routedesartsvaudreuilsoulanges.com\/wp-content\/uploads\/2022\/05\/IMG_5612-768x768.jpg 768w\" sizes=\"auto, (max-width: 1200px) 100vw, 1200px\" \/><\/figure>\n<\/figure>\n\n\n\n<div style=\"height:51px\" aria-hidden=\"true\" class=\"wp-block-spacer\"><\/div>\n\n\n\n<p><strong>Biographie<\/strong><\/p>\n\n\n\n<p>N\u00e9 \u00e0 Montr\u00e9al, QC en 1949, et demeurant maintenant \u00e0 Rigaud, QC depuis 2007, Normand St-Vincent est un artiste autodidacte qui a d\u00e9but\u00e9 sa carri\u00e8re artistique en explorant diff\u00e9rents m\u00e9diums tels: la peinture \u00e0 l\u2019huile, l\u2019acrylique, le plomb, le pl\u00e2tre, l\u2019encre de Chine et l\u2019aquarelle. Chacun des m\u00e9diums s\u2019imprime dans une \u00e9tape de vie qui s\u2019estompe pour laisser place au prochain m\u00e9dium. Entre chaque \u00e9tape, il construit sur la derni\u00e8re qu\u2019il mixte avec la nouvelle. Sa curiosit\u00e9 \u00e9volue vers le travail en 3 D en favorisant la sculpture intuitive du bois.<\/p>\n","protected":false},"excerpt":{"rendered":"<p>D\u00e9marche artistique Collectionner des racines, des branches tordues.Intuition. Ne pas conna\u00eetre le r\u00e9sultat final. Avoir confiance que le morceau de bois r\u00e9v\u00e9lera ses secrets. Parcourir lentement les contours. Observer les crevasses, la sinuosit\u00e9, les veines, jusqu\u2019\u00e0 la naissance d\u2019une forme, exigeant un d\u00e9tail, une expression.Fa\u00e7onner, creuser, polir. Courber le bois complice qui s\u2019offre et s\u2019abandonne, [&hellip;]<\/p>\n","protected":false},"author":1,"featured_media":0,"parent":0,"menu_order":0,"comment_status":"closed","ping_status":"closed","template":"","meta":{"footnotes":""},"class_list":["post-566","page","type-page","status-publish","hentry"],"_links":{"self":[{"href":"https:\/\/routedesartsvaudreuilsoulanges.com\/fr\/wp-json\/wp\/v2\/pages\/566","targetHints":{"allow":["GET"]}}],"collection":[{"href":"https:\/\/routedesartsvaudreuilsoulanges.com\/fr\/wp-json\/wp\/v2\/pages"}],"about":[{"href":"https:\/\/routedesartsvaudreuilsoulanges.com\/fr\/wp-json\/wp\/v2\/types\/page"}],"author":[{"embeddable":true,"href":"https:\/\/routedesartsvaudreuilsoulanges.com\/fr\/wp-json\/wp\/v2\/users\/1"}],"replies":[{"embeddable":true,"href":"https:\/\/routedesartsvaudreuilsoulanges.com\/fr\/wp-json\/wp\/v2\/comments?post=566"}],"version-history":[{"count":4,"href":"https:\/\/routedesartsvaudreuilsoulanges.com\/fr\/wp-json\/wp\/v2\/pages\/566\/revisions"}],"predecessor-version":[{"id":2298,"href":"https:\/\/routedesartsvaudreuilsoulanges.com\/fr\/wp-json\/wp\/v2\/pages\/566\/revisions\/2298"}],"wp:attachment":[{"href":"https:\/\/routedesartsvaudreuilsoulanges.com\/fr\/wp-json\/wp\/v2\/media?parent=566"}],"curies":[{"name":"wp","href":"https:\/\/api.w.org\/{rel}","templated":true}]}}