{"id":571,"date":"2022-05-09T18:58:05","date_gmt":"2022-05-09T23:58:05","guid":{"rendered":"https:\/\/routedesartsvaudreuilsoulanges.com\/?page_id=571"},"modified":"2025-04-22T21:13:12","modified_gmt":"2025-04-23T02:13:12","slug":"avrum-miller","status":"publish","type":"page","link":"https:\/\/routedesartsvaudreuilsoulanges.com\/fr\/avrum-miller\/","title":{"rendered":"2022 Avrum Miller"},"content":{"rendered":"\n<figure class=\"wp-block-image size-large is-resized\"><img loading=\"lazy\" decoding=\"async\" src=\"https:\/\/routedesartsvaudreuilsoulanges.com\/wp-content\/uploads\/2022\/05\/Avrum-768x1024.jpg\" alt=\"\" class=\"wp-image-738\" width=\"293\" height=\"391\" srcset=\"https:\/\/routedesartsvaudreuilsoulanges.com\/wp-content\/uploads\/2022\/05\/Avrum-768x1024.jpg 768w, https:\/\/routedesartsvaudreuilsoulanges.com\/wp-content\/uploads\/2022\/05\/Avrum-225x300.jpg 225w, https:\/\/routedesartsvaudreuilsoulanges.com\/wp-content\/uploads\/2022\/05\/Avrum-1152x1536.jpg 1152w, https:\/\/routedesartsvaudreuilsoulanges.com\/wp-content\/uploads\/2022\/05\/Avrum-480x640.jpg 480w, https:\/\/routedesartsvaudreuilsoulanges.com\/wp-content\/uploads\/2022\/05\/Avrum.jpg 1512w\" sizes=\"auto, (max-width: 293px) 100vw, 293px\" \/><figcaption>Avrum Miller<\/figcaption><\/figure>\n\n\n\n<div class=\"wp-block-buttons is-layout-flex wp-block-buttons-is-layout-flex\">\n<div class=\"wp-block-button\"><a class=\"wp-block-button__link\" href=\"https:\/\/amwoodwallart.com\" target=\"_blank\" rel=\"noreferrer noopener\">Site web: amwoodwallart.com<\/a><\/div>\n\n\n\n<div class=\"wp-block-button\"><a class=\"wp-block-button__link\" href=\"https:\/\/www.facebook.com\/profile.php?id=100011426517012&amp;sk=about\" target=\"_blank\" rel=\"noreferrer noopener\">Facebook<\/a><\/div>\n\n\n\n<div class=\"wp-block-button\"><a class=\"wp-block-button__link\" href=\"https:\/\/www.instagram.com\/avrum.miller\/\" target=\"_blank\" rel=\"noreferrer noopener\">Instagram<\/a><\/div>\n<\/div>\n\n\n\n<div style=\"height:52px\" aria-hidden=\"true\" class=\"wp-block-spacer\"><\/div>\n\n\n\n<p><strong>D\u00e9marche artistique<\/strong><\/p>\n\n\n\n<p>Je produis des meubles sur commande ainsi que des mosa\u00efques en bois inspir\u00e9s d\u2019images g\u00e9om\u00e9triques et de sc\u00e8nes vari\u00e9es. Je cr\u00e9e des mosa\u00efques principalement \u00e0 partir de bois exotique que j\u2019obtiens localement \u00e0 la Scierie JMT \u00e0 Saint Lazare.&nbsp;<\/p>\n\n\n\n<p>Je taille mon bois et le coupe en panneau de 1\/8 \u00e0 1\/4 po, ou m\u00eame, plus \u00e9pais selon mes besoins. Je coupe les panneaux en minuscules morceaux de bois et les colle sur du contreplaqu\u00e9 de 3\/4 de pouce. Une fois termin\u00e9, je les encadre.&nbsp;<\/p>\n\n\n\n<p>Avant de commencer chaque projet, je dessine mon concept sur le contreplaqu\u00e9 en prenant en compte l\u2019esp\u00e8ce du bois, son \u00e9paisseur et son orientation. Bien s\u00fbr, j\u2019adapte mon design au fur et \u00e0 mesure que le projet prend forme. Ces tableaux peuvent aussi \u00eatre repr\u00e9sentatifs de professions et de commerces.<\/p>\n\n\n\n<p><strong>Biographie<\/strong><\/p>\n\n\n\n<p>D\u00e8s l\u2019adolescence, je travaille avec le bois et fabrique de petits meubles.&nbsp; J\u2019ai travaill\u00e9 45 ans en tant qu\u2019urbaniste, designer urbain et promoteur immobilier. A la retraite, je suis revenu au plaisir de travailler le bois. Pour le moment, mes ventes se font par commissions.<\/p>\n\n\n\n<p><\/p>\n\n\n\n<figure class=\"wp-block-gallery has-nested-images columns-default is-cropped wp-block-gallery-1 is-layout-flex wp-block-gallery-is-layout-flex\">\n<figure class=\"wp-block-image size-large\"><img loading=\"lazy\" decoding=\"async\" width=\"555\" height=\"1200\" data-id=\"460\" src=\"https:\/\/routedesartsvaudreuilsoulanges.com\/wp-content\/uploads\/2022\/05\/Miller-2022-5.jpeg\" alt=\"\" class=\"wp-image-460\" srcset=\"https:\/\/routedesartsvaudreuilsoulanges.com\/wp-content\/uploads\/2022\/05\/Miller-2022-5.jpeg 555w, https:\/\/routedesartsvaudreuilsoulanges.com\/wp-content\/uploads\/2022\/05\/Miller-2022-5-139x300.jpeg 139w, https:\/\/routedesartsvaudreuilsoulanges.com\/wp-content\/uploads\/2022\/05\/Miller-2022-5-474x1024.jpeg 474w\" sizes=\"auto, (max-width: 555px) 100vw, 555px\" \/><\/figure>\n\n\n\n<figure class=\"wp-block-image size-large\"><img loading=\"lazy\" decoding=\"async\" width=\"587\" height=\"1200\" data-id=\"459\" src=\"https:\/\/routedesartsvaudreuilsoulanges.com\/wp-content\/uploads\/2022\/05\/Miller-2022-4.jpeg\" alt=\"\" class=\"wp-image-459\" srcset=\"https:\/\/routedesartsvaudreuilsoulanges.com\/wp-content\/uploads\/2022\/05\/Miller-2022-4.jpeg 587w, https:\/\/routedesartsvaudreuilsoulanges.com\/wp-content\/uploads\/2022\/05\/Miller-2022-4-147x300.jpeg 147w, https:\/\/routedesartsvaudreuilsoulanges.com\/wp-content\/uploads\/2022\/05\/Miller-2022-4-501x1024.jpeg 501w\" sizes=\"auto, (max-width: 587px) 100vw, 587px\" \/><\/figure>\n\n\n\n<figure class=\"wp-block-image size-large\"><img loading=\"lazy\" decoding=\"async\" width=\"956\" height=\"1200\" data-id=\"458\" src=\"https:\/\/routedesartsvaudreuilsoulanges.com\/wp-content\/uploads\/2022\/05\/Miller-2022-3.jpeg\" alt=\"\" class=\"wp-image-458\" srcset=\"https:\/\/routedesartsvaudreuilsoulanges.com\/wp-content\/uploads\/2022\/05\/Miller-2022-3.jpeg 956w, https:\/\/routedesartsvaudreuilsoulanges.com\/wp-content\/uploads\/2022\/05\/Miller-2022-3-239x300.jpeg 239w, https:\/\/routedesartsvaudreuilsoulanges.com\/wp-content\/uploads\/2022\/05\/Miller-2022-3-816x1024.jpeg 816w, https:\/\/routedesartsvaudreuilsoulanges.com\/wp-content\/uploads\/2022\/05\/Miller-2022-3-768x964.jpeg 768w\" sizes=\"auto, (max-width: 956px) 100vw, 956px\" \/><\/figure>\n\n\n\n<figure class=\"wp-block-image size-large\"><img loading=\"lazy\" decoding=\"async\" width=\"668\" height=\"1200\" data-id=\"457\" src=\"https:\/\/routedesartsvaudreuilsoulanges.com\/wp-content\/uploads\/2022\/05\/Miller-2022-2.jpeg\" alt=\"\" class=\"wp-image-457\" srcset=\"https:\/\/routedesartsvaudreuilsoulanges.com\/wp-content\/uploads\/2022\/05\/Miller-2022-2.jpeg 668w, https:\/\/routedesartsvaudreuilsoulanges.com\/wp-content\/uploads\/2022\/05\/Miller-2022-2-167x300.jpeg 167w, https:\/\/routedesartsvaudreuilsoulanges.com\/wp-content\/uploads\/2022\/05\/Miller-2022-2-570x1024.jpeg 570w\" sizes=\"auto, (max-width: 668px) 100vw, 668px\" \/><\/figure>\n\n\n\n<figure class=\"wp-block-image size-large\"><img loading=\"lazy\" decoding=\"async\" width=\"606\" height=\"1200\" data-id=\"456\" src=\"https:\/\/routedesartsvaudreuilsoulanges.com\/wp-content\/uploads\/2022\/05\/Miller-2022-1.jpeg\" alt=\"\" class=\"wp-image-456\" srcset=\"https:\/\/routedesartsvaudreuilsoulanges.com\/wp-content\/uploads\/2022\/05\/Miller-2022-1.jpeg 606w, https:\/\/routedesartsvaudreuilsoulanges.com\/wp-content\/uploads\/2022\/05\/Miller-2022-1-152x300.jpeg 152w, https:\/\/routedesartsvaudreuilsoulanges.com\/wp-content\/uploads\/2022\/05\/Miller-2022-1-517x1024.jpeg 517w\" sizes=\"auto, (max-width: 606px) 100vw, 606px\" \/><\/figure>\n<\/figure>\n\n\n\n<div style=\"height:55px\" aria-hidden=\"true\" class=\"wp-block-spacer\"><\/div>\n\n\n\n<p><strong>Artistic approach<\/strong><\/p>\n\n\n\n<p>I make custom made furniture but also wood wall art depicting geometric shapes and various scenes. I use exotic wood bought locally at Scierie JMT in Saint-Lazare. I mill the rough lumber and then cut it into panels from 1\/8 to 1\/4 in. thick, or thicker. I then shape the individual pieces and glue them to 3\/4 in. plywood. I frame each piece permanently or temporarily. Before starting, I draw a sketch on the plywood or what I hope to achieve and adapt as the actual wood pieces bring their own story to the production.<\/p>\n\n\n\n<p><strong>Biography<\/strong><\/p>\n\n\n\n<p>Since a teenager, I always worked with wood mostly making small pieces of furniture. I then worked 45 years as a city planner and urban designer\/property developer. I turned to wood upon retirement in 2017. To date, almost all the pieces I have sold are commissions. Most of what I still have, I keep as samples.<\/p>\n","protected":false},"excerpt":{"rendered":"<p>D\u00e9marche artistique Je produis des meubles sur commande ainsi que des mosa\u00efques en bois inspir\u00e9s d\u2019images g\u00e9om\u00e9triques et de sc\u00e8nes vari\u00e9es. Je cr\u00e9e des mosa\u00efques principalement \u00e0 partir de bois exotique que j\u2019obtiens localement \u00e0 la Scierie JMT \u00e0 Saint Lazare.&nbsp; Je taille mon bois et le coupe en panneau de 1\/8 \u00e0 1\/4 po, [&hellip;]<\/p>\n","protected":false},"author":1,"featured_media":0,"parent":0,"menu_order":0,"comment_status":"closed","ping_status":"closed","template":"","meta":{"footnotes":""},"class_list":["post-571","page","type-page","status-publish","hentry"],"_links":{"self":[{"href":"https:\/\/routedesartsvaudreuilsoulanges.com\/fr\/wp-json\/wp\/v2\/pages\/571","targetHints":{"allow":["GET"]}}],"collection":[{"href":"https:\/\/routedesartsvaudreuilsoulanges.com\/fr\/wp-json\/wp\/v2\/pages"}],"about":[{"href":"https:\/\/routedesartsvaudreuilsoulanges.com\/fr\/wp-json\/wp\/v2\/types\/page"}],"author":[{"embeddable":true,"href":"https:\/\/routedesartsvaudreuilsoulanges.com\/fr\/wp-json\/wp\/v2\/users\/1"}],"replies":[{"embeddable":true,"href":"https:\/\/routedesartsvaudreuilsoulanges.com\/fr\/wp-json\/wp\/v2\/comments?post=571"}],"version-history":[{"count":9,"href":"https:\/\/routedesartsvaudreuilsoulanges.com\/fr\/wp-json\/wp\/v2\/pages\/571\/revisions"}],"predecessor-version":[{"id":2265,"href":"https:\/\/routedesartsvaudreuilsoulanges.com\/fr\/wp-json\/wp\/v2\/pages\/571\/revisions\/2265"}],"wp:attachment":[{"href":"https:\/\/routedesartsvaudreuilsoulanges.com\/fr\/wp-json\/wp\/v2\/media?parent=571"}],"curies":[{"name":"wp","href":"https:\/\/api.w.org\/{rel}","templated":true}]}}