{"id":589,"date":"2022-05-09T19:35:03","date_gmt":"2022-05-10T00:35:03","guid":{"rendered":"https:\/\/routedesartsvaudreuilsoulanges.com\/?page_id=589"},"modified":"2025-04-22T21:14:55","modified_gmt":"2025-04-23T02:14:55","slug":"diane-piacente","status":"publish","type":"page","link":"https:\/\/routedesartsvaudreuilsoulanges.com\/fr\/diane-piacente\/","title":{"rendered":"2022 Diane Piacente"},"content":{"rendered":"\n<figure class=\"wp-block-image size-large is-resized\"><img loading=\"lazy\" decoding=\"async\" src=\"https:\/\/routedesartsvaudreuilsoulanges.com\/wp-content\/uploads\/2022\/05\/dsc_6361.me_.for_.manon_.ps_-771x1024.jpg\" alt=\"\" class=\"wp-image-478\" width=\"280\" height=\"372\" srcset=\"https:\/\/routedesartsvaudreuilsoulanges.com\/wp-content\/uploads\/2022\/05\/dsc_6361.me_.for_.manon_.ps_-771x1024.jpg 771w, https:\/\/routedesartsvaudreuilsoulanges.com\/wp-content\/uploads\/2022\/05\/dsc_6361.me_.for_.manon_.ps_-226x300.jpg 226w, https:\/\/routedesartsvaudreuilsoulanges.com\/wp-content\/uploads\/2022\/05\/dsc_6361.me_.for_.manon_.ps_-768x1019.jpg 768w, https:\/\/routedesartsvaudreuilsoulanges.com\/wp-content\/uploads\/2022\/05\/dsc_6361.me_.for_.manon_.ps_-480x640.jpg 480w, https:\/\/routedesartsvaudreuilsoulanges.com\/wp-content\/uploads\/2022\/05\/dsc_6361.me_.for_.manon_.ps_.jpg 904w\" sizes=\"auto, (max-width: 280px) 100vw, 280px\" \/><figcaption>Diane Piacente<\/figcaption><\/figure>\n\n\n\n<div class=\"wp-block-buttons is-layout-flex wp-block-buttons-is-layout-flex\">\n<div class=\"wp-block-button\"><a class=\"wp-block-button__link\" href=\"http:\/\/www.dianepiacentephotography.com\" target=\"_blank\" rel=\"noreferrer noopener\">Site web: dianepiacentephotography.com<\/a><\/div>\n\n\n\n<div class=\"wp-block-button\"><a class=\"wp-block-button__link\" href=\"https:\/\/www.facebook.com\/Diane-Piacente-Photography-314946862282920\" target=\"_blank\" rel=\"noreferrer noopener\">Facebook<\/a><\/div>\n<\/div>\n\n\n\n<div style=\"height:53px\" aria-hidden=\"true\" class=\"wp-block-spacer\"><\/div>\n\n\n\n<p><strong>Mon parcours<\/strong><\/p>\n\n\n\n<p>J\u2019habite le beau petit village d\u2019Hudson situ\u00e9 sur le Lac des Deux Montagnes et j\u2019ai la chance de voir des h\u00e9rons, des aigles, des canards et des oies, des sternes et des balbuzards, des renards, et autres animaux sauvages juste en sortant de ma porte. On me voit souvent me promener dans les rues d\u2019Hudson, cherchant de belles maisons int\u00e9ressantes pour mettre sur mon calendrier annuel.<br>Dire que la photographie est mon obsession, c\u2019est vrai! Quand j\u2019ai la chance, je prend mon appareil photo et je vais dehors.<br>Cette aventure a commenc\u00e9 il y a six ans \u00e0 peu pr\u00eat quand mon mari et moi avons voyager dans les Keys de la Floride. J\u2019\u00e9tais impressionn\u00e9e par les photos de paysages que j\u2019ai vue expos\u00e9es et les couleurs \u00e9tonnantes des Keys.<br>Je suis devenue membre d\u2019un club photo, o\u00f9 j\u2019ai rencontr\u00e9 de nombreux photographes qui ont partag\u00e9 leurs conseils, leurs trucs et leurs endroits favoris pour prendre de belles photos. Aujourd\u2019hui, ce club me demande de juger les photos des participants de leurs concours photos. Quand je suis revenue \u00e0 Hudson, je me suis inscrite au \u201cPhotography Institute\u201d et j\u2019obtiens mon dipl\u00f4me dans un an. J\u2019ai ensuite pris des cours de Photoshop au Coll\u00e8ge Dawson et de nombreux tutoriels. Je dois admettre que je suis beaucoup plus observante de la nature depuis que j\u2019ai commenc\u00e9.<br>Mes photos ont \u00e9t\u00e9 publi\u00e9es dans les journaux locaux, les bulletins de la Ville d\u2019Hudson, dans le Toronto Sun. J\u2019ai expos\u00e9 avec d\u2019autres photographes locaux au Parc 425 \u00e0 Vaudreuil-Dorion, et \u00e0 la Maison F\u00e9lix-Leclerc. J\u2019ai particip\u00e9 \u00e0 la Tourn\u00e9e Des Artistes de Hudson et R\u00e9gions et au Tour des Arts des Cantons-de-<br>l\u2019Est.<br>La cam\u00e9ra que je pr\u00e9f\u00e8re est la Nikon D500 pour capturer surtout les oiseaux, et les animaux en mouvement. La Nikon Z7 sans miroir je la garde pour les photos de paysages. C\u2019est s\u00fbr que j\u2019ai de bons objectifs Nikon.<br>J\u2019esp\u00e8re que vous allez aimer mes photos. Elles sont disponibles en me contactant \u00e0 dpiacente@videotron.ca<\/p>\n\n\n\n<figure class=\"wp-block-gallery has-nested-images columns-default is-cropped wp-block-gallery-1 is-layout-flex wp-block-gallery-is-layout-flex\">\n<figure class=\"wp-block-image size-large\"><img loading=\"lazy\" decoding=\"async\" width=\"1024\" height=\"683\" data-id=\"813\" src=\"https:\/\/routedesartsvaudreuilsoulanges.com\/wp-content\/uploads\/2022\/06\/Untitled-1sunset.pier_.resiz_-1024x683.jpg\" alt=\"\" class=\"wp-image-813\" srcset=\"https:\/\/routedesartsvaudreuilsoulanges.com\/wp-content\/uploads\/2022\/06\/Untitled-1sunset.pier_.resiz_-1024x683.jpg 1024w, https:\/\/routedesartsvaudreuilsoulanges.com\/wp-content\/uploads\/2022\/06\/Untitled-1sunset.pier_.resiz_-300x200.jpg 300w, https:\/\/routedesartsvaudreuilsoulanges.com\/wp-content\/uploads\/2022\/06\/Untitled-1sunset.pier_.resiz_-768x512.jpg 768w, https:\/\/routedesartsvaudreuilsoulanges.com\/wp-content\/uploads\/2022\/06\/Untitled-1sunset.pier_.resiz_.jpg 1500w\" sizes=\"auto, (max-width: 1024px) 100vw, 1024px\" \/><\/figure>\n\n\n\n<figure class=\"wp-block-image size-large\"><img loading=\"lazy\" decoding=\"async\" width=\"1024\" height=\"552\" data-id=\"812\" src=\"https:\/\/routedesartsvaudreuilsoulanges.com\/wp-content\/uploads\/2022\/06\/DSC_8467-2-1.cropped.web_.whitebird.orangebeak-1024x552.jpg\" alt=\"\" class=\"wp-image-812\" srcset=\"https:\/\/routedesartsvaudreuilsoulanges.com\/wp-content\/uploads\/2022\/06\/DSC_8467-2-1.cropped.web_.whitebird.orangebeak-1024x552.jpg 1024w, https:\/\/routedesartsvaudreuilsoulanges.com\/wp-content\/uploads\/2022\/06\/DSC_8467-2-1.cropped.web_.whitebird.orangebeak-300x162.jpg 300w, https:\/\/routedesartsvaudreuilsoulanges.com\/wp-content\/uploads\/2022\/06\/DSC_8467-2-1.cropped.web_.whitebird.orangebeak-768x414.jpg 768w, https:\/\/routedesartsvaudreuilsoulanges.com\/wp-content\/uploads\/2022\/06\/DSC_8467-2-1.cropped.web_.whitebird.orangebeak.jpg 1366w\" sizes=\"auto, (max-width: 1024px) 100vw, 1024px\" \/><\/figure>\n\n\n\n<figure class=\"wp-block-image size-large\"><img loading=\"lazy\" decoding=\"async\" width=\"1024\" height=\"943\" data-id=\"811\" src=\"https:\/\/routedesartsvaudreuilsoulanges.com\/wp-content\/uploads\/2022\/06\/DSC_8348.hum_.pr_-1024x943.jpg\" alt=\"\" class=\"wp-image-811\" srcset=\"https:\/\/routedesartsvaudreuilsoulanges.com\/wp-content\/uploads\/2022\/06\/DSC_8348.hum_.pr_-1024x943.jpg 1024w, https:\/\/routedesartsvaudreuilsoulanges.com\/wp-content\/uploads\/2022\/06\/DSC_8348.hum_.pr_-300x276.jpg 300w, https:\/\/routedesartsvaudreuilsoulanges.com\/wp-content\/uploads\/2022\/06\/DSC_8348.hum_.pr_-768x708.jpg 768w, https:\/\/routedesartsvaudreuilsoulanges.com\/wp-content\/uploads\/2022\/06\/DSC_8348.hum_.pr_.jpg 1500w\" sizes=\"auto, (max-width: 1024px) 100vw, 1024px\" \/><\/figure>\n\n\n\n<figure class=\"wp-block-image size-large\"><img loading=\"lazy\" decoding=\"async\" width=\"1024\" height=\"683\" data-id=\"810\" src=\"https:\/\/routedesartsvaudreuilsoulanges.com\/wp-content\/uploads\/2022\/06\/DSC_5460_5114-.shaking.dog_-1024x683.jpg\" alt=\"\" class=\"wp-image-810\" srcset=\"https:\/\/routedesartsvaudreuilsoulanges.com\/wp-content\/uploads\/2022\/06\/DSC_5460_5114-.shaking.dog_-1024x683.jpg 1024w, https:\/\/routedesartsvaudreuilsoulanges.com\/wp-content\/uploads\/2022\/06\/DSC_5460_5114-.shaking.dog_-300x200.jpg 300w, https:\/\/routedesartsvaudreuilsoulanges.com\/wp-content\/uploads\/2022\/06\/DSC_5460_5114-.shaking.dog_-768x512.jpg 768w, https:\/\/routedesartsvaudreuilsoulanges.com\/wp-content\/uploads\/2022\/06\/DSC_5460_5114-.shaking.dog_.jpg 1500w\" sizes=\"auto, (max-width: 1024px) 100vw, 1024px\" \/><\/figure>\n\n\n\n<figure class=\"wp-block-image size-large\"><img loading=\"lazy\" decoding=\"async\" width=\"1024\" height=\"500\" data-id=\"809\" src=\"https:\/\/routedesartsvaudreuilsoulanges.com\/wp-content\/uploads\/2022\/06\/DSC4607_1051-1.bikini.girl_-1024x500.jpg\" alt=\"\" class=\"wp-image-809\" srcset=\"https:\/\/routedesartsvaudreuilsoulanges.com\/wp-content\/uploads\/2022\/06\/DSC4607_1051-1.bikini.girl_-1024x500.jpg 1024w, https:\/\/routedesartsvaudreuilsoulanges.com\/wp-content\/uploads\/2022\/06\/DSC4607_1051-1.bikini.girl_-300x146.jpg 300w, https:\/\/routedesartsvaudreuilsoulanges.com\/wp-content\/uploads\/2022\/06\/DSC4607_1051-1.bikini.girl_-768x375.jpg 768w, https:\/\/routedesartsvaudreuilsoulanges.com\/wp-content\/uploads\/2022\/06\/DSC4607_1051-1.bikini.girl_.jpg 1366w\" sizes=\"auto, (max-width: 1024px) 100vw, 1024px\" \/><\/figure>\n<\/figure>\n\n\n\n<div style=\"height:52px\" aria-hidden=\"true\" class=\"wp-block-spacer\"><\/div>\n\n\n\n<p><strong>My journey<\/strong><\/p>\n\n\n\n<p>Living in the lovely town of Hudson, I am fortunate to see eagles, terns, herons, ospreys, ducks and geese, foxes and other wildlife right outside my door. You can often see me walking around town, looking for interesting houses to photograph for my yearly calendar Beautiful Hudson Homes. To say that I am obsessed with photography would be an understatement. Whenever I can, I click!<br>This passion of mine started about 6 years ago while my husband and I were vacationing in the Florida Keys. I was awed by the gorgeous photographs I saw at art exhibitions and the amazing colourful landscapes that the Keys offer.<br>While there, I joined a local photo club and met many keen photographers who kindly shared their knowledge, advice and favourite spots to photograph. Today, I occasionally judge contests of club member photos. Once back in Hudson, I purchased my first Nikon and registered with the Photography Institute. I got my diploma about a year later and I have attended Photoshop classes at Dawson<br>College and sat through many many online tutorials. I have to admit that I am definitely more observant of nature since I first picked up a camera.<br>The camera that I prefer is the Nikon D500 DLSR to capture birds in flight and animals in motion. The Nikon Z7 is a mirrorless which I use mainly for landscapes. Of course, I have very good lenses.<br>My photos have been published in local newspapers, the Toronto Sun, the Town of Hudson bulletins and I have participated in outdoor photo exhibitions at Park 425 in Vaudreuil-Dorion, and at Maison F\u00e9lix-Leclerc. I was a participant of the Hudson &amp; Region Studio tour, and I was one of the visual artists on the Tour des Arts of the Eastern Townships.<br>I hope you enjoy my photographs as much as I enjoyed taking them. All photos are available for purchase by contacting me at dpiacente@videotron.ca.<\/p>\n","protected":false},"excerpt":{"rendered":"<p>Mon parcours J\u2019habite le beau petit village d\u2019Hudson situ\u00e9 sur le Lac des Deux Montagnes et j\u2019ai la chance de voir des h\u00e9rons, des aigles, des canards et des oies, des sternes et des balbuzards, des renards, et autres animaux sauvages juste en sortant de ma porte. On me voit souvent me promener dans les [&hellip;]<\/p>\n","protected":false},"author":1,"featured_media":0,"parent":0,"menu_order":0,"comment_status":"closed","ping_status":"closed","template":"","meta":{"footnotes":""},"class_list":["post-589","page","type-page","status-publish","hentry"],"_links":{"self":[{"href":"https:\/\/routedesartsvaudreuilsoulanges.com\/fr\/wp-json\/wp\/v2\/pages\/589","targetHints":{"allow":["GET"]}}],"collection":[{"href":"https:\/\/routedesartsvaudreuilsoulanges.com\/fr\/wp-json\/wp\/v2\/pages"}],"about":[{"href":"https:\/\/routedesartsvaudreuilsoulanges.com\/fr\/wp-json\/wp\/v2\/types\/page"}],"author":[{"embeddable":true,"href":"https:\/\/routedesartsvaudreuilsoulanges.com\/fr\/wp-json\/wp\/v2\/users\/1"}],"replies":[{"embeddable":true,"href":"https:\/\/routedesartsvaudreuilsoulanges.com\/fr\/wp-json\/wp\/v2\/comments?post=589"}],"version-history":[{"count":6,"href":"https:\/\/routedesartsvaudreuilsoulanges.com\/fr\/wp-json\/wp\/v2\/pages\/589\/revisions"}],"predecessor-version":[{"id":2273,"href":"https:\/\/routedesartsvaudreuilsoulanges.com\/fr\/wp-json\/wp\/v2\/pages\/589\/revisions\/2273"}],"wp:attachment":[{"href":"https:\/\/routedesartsvaudreuilsoulanges.com\/fr\/wp-json\/wp\/v2\/media?parent=589"}],"curies":[{"name":"wp","href":"https:\/\/api.w.org\/{rel}","templated":true}]}}