{"id":591,"date":"2022-05-09T20:46:10","date_gmt":"2022-05-10T01:46:10","guid":{"rendered":"https:\/\/routedesartsvaudreuilsoulanges.com\/?page_id=591"},"modified":"2025-04-22T21:11:36","modified_gmt":"2025-04-23T02:11:36","slug":"andre-leroux","status":"publish","type":"page","link":"https:\/\/routedesartsvaudreuilsoulanges.com\/fr\/andre-leroux\/","title":{"rendered":"2022 Andr\u00e9 Leroux"},"content":{"rendered":"\n<figure class=\"wp-block-image size-large is-resized\"><img loading=\"lazy\" decoding=\"async\" src=\"https:\/\/routedesartsvaudreuilsoulanges.com\/wp-content\/uploads\/2022\/02\/andreleroux-923x1024.jpg\" alt=\"\" class=\"wp-image-13\" width=\"282\" height=\"312\" srcset=\"https:\/\/routedesartsvaudreuilsoulanges.com\/wp-content\/uploads\/2022\/02\/andreleroux-923x1024.jpg 923w, https:\/\/routedesartsvaudreuilsoulanges.com\/wp-content\/uploads\/2022\/02\/andreleroux-270x300.jpg 270w, https:\/\/routedesartsvaudreuilsoulanges.com\/wp-content\/uploads\/2022\/02\/andreleroux-768x852.jpg 768w, https:\/\/routedesartsvaudreuilsoulanges.com\/wp-content\/uploads\/2022\/02\/andreleroux.jpg 1098w\" sizes=\"auto, (max-width: 282px) 100vw, 282px\" \/><figcaption>Andr\u00e9 Leroux<\/figcaption><\/figure>\n\n\n\n<div class=\"wp-block-buttons is-layout-flex wp-block-buttons-is-layout-flex\">\n<div class=\"wp-block-button\"><a class=\"wp-block-button__link\" href=\"http:\/\/www.etlaterre.com\/\" target=\"_blank\" rel=\"noreferrer noopener\">Site web: etlaterre.com<\/a><\/div>\n\n\n\n<div class=\"wp-block-button\"><a class=\"wp-block-button__link\" href=\"https:\/\/www.facebook.com\/andrelerouxpotier\/\" target=\"_blank\" rel=\"noreferrer noopener\">Facebook<\/a><\/div>\n\n\n\n<div class=\"wp-block-button\"><a class=\"wp-block-button__link\" href=\"https:\/\/www.instagram.com\/etlaterre\/\" target=\"_blank\" rel=\"noreferrer noopener\">Instagram<\/a><\/div>\n<\/div>\n\n\n\n<div style=\"height:53px\" aria-hidden=\"true\" class=\"wp-block-spacer\"><\/div>\n\n\n\n<p><strong>D\u00e9marche artistique<\/strong><\/p>\n\n\n\n<p>Potier depuis 1972, passionn\u00e9 et heureux de vous faire d\u00e9couvrir mon atelier, mon univers.<\/p>\n\n\n\n<figure class=\"wp-block-gallery has-nested-images columns-default is-cropped wp-block-gallery-1 is-layout-flex wp-block-gallery-is-layout-flex\">\n<figure class=\"wp-block-image size-large\"><img loading=\"lazy\" decoding=\"async\" width=\"546\" height=\"543\" data-id=\"592\" src=\"https:\/\/routedesartsvaudreuilsoulanges.com\/wp-content\/uploads\/2022\/05\/1-3.jpg\" alt=\"\" class=\"wp-image-592\" srcset=\"https:\/\/routedesartsvaudreuilsoulanges.com\/wp-content\/uploads\/2022\/05\/1-3.jpg 546w, https:\/\/routedesartsvaudreuilsoulanges.com\/wp-content\/uploads\/2022\/05\/1-3-300x298.jpg 300w, https:\/\/routedesartsvaudreuilsoulanges.com\/wp-content\/uploads\/2022\/05\/1-3-150x150.jpg 150w\" sizes=\"auto, (max-width: 546px) 100vw, 546px\" \/><\/figure>\n\n\n\n<figure class=\"wp-block-image size-large\"><img loading=\"lazy\" decoding=\"async\" width=\"1536\" height=\"2048\" data-id=\"593\" src=\"https:\/\/routedesartsvaudreuilsoulanges.com\/wp-content\/uploads\/2022\/05\/2-3.jpg\" alt=\"\" class=\"wp-image-593\" srcset=\"https:\/\/routedesartsvaudreuilsoulanges.com\/wp-content\/uploads\/2022\/05\/2-3.jpg 1536w, https:\/\/routedesartsvaudreuilsoulanges.com\/wp-content\/uploads\/2022\/05\/2-3-225x300.jpg 225w, https:\/\/routedesartsvaudreuilsoulanges.com\/wp-content\/uploads\/2022\/05\/2-3-768x1024.jpg 768w, https:\/\/routedesartsvaudreuilsoulanges.com\/wp-content\/uploads\/2022\/05\/2-3-1152x1536.jpg 1152w, https:\/\/routedesartsvaudreuilsoulanges.com\/wp-content\/uploads\/2022\/05\/2-3-480x640.jpg 480w\" sizes=\"auto, (max-width: 1536px) 100vw, 1536px\" \/><\/figure>\n\n\n\n<figure class=\"wp-block-image size-large\"><img loading=\"lazy\" decoding=\"async\" width=\"1293\" height=\"968\" data-id=\"594\" src=\"https:\/\/routedesartsvaudreuilsoulanges.com\/wp-content\/uploads\/2022\/05\/3-3.jpg\" alt=\"\" class=\"wp-image-594\" srcset=\"https:\/\/routedesartsvaudreuilsoulanges.com\/wp-content\/uploads\/2022\/05\/3-3.jpg 1293w, https:\/\/routedesartsvaudreuilsoulanges.com\/wp-content\/uploads\/2022\/05\/3-3-300x225.jpg 300w, https:\/\/routedesartsvaudreuilsoulanges.com\/wp-content\/uploads\/2022\/05\/3-3-1024x767.jpg 1024w, https:\/\/routedesartsvaudreuilsoulanges.com\/wp-content\/uploads\/2022\/05\/3-3-768x575.jpg 768w\" sizes=\"auto, (max-width: 1293px) 100vw, 1293px\" \/><\/figure>\n\n\n\n<figure class=\"wp-block-image size-large\"><img loading=\"lazy\" decoding=\"async\" width=\"960\" height=\"720\" data-id=\"595\" src=\"https:\/\/routedesartsvaudreuilsoulanges.com\/wp-content\/uploads\/2022\/05\/4-2.jpg\" alt=\"\" class=\"wp-image-595\" srcset=\"https:\/\/routedesartsvaudreuilsoulanges.com\/wp-content\/uploads\/2022\/05\/4-2.jpg 960w, https:\/\/routedesartsvaudreuilsoulanges.com\/wp-content\/uploads\/2022\/05\/4-2-300x225.jpg 300w, https:\/\/routedesartsvaudreuilsoulanges.com\/wp-content\/uploads\/2022\/05\/4-2-768x576.jpg 768w\" sizes=\"auto, (max-width: 960px) 100vw, 960px\" \/><\/figure>\n\n\n\n<figure class=\"wp-block-image size-large\"><img loading=\"lazy\" decoding=\"async\" width=\"1536\" height=\"2048\" data-id=\"596\" src=\"https:\/\/routedesartsvaudreuilsoulanges.com\/wp-content\/uploads\/2022\/05\/5-2.jpg\" alt=\"\" class=\"wp-image-596\" srcset=\"https:\/\/routedesartsvaudreuilsoulanges.com\/wp-content\/uploads\/2022\/05\/5-2.jpg 1536w, https:\/\/routedesartsvaudreuilsoulanges.com\/wp-content\/uploads\/2022\/05\/5-2-225x300.jpg 225w, https:\/\/routedesartsvaudreuilsoulanges.com\/wp-content\/uploads\/2022\/05\/5-2-768x1024.jpg 768w, https:\/\/routedesartsvaudreuilsoulanges.com\/wp-content\/uploads\/2022\/05\/5-2-1152x1536.jpg 1152w, https:\/\/routedesartsvaudreuilsoulanges.com\/wp-content\/uploads\/2022\/05\/5-2-480x640.jpg 480w\" sizes=\"auto, (max-width: 1536px) 100vw, 1536px\" \/><\/figure>\n<\/figure>\n\n\n\n<div style=\"height:54px\" aria-hidden=\"true\" class=\"wp-block-spacer\"><\/div>\n\n\n\n<p><strong>Biographie<\/strong><\/p>\n\n\n\n<p>Ma grande aventure avec la terre a commenc\u00e9 en 1972 avec Guy Drouin au Centre de Poterie Bonsecours (Montr\u00e9al). Une passion y est n\u00e9e.&nbsp;<\/p>\n\n\n\n<p>Par la suite, il y a eu des ann\u00e9es d&rsquo;apprentissage en atelier chez Maurice Gauthier, Yves Forest et Marthe Gilbert.&nbsp;<\/p>\n\n\n\n<p>Ensuite est venu l&rsquo;atelier communautaire \u00ab\u00a0Les potiers de Boucherville\u00a0\u00bb avec Guy Poirat, Kinya Ishikawa, Jean-Fran\u00e7ois Saint-Pierre. Beaucoup d&rsquo;\u00e9changes, beaucoup de rencontres avec des potiers d&rsquo;ici et d&rsquo;ailleurs. Toujours apprendre, toujours exp\u00e9rimenter, toujours chercher \u00e0 comprendre la terre.&nbsp;<\/p>\n\n\n\n<p>Comprendre aussi les gla\u00e7ures, les engobes, les modes de cuisson: \u00e9lectrique, au gaz, au bois et plus r\u00e9cemment la cuisson primitive et le raku.<\/p>\n","protected":false},"excerpt":{"rendered":"<p>D\u00e9marche artistique Potier depuis 1972, passionn\u00e9 et heureux de vous faire d\u00e9couvrir mon atelier, mon univers. Biographie Ma grande aventure avec la terre a commenc\u00e9 en 1972 avec Guy Drouin au Centre de Poterie Bonsecours (Montr\u00e9al). Une passion y est n\u00e9e.&nbsp; Par la suite, il y a eu des ann\u00e9es d&rsquo;apprentissage en atelier chez Maurice [&hellip;]<\/p>\n","protected":false},"author":1,"featured_media":0,"parent":0,"menu_order":0,"comment_status":"closed","ping_status":"closed","template":"","meta":{"footnotes":""},"class_list":["post-591","page","type-page","status-publish","hentry"],"_links":{"self":[{"href":"https:\/\/routedesartsvaudreuilsoulanges.com\/fr\/wp-json\/wp\/v2\/pages\/591","targetHints":{"allow":["GET"]}}],"collection":[{"href":"https:\/\/routedesartsvaudreuilsoulanges.com\/fr\/wp-json\/wp\/v2\/pages"}],"about":[{"href":"https:\/\/routedesartsvaudreuilsoulanges.com\/fr\/wp-json\/wp\/v2\/types\/page"}],"author":[{"embeddable":true,"href":"https:\/\/routedesartsvaudreuilsoulanges.com\/fr\/wp-json\/wp\/v2\/users\/1"}],"replies":[{"embeddable":true,"href":"https:\/\/routedesartsvaudreuilsoulanges.com\/fr\/wp-json\/wp\/v2\/comments?post=591"}],"version-history":[{"count":3,"href":"https:\/\/routedesartsvaudreuilsoulanges.com\/fr\/wp-json\/wp\/v2\/pages\/591\/revisions"}],"predecessor-version":[{"id":2259,"href":"https:\/\/routedesartsvaudreuilsoulanges.com\/fr\/wp-json\/wp\/v2\/pages\/591\/revisions\/2259"}],"wp:attachment":[{"href":"https:\/\/routedesartsvaudreuilsoulanges.com\/fr\/wp-json\/wp\/v2\/media?parent=591"}],"curies":[{"name":"wp","href":"https:\/\/api.w.org\/{rel}","templated":true}]}}