{"id":947,"date":"2023-05-25T20:01:01","date_gmt":"2023-05-26T01:01:01","guid":{"rendered":"https:\/\/routedesartsvaudreuilsoulanges.com\/?page_id=947"},"modified":"2025-04-22T21:27:56","modified_gmt":"2025-04-23T02:27:56","slug":"sebastien-borduas-23","status":"publish","type":"page","link":"https:\/\/routedesartsvaudreuilsoulanges.com\/fr\/sebastien-borduas-23\/","title":{"rendered":"2023 S\u00c9BASTIEN BORDUAS"},"content":{"rendered":"\n<figure class=\"wp-block-image size-large is-resized\"><img loading=\"lazy\" decoding=\"async\" src=\"https:\/\/routedesartsvaudreuilsoulanges.com\/wp-content\/uploads\/2022\/05\/sebastienB-802x1024.jpg\" alt=\"\" class=\"wp-image-490\" width=\"201\" height=\"256\" srcset=\"https:\/\/routedesartsvaudreuilsoulanges.com\/wp-content\/uploads\/2022\/05\/sebastienB-802x1024.jpg 802w, https:\/\/routedesartsvaudreuilsoulanges.com\/wp-content\/uploads\/2022\/05\/sebastienB-235x300.jpg 235w, https:\/\/routedesartsvaudreuilsoulanges.com\/wp-content\/uploads\/2022\/05\/sebastienB-768x981.jpg 768w, https:\/\/routedesartsvaudreuilsoulanges.com\/wp-content\/uploads\/2022\/05\/sebastienB.jpg 1002w\" sizes=\"auto, (max-width: 201px) 100vw, 201px\" \/><figcaption class=\"wp-element-caption\">S\u00e9bastien Borduas<\/figcaption><\/figure>\n\n\n\n<div style=\"height:43px\" aria-hidden=\"true\" class=\"wp-block-spacer\"><\/div>\n\n\n\n<div class=\"wp-block-buttons is-layout-flex wp-block-buttons-is-layout-flex\">\n<div class=\"wp-block-button\"><a class=\"wp-block-button__link has-white-color has-vivid-purple-background-color has-text-color has-background wp-element-button\" href=\"http:\/\/www.sebastienborduas.com\" target=\"_blank\" rel=\"noreferrer noopener\">Site web<\/a><\/div>\n<\/div>\n\n\n\n<div style=\"height:43px\" aria-hidden=\"true\" class=\"wp-block-spacer\"><\/div>\n\n\n\n<p>Aliment\u00e9 par un esprit de recherche, S\u00e9bastien Borduas est depuis toujours guid\u00e9 par son insatiable besoin de cr\u00e9er, de comprendre et d\u2019inventer. Cela l\u2019a amen\u00e9 \u00e0 explorer plusieurs champs artistiques qui nourrissent ainsi sa soif de cr\u00e9ativit\u00e9 toujours grandissante. \u00c0 travers ses formations en arts visuels, en musique et en \u00e9b\u00e9nisterie, il a acquis un bagage consid\u00e9rable de connaissances qui ne fait que bonifier la richesse de ses cr\u00e9ations.<br><br>Fortement influenc\u00e9 par le courant des automatistes, son aspiration \u00e0 cr\u00e9er des \u0153uvres libres et honn\u00eates le pousse, tr\u00e8s t\u00f4t, \u00e0 parfaire sa m\u00e9thode de travail qui saura r\u00e9pondre \u00e0 cette conviction. Tel un \u2018\u2019modus operandi\u2019\u2019, cette m\u00e9thode qui s\u2019apparente \u00e0 un rituel, lui permet un contact direct avec la mati\u00e8re. Toucher, t\u00e2ter, sentir, manipuler agissent chez lui comme un troisi\u00e8me \u0153il.<br><br>D\u2019un geste libre et assum\u00e9, la toile se rempli de traits, de courbes, de taches et parfois m\u00eame de collages, al\u00e9atoirement dispos\u00e9s, de mani\u00e8re \u00e0 figer l\u2019inspiration du moment. Travaillant surtout \u00e0 l\u2019acrylique pour sa rapidit\u00e9 de s\u00e9chage, ce m\u00e9dium est tout d\u00e9sign\u00e9 \u00e0 l\u2019ex\u00e9cution spontan\u00e9e de ses tableaux. Son rapport tactile avec la mati\u00e8re trace litt\u00e9ralement les pr\u00e9misses de l\u2019\u0153uvre encore \u00e0 venir. Ainsi, les sujets surgissent, tant\u00f4t reconnaissable, tant\u00f4t moins, jamais cependant ils ne proviennent du n\u00e9ant, toujours signifiants d\u2019un \u00e9tat, d\u2019une id\u00e9e, d\u2019une r\u00e9flexion\u2026<br><br>Interpell\u00e9 par le comportement humain, sa d\u00e9marche l\u2019am\u00e8ne \u00e0 explorer diff\u00e9rents aspects caract\u00e9risant l\u2019Homme dans sa relation avec le monde physique et psychique. Ses tableaux et ses cr\u00e9ations se veulent une all\u00e9gorie de cette coexistence entre ces deux mondes dans lesquelles l\u2019\u00eatre humain \u00e9volue et se d\u00e9veloppe.<br><br>De bois, de toile, de r\u00e9sine, ses r\u00e9alisations peuvent prendre forme \u00e0 partir de diff\u00e9rents mat\u00e9riaux ou proc\u00e9d\u00e9s, elles sont toujours cr\u00e9\u00e9es avec authenticit\u00e9, cette derni\u00e8re \u00e9tant pour lui un gage indispensable \u00e0 la r\u00e9ussite d\u2019une \u0153uvre.<br><\/p>\n\n\n\n<div style=\"height:43px\" aria-hidden=\"true\" class=\"wp-block-spacer\"><\/div>\n\n\n\n<figure class=\"wp-block-gallery has-nested-images columns-default is-cropped wp-block-gallery-1 is-layout-flex wp-block-gallery-is-layout-flex\">\n<figure class=\"wp-block-image size-large\"><img loading=\"lazy\" decoding=\"async\" width=\"1024\" height=\"777\" data-id=\"1140\" src=\"https:\/\/routedesartsvaudreuilsoulanges.com\/wp-content\/uploads\/2023\/05\/1.-Sebastien-Borduas-Art_Une-lettre-a-la-poste--1024x777.jpg\" alt=\"\" class=\"wp-image-1140\" srcset=\"https:\/\/routedesartsvaudreuilsoulanges.com\/wp-content\/uploads\/2023\/05\/1.-Sebastien-Borduas-Art_Une-lettre-a-la-poste--1024x777.jpg 1024w, https:\/\/routedesartsvaudreuilsoulanges.com\/wp-content\/uploads\/2023\/05\/1.-Sebastien-Borduas-Art_Une-lettre-a-la-poste--300x228.jpg 300w, https:\/\/routedesartsvaudreuilsoulanges.com\/wp-content\/uploads\/2023\/05\/1.-Sebastien-Borduas-Art_Une-lettre-a-la-poste--768x583.jpg 768w, https:\/\/routedesartsvaudreuilsoulanges.com\/wp-content\/uploads\/2023\/05\/1.-Sebastien-Borduas-Art_Une-lettre-a-la-poste--1536x1165.jpg 1536w, https:\/\/routedesartsvaudreuilsoulanges.com\/wp-content\/uploads\/2023\/05\/1.-Sebastien-Borduas-Art_Une-lettre-a-la-poste-.jpg 1806w\" sizes=\"auto, (max-width: 1024px) 100vw, 1024px\" \/><\/figure>\n\n\n\n<figure class=\"wp-block-image size-large\"><img loading=\"lazy\" decoding=\"async\" width=\"774\" height=\"1024\" data-id=\"1141\" src=\"https:\/\/routedesartsvaudreuilsoulanges.com\/wp-content\/uploads\/2023\/05\/2.-Sebastien-Borduas-Art_Architecture-01-774x1024.jpg\" alt=\"\" class=\"wp-image-1141\" srcset=\"https:\/\/routedesartsvaudreuilsoulanges.com\/wp-content\/uploads\/2023\/05\/2.-Sebastien-Borduas-Art_Architecture-01-774x1024.jpg 774w, https:\/\/routedesartsvaudreuilsoulanges.com\/wp-content\/uploads\/2023\/05\/2.-Sebastien-Borduas-Art_Architecture-01-227x300.jpg 227w, https:\/\/routedesartsvaudreuilsoulanges.com\/wp-content\/uploads\/2023\/05\/2.-Sebastien-Borduas-Art_Architecture-01-768x1016.jpg 768w, https:\/\/routedesartsvaudreuilsoulanges.com\/wp-content\/uploads\/2023\/05\/2.-Sebastien-Borduas-Art_Architecture-01-1162x1536.jpg 1162w, https:\/\/routedesartsvaudreuilsoulanges.com\/wp-content\/uploads\/2023\/05\/2.-Sebastien-Borduas-Art_Architecture-01.jpg 1396w\" sizes=\"auto, (max-width: 774px) 100vw, 774px\" \/><\/figure>\n\n\n\n<figure class=\"wp-block-image size-large\"><img loading=\"lazy\" decoding=\"async\" width=\"1024\" height=\"1013\" data-id=\"1142\" src=\"https:\/\/routedesartsvaudreuilsoulanges.com\/wp-content\/uploads\/2023\/05\/3.-Sebastien-Borduas-Art_Couvre-toit-1024x1013.jpg\" alt=\"\" class=\"wp-image-1142\" srcset=\"https:\/\/routedesartsvaudreuilsoulanges.com\/wp-content\/uploads\/2023\/05\/3.-Sebastien-Borduas-Art_Couvre-toit-1024x1013.jpg 1024w, https:\/\/routedesartsvaudreuilsoulanges.com\/wp-content\/uploads\/2023\/05\/3.-Sebastien-Borduas-Art_Couvre-toit-300x297.jpg 300w, https:\/\/routedesartsvaudreuilsoulanges.com\/wp-content\/uploads\/2023\/05\/3.-Sebastien-Borduas-Art_Couvre-toit-768x760.jpg 768w, https:\/\/routedesartsvaudreuilsoulanges.com\/wp-content\/uploads\/2023\/05\/3.-Sebastien-Borduas-Art_Couvre-toit.jpg 1280w\" sizes=\"auto, (max-width: 1024px) 100vw, 1024px\" \/><\/figure>\n\n\n\n<figure class=\"wp-block-image size-large\"><img loading=\"lazy\" decoding=\"async\" width=\"1024\" height=\"725\" data-id=\"1143\" src=\"https:\/\/routedesartsvaudreuilsoulanges.com\/wp-content\/uploads\/2023\/05\/4.-Sebastien-Borduas-Art_La-Cavalerie-1024x725.jpg\" alt=\"\" class=\"wp-image-1143\" srcset=\"https:\/\/routedesartsvaudreuilsoulanges.com\/wp-content\/uploads\/2023\/05\/4.-Sebastien-Borduas-Art_La-Cavalerie-1024x725.jpg 1024w, https:\/\/routedesartsvaudreuilsoulanges.com\/wp-content\/uploads\/2023\/05\/4.-Sebastien-Borduas-Art_La-Cavalerie-300x212.jpg 300w, https:\/\/routedesartsvaudreuilsoulanges.com\/wp-content\/uploads\/2023\/05\/4.-Sebastien-Borduas-Art_La-Cavalerie-768x543.jpg 768w, https:\/\/routedesartsvaudreuilsoulanges.com\/wp-content\/uploads\/2023\/05\/4.-Sebastien-Borduas-Art_La-Cavalerie-1536x1087.jpg 1536w, https:\/\/routedesartsvaudreuilsoulanges.com\/wp-content\/uploads\/2023\/05\/4.-Sebastien-Borduas-Art_La-Cavalerie.jpg 1963w\" sizes=\"auto, (max-width: 1024px) 100vw, 1024px\" \/><\/figure>\n\n\n\n<figure class=\"wp-block-image size-large\"><img loading=\"lazy\" decoding=\"async\" width=\"1024\" height=\"1024\" data-id=\"1144\" src=\"https:\/\/routedesartsvaudreuilsoulanges.com\/wp-content\/uploads\/2023\/05\/5.-Sebastien-Borduas-Art_Marine-1024x1024.jpg\" alt=\"\" class=\"wp-image-1144\" srcset=\"https:\/\/routedesartsvaudreuilsoulanges.com\/wp-content\/uploads\/2023\/05\/5.-Sebastien-Borduas-Art_Marine-1024x1024.jpg 1024w, https:\/\/routedesartsvaudreuilsoulanges.com\/wp-content\/uploads\/2023\/05\/5.-Sebastien-Borduas-Art_Marine-300x300.jpg 300w, https:\/\/routedesartsvaudreuilsoulanges.com\/wp-content\/uploads\/2023\/05\/5.-Sebastien-Borduas-Art_Marine-150x150.jpg 150w, https:\/\/routedesartsvaudreuilsoulanges.com\/wp-content\/uploads\/2023\/05\/5.-Sebastien-Borduas-Art_Marine-768x769.jpg 768w, https:\/\/routedesartsvaudreuilsoulanges.com\/wp-content\/uploads\/2023\/05\/5.-Sebastien-Borduas-Art_Marine.jpg 1393w\" sizes=\"auto, (max-width: 1024px) 100vw, 1024px\" \/><\/figure>\n<\/figure>\n\n\n\n<div style=\"height:43px\" aria-hidden=\"true\" class=\"wp-block-spacer\"><\/div>\n\n\n\n<p>N\u00e9 \u00e0 Montr\u00e9al en 1975, S\u00e9bastien poursuit depuis plusieurs ann\u00e9es sa recherche d\u2019une esth\u00e9tique pour repr\u00e9senter sa vision du monde. De danseur \u00e0 musicien, d&rsquo;\u00e9b\u00e9niste \u00e0 artiste visuel, ses multiples exp\u00e9riences ont su modeler et bonifier la richesse de son travail d\u2019artiste peintre et sculpteur.<\/p>\n","protected":false},"excerpt":{"rendered":"<p>Aliment\u00e9 par un esprit de recherche, S\u00e9bastien Borduas est depuis toujours guid\u00e9 par son insatiable besoin de cr\u00e9er, de comprendre et d\u2019inventer. Cela l\u2019a amen\u00e9 \u00e0 explorer plusieurs champs artistiques qui nourrissent ainsi sa soif de cr\u00e9ativit\u00e9 toujours grandissante. \u00c0 travers ses formations en arts visuels, en musique et en \u00e9b\u00e9nisterie, il a acquis un [&hellip;]<\/p>\n","protected":false},"author":1,"featured_media":1144,"parent":0,"menu_order":0,"comment_status":"closed","ping_status":"closed","template":"","meta":{"footnotes":""},"class_list":["post-947","page","type-page","status-publish","has-post-thumbnail","hentry"],"_links":{"self":[{"href":"https:\/\/routedesartsvaudreuilsoulanges.com\/fr\/wp-json\/wp\/v2\/pages\/947","targetHints":{"allow":["GET"]}}],"collection":[{"href":"https:\/\/routedesartsvaudreuilsoulanges.com\/fr\/wp-json\/wp\/v2\/pages"}],"about":[{"href":"https:\/\/routedesartsvaudreuilsoulanges.com\/fr\/wp-json\/wp\/v2\/types\/page"}],"author":[{"embeddable":true,"href":"https:\/\/routedesartsvaudreuilsoulanges.com\/fr\/wp-json\/wp\/v2\/users\/1"}],"replies":[{"embeddable":true,"href":"https:\/\/routedesartsvaudreuilsoulanges.com\/fr\/wp-json\/wp\/v2\/comments?post=947"}],"version-history":[{"count":7,"href":"https:\/\/routedesartsvaudreuilsoulanges.com\/fr\/wp-json\/wp\/v2\/pages\/947\/revisions"}],"predecessor-version":[{"id":2302,"href":"https:\/\/routedesartsvaudreuilsoulanges.com\/fr\/wp-json\/wp\/v2\/pages\/947\/revisions\/2302"}],"wp:featuredmedia":[{"embeddable":true,"href":"https:\/\/routedesartsvaudreuilsoulanges.com\/fr\/wp-json\/wp\/v2\/media\/1144"}],"wp:attachment":[{"href":"https:\/\/routedesartsvaudreuilsoulanges.com\/fr\/wp-json\/wp\/v2\/media?parent=947"}],"curies":[{"name":"wp","href":"https:\/\/api.w.org\/{rel}","templated":true}]}}