{"id":958,"date":"2023-05-25T20:26:42","date_gmt":"2023-05-26T01:26:42","guid":{"rendered":"https:\/\/routedesartsvaudreuilsoulanges.com\/?page_id=958"},"modified":"2025-04-22T21:26:25","modified_gmt":"2025-04-23T02:26:25","slug":"marie-jose-gelinas-23","status":"publish","type":"page","link":"https:\/\/routedesartsvaudreuilsoulanges.com\/fr\/marie-jose-gelinas-23\/","title":{"rendered":"2023 MARIE-JOS\u00c9 G\u00c9LINAS"},"content":{"rendered":"\n<figure class=\"wp-block-image size-full\"><img loading=\"lazy\" decoding=\"async\" width=\"200\" height=\"240\" src=\"https:\/\/routedesartsvaudreuilsoulanges.com\/wp-content\/uploads\/2022\/05\/mariejoseegelinas.jpg\" alt=\"\" class=\"wp-image-431\"\/><figcaption class=\"wp-element-caption\">Marie-Jos\u00e9e G\u00e9linas<\/figcaption><\/figure>\n\n\n\n<div style=\"height:43px\" aria-hidden=\"true\" class=\"wp-block-spacer\"><\/div>\n\n\n\n<div class=\"wp-block-buttons is-layout-flex wp-block-buttons-is-layout-flex\">\n<div class=\"wp-block-button\"><a class=\"wp-block-button__link has-white-color has-vivid-purple-background-color has-text-color has-background wp-element-button\" href=\"https:\/\/www.adventuresinart.squarespace.com\" target=\"_blank\" rel=\"noreferrer noopener\">Site Web<\/a><\/div>\n\n\n\n<div class=\"wp-block-button\"><a class=\"wp-block-button__link has-white-color has-vivid-purple-background-color has-text-color has-background wp-element-button\" href=\"https:\/\/Facebook.com\/mariejosegelinas\" target=\"_blank\" rel=\"noreferrer noopener\">Facebook<\/a><\/div>\n\n\n\n<div class=\"wp-block-button\"><a class=\"wp-block-button__link has-white-color has-vivid-purple-background-color has-text-color has-background wp-element-button\" href=\"https:\/\/www.instagram.com\/mariejosegelinasArt\" target=\"_blank\" rel=\"noreferrer noopener\">Instagram<\/a><\/div>\n<\/div>\n\n\n\n<div style=\"height:43px\" aria-hidden=\"true\" class=\"wp-block-spacer\"><\/div>\n\n\n\n<p>Je suis avant tout une peintre de paysages. Au d\u00e9but de ma carri\u00e8re, je peignais des tableaux impressionnistes \u00e0 l\u2019huile, inspir\u00e9es d\u2019endroits qui m\u2019\u00e9taient chers. Avec le temps, je suis devenue captiv\u00e9e par les textures observ\u00e9es dans la nature. J\u2019ai commenc\u00e9 \u00e0 utiliser de la peinture acrylique, et \u00e0 incorporer des mati\u00e8res qui traduisaient la sensation de profondeur et de dimension des \u00e9l\u00e9ments naturels. En ajoutant des mati\u00e8res recycl\u00e9es \u00e0 ma peinture, j\u2019ai peint de l\u2019\u00e9corce, des roches et rochers stratifi\u00e9s, des branches d\u2019arbres recouvertes de glace et des berges accident\u00e9es. Au fil du temps et de ma pratique, je me suis rendue compte que ma source d\u2019inspiration \u00e9tait en fait les \u00e9motions \u00e9veill\u00e9es par le milieu naturel o\u00f9 je me trouvais, et non les \u00e9l\u00e9ments du paysage comme tels. Je ne suis rendue compte que je voulais exprimer l\u2019\u00e9nergie de la transformation, l\u2019espoir essentiel \u00e0 la nature cyclique de tout ce qui nous entoure, et le mouvement constant g\u00e9n\u00e9r\u00e9 par ces cycles. Mon art a \u00e9volu\u00e9. Maintenant, je cr\u00e9e des interpr\u00e9tations de plus en plus abstraites des paysages qui m\u2019inspirent. Le processus d\u2019abstraction me permet de distiller l\u2019essentiel de ma connection. Gr\u00e2ce \u00e0 cette \u00e9volution, j\u2019ai appris que l\u2019histoire que raconte la nature est aussi la mienne. Dans la nature, je suis t\u00e9moin. Le paysage m\u2019entoure, mais il vient aussi chercher la partie de moi qui appartient ici. Me retrouver dans la nature me rappelle mon appartenance, ici et maintenant. O\u00f9 que je sois dans le monde naturel, je peux reprendre ce fil qui me relie \u00e0 mon paysage int\u00e9rieur.<\/p>\n\n\n\n<div style=\"height:43px\" aria-hidden=\"true\" class=\"wp-block-spacer\"><\/div>\n\n\n\n<figure class=\"wp-block-gallery has-nested-images columns-default is-cropped wp-block-gallery-1 is-layout-flex wp-block-gallery-is-layout-flex\">\n<figure class=\"wp-block-image size-large\"><img loading=\"lazy\" decoding=\"async\" width=\"757\" height=\"1024\" data-id=\"1122\" src=\"https:\/\/routedesartsvaudreuilsoulanges.com\/wp-content\/uploads\/2023\/05\/Gelinas2023-1-757x1024.jpeg\" alt=\"\" class=\"wp-image-1122\" srcset=\"https:\/\/routedesartsvaudreuilsoulanges.com\/wp-content\/uploads\/2023\/05\/Gelinas2023-1-757x1024.jpeg 757w, https:\/\/routedesartsvaudreuilsoulanges.com\/wp-content\/uploads\/2023\/05\/Gelinas2023-1-222x300.jpeg 222w, https:\/\/routedesartsvaudreuilsoulanges.com\/wp-content\/uploads\/2023\/05\/Gelinas2023-1-768x1039.jpeg 768w, https:\/\/routedesartsvaudreuilsoulanges.com\/wp-content\/uploads\/2023\/05\/Gelinas2023-1-1136x1536.jpeg 1136w, https:\/\/routedesartsvaudreuilsoulanges.com\/wp-content\/uploads\/2023\/05\/Gelinas2023-1-1514x2048.jpeg 1514w, https:\/\/routedesartsvaudreuilsoulanges.com\/wp-content\/uploads\/2023\/05\/Gelinas2023-1-scaled.jpeg 1893w\" sizes=\"auto, (max-width: 757px) 100vw, 757px\" \/><\/figure>\n\n\n\n<figure class=\"wp-block-image size-large\"><img loading=\"lazy\" decoding=\"async\" width=\"1024\" height=\"1020\" data-id=\"1123\" src=\"https:\/\/routedesartsvaudreuilsoulanges.com\/wp-content\/uploads\/2023\/05\/gelinas2023-2-1024x1020.jpeg\" alt=\"\" class=\"wp-image-1123\" srcset=\"https:\/\/routedesartsvaudreuilsoulanges.com\/wp-content\/uploads\/2023\/05\/gelinas2023-2-1024x1020.jpeg 1024w, https:\/\/routedesartsvaudreuilsoulanges.com\/wp-content\/uploads\/2023\/05\/gelinas2023-2-300x300.jpeg 300w, https:\/\/routedesartsvaudreuilsoulanges.com\/wp-content\/uploads\/2023\/05\/gelinas2023-2-150x150.jpeg 150w, https:\/\/routedesartsvaudreuilsoulanges.com\/wp-content\/uploads\/2023\/05\/gelinas2023-2-768x765.jpeg 768w, https:\/\/routedesartsvaudreuilsoulanges.com\/wp-content\/uploads\/2023\/05\/gelinas2023-2-1536x1531.jpeg 1536w, https:\/\/routedesartsvaudreuilsoulanges.com\/wp-content\/uploads\/2023\/05\/gelinas2023-2-2048x2041.jpeg 2048w\" sizes=\"auto, (max-width: 1024px) 100vw, 1024px\" \/><\/figure>\n\n\n\n<figure class=\"wp-block-image size-large\"><img loading=\"lazy\" decoding=\"async\" width=\"1020\" height=\"1024\" data-id=\"1124\" src=\"https:\/\/routedesartsvaudreuilsoulanges.com\/wp-content\/uploads\/2023\/05\/gelinas2023-3-1020x1024.jpeg\" alt=\"\" class=\"wp-image-1124\" srcset=\"https:\/\/routedesartsvaudreuilsoulanges.com\/wp-content\/uploads\/2023\/05\/gelinas2023-3-1020x1024.jpeg 1020w, https:\/\/routedesartsvaudreuilsoulanges.com\/wp-content\/uploads\/2023\/05\/gelinas2023-3-300x300.jpeg 300w, https:\/\/routedesartsvaudreuilsoulanges.com\/wp-content\/uploads\/2023\/05\/gelinas2023-3-150x150.jpeg 150w, https:\/\/routedesartsvaudreuilsoulanges.com\/wp-content\/uploads\/2023\/05\/gelinas2023-3-768x771.jpeg 768w, https:\/\/routedesartsvaudreuilsoulanges.com\/wp-content\/uploads\/2023\/05\/gelinas2023-3-1530x1536.jpeg 1530w, https:\/\/routedesartsvaudreuilsoulanges.com\/wp-content\/uploads\/2023\/05\/gelinas2023-3-2040x2048.jpeg 2040w\" sizes=\"auto, (max-width: 1020px) 100vw, 1020px\" \/><\/figure>\n\n\n\n<figure class=\"wp-block-image size-large\"><img loading=\"lazy\" decoding=\"async\" width=\"1024\" height=\"772\" data-id=\"1125\" src=\"https:\/\/routedesartsvaudreuilsoulanges.com\/wp-content\/uploads\/2023\/05\/gelinas2023-4-1024x772.jpeg\" alt=\"\" class=\"wp-image-1125\" srcset=\"https:\/\/routedesartsvaudreuilsoulanges.com\/wp-content\/uploads\/2023\/05\/gelinas2023-4-1024x772.jpeg 1024w, https:\/\/routedesartsvaudreuilsoulanges.com\/wp-content\/uploads\/2023\/05\/gelinas2023-4-300x226.jpeg 300w, https:\/\/routedesartsvaudreuilsoulanges.com\/wp-content\/uploads\/2023\/05\/gelinas2023-4-768x579.jpeg 768w, https:\/\/routedesartsvaudreuilsoulanges.com\/wp-content\/uploads\/2023\/05\/gelinas2023-4-1536x1158.jpeg 1536w, https:\/\/routedesartsvaudreuilsoulanges.com\/wp-content\/uploads\/2023\/05\/gelinas2023-4-2048x1544.jpeg 2048w\" sizes=\"auto, (max-width: 1024px) 100vw, 1024px\" \/><\/figure>\n\n\n\n<figure class=\"wp-block-image size-large\"><img loading=\"lazy\" decoding=\"async\" width=\"1016\" height=\"1024\" data-id=\"1126\" src=\"https:\/\/routedesartsvaudreuilsoulanges.com\/wp-content\/uploads\/2023\/05\/gelinas2023-5-1016x1024.jpeg\" alt=\"\" class=\"wp-image-1126\" srcset=\"https:\/\/routedesartsvaudreuilsoulanges.com\/wp-content\/uploads\/2023\/05\/gelinas2023-5-1016x1024.jpeg 1016w, https:\/\/routedesartsvaudreuilsoulanges.com\/wp-content\/uploads\/2023\/05\/gelinas2023-5-298x300.jpeg 298w, https:\/\/routedesartsvaudreuilsoulanges.com\/wp-content\/uploads\/2023\/05\/gelinas2023-5-150x150.jpeg 150w, https:\/\/routedesartsvaudreuilsoulanges.com\/wp-content\/uploads\/2023\/05\/gelinas2023-5-768x774.jpeg 768w, https:\/\/routedesartsvaudreuilsoulanges.com\/wp-content\/uploads\/2023\/05\/gelinas2023-5-1524x1536.jpeg 1524w, https:\/\/routedesartsvaudreuilsoulanges.com\/wp-content\/uploads\/2023\/05\/gelinas2023-5-2031x2048.jpeg 2031w\" sizes=\"auto, (max-width: 1016px) 100vw, 1016px\" \/><\/figure>\n<\/figure>\n\n\n\n<div style=\"height:43px\" aria-hidden=\"true\" class=\"wp-block-spacer\"><\/div>\n\n\n\n<p>N\u00e9e \u00e0 Lachine, r\u00e9sidente de Montr\u00e9al pendant une dizaine d\u2019ann\u00e9es, j\u2019habite \u00e0 Pincourt depuis 1981.<\/p>\n\n\n\n<p>Les racines que j\u2019ai form\u00e9es dans cette communaut\u00e9 m\u2019ont permis de m\u2019aventurer sur divers sentiers dans ma vie professionnelle. Motiv\u00e9e par la curiosit\u00e9 et l\u2019expression d\u2019une identit\u00e9 en constante \u00e9volution, j\u2019ai chang\u00e9 souvent de direction. Intrigu\u00e9e par le comportement des individus et des collectivit\u00e9s auxquelles ils appartiennent, j\u2019ai \u00e9tudi\u00e9 la linguistique et la psychologie. \u00c0 la recherche d\u2019une profession qui r\u00e9pondrait \u00e0 ma passion pour le d\u00e9veloppement personnel continu et mon d\u00e9sir de contribuer \u00e0 la soci\u00e9t\u00e9, je me suis dirig\u00e9 vers l\u2019enseignement. Toujours attir\u00e9e par le besoin de nourrir l\u2019espoir et poser des gestes concrets pour faciliter sa manifestation, j\u2019ai termin\u00e9 ma carri\u00e8re d\u2019enseignante comme mentor en formation professionnelle.<\/p>\n\n\n\n<p>Le fil qui lie toutes ces \u00e9tapes de ma vie : l\u2019\u00e9nergie de la transformation int\u00e9rieure qui se manifeste au concret. Cette \u00e9nergie cr\u00e9ative a toujours anim\u00e9 mes choix, et son expression dans les arts visuels n\u2019est que la nouvelle \u00e9tape de ce processus.<\/p>\n\n\n\n<p>Je suis autodidacte. Toute jeune, je dessinais : au graphite, au fusain, \u00e0 l\u2019encre de chine, au pastel, j\u2019observais et j\u2019interpr\u00e9tais le monde autour de moi. Pendant longtemps, je me suis concentr\u00e9 sur le portrait. O\u00f9 que je sois, je dessinais les gens qui m\u2019entouraient. Maintenant, j\u2019explore activement divers m\u00e9dia.<\/p>\n\n\n\n<p>Je suis une chroniqueuse depuis toujours, et une \u00e9crivaine passionn\u00e9e. J\u2019ai produit \u00e0 date une vingtaine d\u2019histoires, et j\u2019ai tout r\u00e9cemment cr\u00e9\u00e9 un blogue sur mon site web. Je e travaille \u00e0 la r\u00e9daction d\u2019un m\u00e9moire, et \u00e0 la cr\u00e9ation d\u2019un cours pour aider les participants \u00e0 faire le lien entre la cr\u00e9ativit\u00e9 et la r\u00e9silience.<\/p>\n\n\n\n<p>Essentiellement anim\u00e9e par la curiosit\u00e9, je poursuis sans cesse les sentiers de la cr\u00e9ativit\u00e9<\/p>\n","protected":false},"excerpt":{"rendered":"<p>Je suis avant tout une peintre de paysages. Au d\u00e9but de ma carri\u00e8re, je peignais des tableaux impressionnistes \u00e0 l\u2019huile, inspir\u00e9es d\u2019endroits qui m\u2019\u00e9taient chers. Avec le temps, je suis devenue captiv\u00e9e par les textures observ\u00e9es dans la nature. J\u2019ai commenc\u00e9 \u00e0 utiliser de la peinture acrylique, et \u00e0 incorporer des mati\u00e8res qui traduisaient la [&hellip;]<\/p>\n","protected":false},"author":1,"featured_media":1122,"parent":0,"menu_order":0,"comment_status":"closed","ping_status":"closed","template":"","meta":{"footnotes":""},"class_list":["post-958","page","type-page","status-publish","has-post-thumbnail","hentry"],"_links":{"self":[{"href":"https:\/\/routedesartsvaudreuilsoulanges.com\/fr\/wp-json\/wp\/v2\/pages\/958","targetHints":{"allow":["GET"]}}],"collection":[{"href":"https:\/\/routedesartsvaudreuilsoulanges.com\/fr\/wp-json\/wp\/v2\/pages"}],"about":[{"href":"https:\/\/routedesartsvaudreuilsoulanges.com\/fr\/wp-json\/wp\/v2\/types\/page"}],"author":[{"embeddable":true,"href":"https:\/\/routedesartsvaudreuilsoulanges.com\/fr\/wp-json\/wp\/v2\/users\/1"}],"replies":[{"embeddable":true,"href":"https:\/\/routedesartsvaudreuilsoulanges.com\/fr\/wp-json\/wp\/v2\/comments?post=958"}],"version-history":[{"count":10,"href":"https:\/\/routedesartsvaudreuilsoulanges.com\/fr\/wp-json\/wp\/v2\/pages\/958\/revisions"}],"predecessor-version":[{"id":2292,"href":"https:\/\/routedesartsvaudreuilsoulanges.com\/fr\/wp-json\/wp\/v2\/pages\/958\/revisions\/2292"}],"wp:featuredmedia":[{"embeddable":true,"href":"https:\/\/routedesartsvaudreuilsoulanges.com\/fr\/wp-json\/wp\/v2\/media\/1122"}],"wp:attachment":[{"href":"https:\/\/routedesartsvaudreuilsoulanges.com\/fr\/wp-json\/wp\/v2\/media?parent=958"}],"curies":[{"name":"wp","href":"https:\/\/api.w.org\/{rel}","templated":true}]}}