{"id":961,"date":"2023-05-25T20:06:06","date_gmt":"2023-05-26T01:06:06","guid":{"rendered":"https:\/\/routedesartsvaudreuilsoulanges.com\/?page_id=961"},"modified":"2025-04-22T21:28:39","modified_gmt":"2025-04-23T02:28:39","slug":"sonia-isabelle-23","status":"publish","type":"page","link":"https:\/\/routedesartsvaudreuilsoulanges.com\/fr\/sonia-isabelle-23\/","title":{"rendered":"2023 SONIA ISABELLE"},"content":{"rendered":"\n<figure class=\"wp-block-image size-large is-resized\"><img loading=\"lazy\" decoding=\"async\" src=\"https:\/\/routedesartsvaudreuilsoulanges.com\/wp-content\/uploads\/2022\/05\/SoniaIsabelleMars22-768x1024.jpg\" alt=\"\" class=\"wp-image-442\" width=\"192\" height=\"256\" srcset=\"https:\/\/routedesartsvaudreuilsoulanges.com\/wp-content\/uploads\/2022\/05\/SoniaIsabelleMars22-768x1024.jpg 768w, https:\/\/routedesartsvaudreuilsoulanges.com\/wp-content\/uploads\/2022\/05\/SoniaIsabelleMars22-225x300.jpg 225w, https:\/\/routedesartsvaudreuilsoulanges.com\/wp-content\/uploads\/2022\/05\/SoniaIsabelleMars22-1152x1536.jpg 1152w, https:\/\/routedesartsvaudreuilsoulanges.com\/wp-content\/uploads\/2022\/05\/SoniaIsabelleMars22-480x640.jpg 480w, https:\/\/routedesartsvaudreuilsoulanges.com\/wp-content\/uploads\/2022\/05\/SoniaIsabelleMars22.jpg 1200w\" sizes=\"auto, (max-width: 192px) 100vw, 192px\" \/><figcaption class=\"wp-element-caption\">Sonia Isabelle<\/figcaption><\/figure>\n\n\n\n<div style=\"height:42px\" aria-hidden=\"true\" class=\"wp-block-spacer\"><\/div>\n\n\n\n<div class=\"wp-block-buttons is-layout-flex wp-block-buttons-is-layout-flex\">\n<div class=\"wp-block-button\"><a class=\"wp-block-button__link has-white-color has-vivid-purple-background-color has-text-color has-background wp-element-button\" href=\"https:\/\/soniaisabelle.ca\/\" target=\"_blank\" rel=\"noreferrer noopener\">Site web<\/a><\/div>\n\n\n\n<div class=\"wp-block-button\"><a class=\"wp-block-button__link has-white-color has-vivid-purple-background-color has-text-color has-background wp-element-button\" href=\"https:\/\/www.facebook.com\/soniaisabelleart\" target=\"_blank\" rel=\"noreferrer noopener\">Facebook<\/a><\/div>\n\n\n\n<div class=\"wp-block-button\"><a class=\"wp-block-button__link has-white-color has-vivid-purple-background-color has-text-color has-background wp-element-button\" href=\"https:\/\/www.instagram.com\/soniaisabelleart\/\" target=\"_blank\" rel=\"noreferrer noopener\">Instagram<\/a><\/div>\n<\/div>\n\n\n\n<div style=\"height:42px\" aria-hidden=\"true\" class=\"wp-block-spacer\"><\/div>\n\n\n\n<p>J\u2019\u00e9prouve une fascination pour les gens. Le travail que je poursuis est de reproduire, avec authenticit\u00e9, des moments de la vie croqu\u00e9s sur le vif. Au-del\u00e0 d\u2019une simple repr\u00e9sentation, je m\u2019exerce \u00e0 faire ressortir l\u2019\u00e9motion \u00e9manant de mon protagoniste.<\/p>\n\n\n\n<p>Par mon travail, je cherche \u00e0 livrer un t\u00e9moignage visuel de mon \u00e9poque et du rapport entre l\u2019humain et son environnement. Chaque sc\u00e8ne t\u00e9moigne de ma pr\u00e9sence en ce lieu et constitue une trace de mon histoire, de mon v\u00e9cu. <\/p>\n\n\n\n<p>Comme m\u00e9dium, l\u2019utilisation du crayon graphite me permet de r\u00e9aliser des \u0153uvres finement d\u00e9taill\u00e9es, qui mettent le sujet \u00e0 l\u2019avant-plan. M\u00eame si d\u2019autres m\u00e9diums sont utilis\u00e9s pour la r\u00e9alisation de certaines pi\u00e8ces, le graphite est omnipr\u00e9sent dans mes \u0153uvres.<\/p>\n\n\n\n<div style=\"height:42px\" aria-hidden=\"true\" class=\"wp-block-spacer\"><\/div>\n\n\n\n<figure class=\"wp-block-gallery has-nested-images columns-default is-cropped wp-block-gallery-1 is-layout-flex wp-block-gallery-is-layout-flex\">\n<figure class=\"wp-block-image size-large\"><img loading=\"lazy\" decoding=\"async\" width=\"631\" height=\"1024\" data-id=\"1424\" src=\"https:\/\/routedesartsvaudreuilsoulanges.com\/wp-content\/uploads\/2023\/07\/PreludeLR-631x1024.jpg\" alt=\"\" class=\"wp-image-1424\" srcset=\"https:\/\/routedesartsvaudreuilsoulanges.com\/wp-content\/uploads\/2023\/07\/PreludeLR-631x1024.jpg 631w, https:\/\/routedesartsvaudreuilsoulanges.com\/wp-content\/uploads\/2023\/07\/PreludeLR-185x300.jpg 185w, https:\/\/routedesartsvaudreuilsoulanges.com\/wp-content\/uploads\/2023\/07\/PreludeLR-768x1246.jpg 768w, https:\/\/routedesartsvaudreuilsoulanges.com\/wp-content\/uploads\/2023\/07\/PreludeLR-947x1536.jpg 947w, https:\/\/routedesartsvaudreuilsoulanges.com\/wp-content\/uploads\/2023\/07\/PreludeLR-1263x2048.jpg 1263w, https:\/\/routedesartsvaudreuilsoulanges.com\/wp-content\/uploads\/2023\/07\/PreludeLR.jpg 1383w\" sizes=\"auto, (max-width: 631px) 100vw, 631px\" \/><figcaption class=\"wp-element-caption\">Pr\u00e9lude, graphite<\/figcaption><\/figure>\n\n\n\n<figure class=\"wp-block-image size-large\"><img loading=\"lazy\" decoding=\"async\" width=\"993\" height=\"1024\" data-id=\"1425\" src=\"https:\/\/routedesartsvaudreuilsoulanges.com\/wp-content\/uploads\/2023\/07\/6-993x1024.jpg\" alt=\"\" class=\"wp-image-1425\" srcset=\"https:\/\/routedesartsvaudreuilsoulanges.com\/wp-content\/uploads\/2023\/07\/6-993x1024.jpg 993w, https:\/\/routedesartsvaudreuilsoulanges.com\/wp-content\/uploads\/2023\/07\/6-291x300.jpg 291w, https:\/\/routedesartsvaudreuilsoulanges.com\/wp-content\/uploads\/2023\/07\/6-768x792.jpg 768w, https:\/\/routedesartsvaudreuilsoulanges.com\/wp-content\/uploads\/2023\/07\/6-1489x1536.jpg 1489w, https:\/\/routedesartsvaudreuilsoulanges.com\/wp-content\/uploads\/2023\/07\/6-1986x2048.jpg 1986w\" sizes=\"auto, (max-width: 993px) 100vw, 993px\" \/><figcaption class=\"wp-element-caption\">\u00c9talage de richesse, graphite<\/figcaption><\/figure>\n\n\n\n<figure class=\"wp-block-image size-large\"><img loading=\"lazy\" decoding=\"async\" width=\"736\" height=\"1024\" data-id=\"1426\" src=\"https:\/\/routedesartsvaudreuilsoulanges.com\/wp-content\/uploads\/2023\/07\/cafe-de-la-baieLR-736x1024.jpg\" alt=\"\" class=\"wp-image-1426\" srcset=\"https:\/\/routedesartsvaudreuilsoulanges.com\/wp-content\/uploads\/2023\/07\/cafe-de-la-baieLR-736x1024.jpg 736w, https:\/\/routedesartsvaudreuilsoulanges.com\/wp-content\/uploads\/2023\/07\/cafe-de-la-baieLR-216x300.jpg 216w, https:\/\/routedesartsvaudreuilsoulanges.com\/wp-content\/uploads\/2023\/07\/cafe-de-la-baieLR-768x1068.jpg 768w, https:\/\/routedesartsvaudreuilsoulanges.com\/wp-content\/uploads\/2023\/07\/cafe-de-la-baieLR-1104x1536.jpg 1104w, https:\/\/routedesartsvaudreuilsoulanges.com\/wp-content\/uploads\/2023\/07\/cafe-de-la-baieLR-1472x2048.jpg 1472w, https:\/\/routedesartsvaudreuilsoulanges.com\/wp-content\/uploads\/2023\/07\/cafe-de-la-baieLR.jpg 1797w\" sizes=\"auto, (max-width: 736px) 100vw, 736px\" \/><figcaption class=\"wp-element-caption\">Caf\u00e9 de la baie, graphite<\/figcaption><\/figure>\n\n\n\n<figure class=\"wp-block-image size-large\"><img loading=\"lazy\" decoding=\"async\" width=\"1024\" height=\"1024\" data-id=\"1427\" src=\"https:\/\/routedesartsvaudreuilsoulanges.com\/wp-content\/uploads\/2023\/07\/Jeu_de_dames-1024x1024.jpg\" alt=\"\" class=\"wp-image-1427\" srcset=\"https:\/\/routedesartsvaudreuilsoulanges.com\/wp-content\/uploads\/2023\/07\/Jeu_de_dames-1024x1024.jpg 1024w, https:\/\/routedesartsvaudreuilsoulanges.com\/wp-content\/uploads\/2023\/07\/Jeu_de_dames-300x300.jpg 300w, https:\/\/routedesartsvaudreuilsoulanges.com\/wp-content\/uploads\/2023\/07\/Jeu_de_dames-150x150.jpg 150w, https:\/\/routedesartsvaudreuilsoulanges.com\/wp-content\/uploads\/2023\/07\/Jeu_de_dames-768x768.jpg 768w, https:\/\/routedesartsvaudreuilsoulanges.com\/wp-content\/uploads\/2023\/07\/Jeu_de_dames-1536x1536.jpg 1536w, https:\/\/routedesartsvaudreuilsoulanges.com\/wp-content\/uploads\/2023\/07\/Jeu_de_dames-2048x2048.jpg 2048w\" sizes=\"auto, (max-width: 1024px) 100vw, 1024px\" \/><figcaption class=\"wp-element-caption\">Jeu de Dames, graphite et caf\u00e9<\/figcaption><\/figure>\n\n\n\n<figure class=\"wp-block-image size-large\"><img loading=\"lazy\" decoding=\"async\" width=\"1024\" height=\"697\" data-id=\"1428\" src=\"https:\/\/routedesartsvaudreuilsoulanges.com\/wp-content\/uploads\/2023\/07\/Calorie_free_lr-1024x697.jpg\" alt=\"\" class=\"wp-image-1428\" srcset=\"https:\/\/routedesartsvaudreuilsoulanges.com\/wp-content\/uploads\/2023\/07\/Calorie_free_lr-1024x697.jpg 1024w, https:\/\/routedesartsvaudreuilsoulanges.com\/wp-content\/uploads\/2023\/07\/Calorie_free_lr-300x204.jpg 300w, https:\/\/routedesartsvaudreuilsoulanges.com\/wp-content\/uploads\/2023\/07\/Calorie_free_lr-768x523.jpg 768w, https:\/\/routedesartsvaudreuilsoulanges.com\/wp-content\/uploads\/2023\/07\/Calorie_free_lr-1536x1046.jpg 1536w, https:\/\/routedesartsvaudreuilsoulanges.com\/wp-content\/uploads\/2023\/07\/Calorie_free_lr-2048x1394.jpg 2048w\" sizes=\"auto, (max-width: 1024px) 100vw, 1024px\" \/><figcaption class=\"wp-element-caption\">Calorie free, graphite<\/figcaption><\/figure>\n<\/figure>\n\n\n\n<div style=\"height:42px\" aria-hidden=\"true\" class=\"wp-block-spacer\"><\/div>\n\n\n\n<h4 class=\"wp-block-heading\">BIOGRAPHIE<\/h4>\n\n\n\n<p>Sonia Isabelle est dipl\u00f4m\u00e9e en Arts plastiques du C\u00e9gep de Valleyfield, au Baccalaur\u00e9at des Beaux-Arts (BFA), majeures en design graphique et illustration de l\u2019Universit\u00e9 Concordia ainsi que d\u2019une sp\u00e9cialisation en m\u00e9diation culturelle.<\/p>\n\n\n\n<p>Boursi\u00e8re du Conseil des arts et de la culture de Vaudreuil-Soulanges et de la Soci\u00e9t\u00e9 des artistes du Canada, l\u2019artiste en arts visuels a pr\u00e9sent\u00e9 son travail lors d\u2019expositions tant au niveau r\u00e9gional, national qu\u2019international.<\/p>\n\n\n\n<p>On retrouve ses \u0153uvres au sein de diverses collections publiques, corporatives et priv\u00e9es.<\/p>\n","protected":false},"excerpt":{"rendered":"<p>J\u2019\u00e9prouve une fascination pour les gens. Le travail que je poursuis est de reproduire, avec authenticit\u00e9, des moments de la vie croqu\u00e9s sur le vif. Au-del\u00e0 d\u2019une simple repr\u00e9sentation, je m\u2019exerce \u00e0 faire ressortir l\u2019\u00e9motion \u00e9manant de mon protagoniste. Par mon travail, je cherche \u00e0 livrer un t\u00e9moignage visuel de mon \u00e9poque et du rapport [&hellip;]<\/p>\n","protected":false},"author":1,"featured_media":0,"parent":0,"menu_order":0,"comment_status":"closed","ping_status":"closed","template":"","meta":{"footnotes":""},"class_list":["post-961","page","type-page","status-publish","hentry"],"_links":{"self":[{"href":"https:\/\/routedesartsvaudreuilsoulanges.com\/fr\/wp-json\/wp\/v2\/pages\/961","targetHints":{"allow":["GET"]}}],"collection":[{"href":"https:\/\/routedesartsvaudreuilsoulanges.com\/fr\/wp-json\/wp\/v2\/pages"}],"about":[{"href":"https:\/\/routedesartsvaudreuilsoulanges.com\/fr\/wp-json\/wp\/v2\/types\/page"}],"author":[{"embeddable":true,"href":"https:\/\/routedesartsvaudreuilsoulanges.com\/fr\/wp-json\/wp\/v2\/users\/1"}],"replies":[{"embeddable":true,"href":"https:\/\/routedesartsvaudreuilsoulanges.com\/fr\/wp-json\/wp\/v2\/comments?post=961"}],"version-history":[{"count":7,"href":"https:\/\/routedesartsvaudreuilsoulanges.com\/fr\/wp-json\/wp\/v2\/pages\/961\/revisions"}],"predecessor-version":[{"id":2305,"href":"https:\/\/routedesartsvaudreuilsoulanges.com\/fr\/wp-json\/wp\/v2\/pages\/961\/revisions\/2305"}],"wp:attachment":[{"href":"https:\/\/routedesartsvaudreuilsoulanges.com\/fr\/wp-json\/wp\/v2\/media?parent=961"}],"curies":[{"name":"wp","href":"https:\/\/api.w.org\/{rel}","templated":true}]}}