{"id":963,"date":"2023-05-25T20:06:43","date_gmt":"2023-05-26T01:06:43","guid":{"rendered":"https:\/\/routedesartsvaudreuilsoulanges.com\/?page_id=963"},"modified":"2025-04-22T21:13:41","modified_gmt":"2025-04-23T02:13:41","slug":"chantal-koot-23","status":"publish","type":"page","link":"https:\/\/routedesartsvaudreuilsoulanges.com\/fr\/chantal-koot-23\/","title":{"rendered":"2023 CHANTAL KOOT"},"content":{"rendered":"\n<figure class=\"wp-block-image size-large is-resized\"><img loading=\"lazy\" decoding=\"async\" src=\"https:\/\/routedesartsvaudreuilsoulanges.com\/wp-content\/uploads\/2023\/07\/KootChantal-2023-683x1024.jpg\" alt=\"\" class=\"wp-image-1271\" width=\"239\" height=\"358\"\/><figcaption class=\"wp-element-caption\">Chantal Koot<\/figcaption><\/figure>\n\n\n\n<div style=\"height:39px\" aria-hidden=\"true\" class=\"wp-block-spacer\"><\/div>\n\n\n\n<div class=\"wp-block-buttons is-layout-flex wp-block-buttons-is-layout-flex\">\n<div class=\"wp-block-button\"><a class=\"wp-block-button__link has-white-color has-vivid-purple-background-color has-text-color has-background wp-element-button\" href=\"https:\/\/www.ckoot.ca\/\" target=\"_blank\" rel=\"noreferrer noopener\">Site Web<\/a><\/div>\n\n\n\n<div class=\"wp-block-button\"><a class=\"wp-block-button__link has-white-color has-vivid-purple-background-color has-text-color has-background wp-element-button\" href=\"https:\/\/instagram.com\/ckoot?igshid=MzNlNGNkZWQ4Mg==\" target=\"_blank\" rel=\"noreferrer noopener\">Instagram<\/a><\/div>\n<\/div>\n\n\n\n<div style=\"height:39px\" aria-hidden=\"true\" class=\"wp-block-spacer\"><\/div>\n\n\n\n<p>La surprise de d\u00e9couvrir une \u0153uvre d&rsquo;art dans un jardin, au tournant d&rsquo;un chemin de randonn\u00e9e ou dans un parc public m\u2019\u00e9merveille \u00e0 tout coup. J\u2019ose r\u00eaver \u00e0 un monde o\u00f9 les gens embellissent leurs quartiers ou leurs parterres avec des \u0153uvres qu\u2019ils affectionnent. Je ne puis qu\u2019imaginer les conversations que cela pourraient engendrer entre les gens. Ayant moi-m\u00eame vu l&rsquo;effet de mes \u0153uvres sur les \u00e9changes avec mon entourage d\u00e8s que j&rsquo;installe quelques sculptures devant ma maison, je souhaite pouvoir faire de m\u00eame partout ailleurs. Que ce soit des moments du quotidien, des enfants qui jouent, une fillette sur une balan\u00e7oire, et m\u00eame des personnages imaginaires tels que des gnomes, ils sont tous sources d&rsquo;inspiration pour mes sculptures qui peuvent \u00eatre install\u00e9es \u00e0 l&rsquo;ext\u00e9rieur \u00e0 longueur d&rsquo;ann\u00e9e. Fabriqu\u00e9es \u00e0 partir des mati\u00e8res recycl\u00e9es que je trouve au gr\u00e9 de mes recherches dans les brocantes, aux march\u00e9s aux puces ou lors de promenades ne fait qu&rsquo;accro\u00eetre mon plaisir en jumelant mon souci pour l&rsquo;environnement avec mes cr\u00e9ations en r\u00e9utilisant des mati\u00e8res au lieu de bourrer les sites d&rsquo;enfouissements. Mes \u0153uvres sont con\u00e7ues avec une armature de fils de cuivre puis sculpt\u00e9es avec des feuilles d&rsquo;aluminium. Elles sont ensuite recouvertes de tissus naturels usag\u00e9s impr\u00e9gn\u00e9s d\u2019un durcisseur de tissus \u00e0 base d&rsquo;eau, Paverpol, poss\u00e9dant un sceau de s\u00e9curit\u00e9 reconnu mondialement. R\u00e9cup\u00e9rer et travailler les divers tissus usag\u00e9s en fibres naturelles (t-shirts, dentelles, nappes, foulards et autres) pour donner du mouvement et de l&rsquo;\u00e9motion \u00e0 chacune de mes \u0153uvres m&rsquo;\u00e9merveille continuellement. En plus de mes sculptures, mon souci pour l&rsquo;environnement m&rsquo;a \u00e9galement pouss\u00e9 \u00e0 recycler des pots, des bouteilles et autres r\u00e9ceptacles usag\u00e9s aux multiples formes en vases r\u00e9utilisables gr\u00e2ce au durcisseur Paverpol et autres fibres naturelles.<\/p>\n\n\n\n<div style=\"height:39px\" aria-hidden=\"true\" class=\"wp-block-spacer\"><\/div>\n\n\n\n<figure class=\"wp-block-gallery has-nested-images columns-default is-cropped wp-block-gallery-1 is-layout-flex wp-block-gallery-is-layout-flex\">\n<figure class=\"wp-block-image size-large\"><img loading=\"lazy\" decoding=\"async\" width=\"683\" height=\"1024\" data-id=\"1065\" src=\"https:\/\/routedesartsvaudreuilsoulanges.com\/wp-content\/uploads\/2023\/05\/Koot2023-1-683x1024.jpg\" alt=\"\" class=\"wp-image-1065\" srcset=\"https:\/\/routedesartsvaudreuilsoulanges.com\/wp-content\/uploads\/2023\/05\/Koot2023-1-683x1024.jpg 683w, https:\/\/routedesartsvaudreuilsoulanges.com\/wp-content\/uploads\/2023\/05\/Koot2023-1-200x300.jpg 200w, https:\/\/routedesartsvaudreuilsoulanges.com\/wp-content\/uploads\/2023\/05\/Koot2023-1-768x1152.jpg 768w, https:\/\/routedesartsvaudreuilsoulanges.com\/wp-content\/uploads\/2023\/05\/Koot2023-1-1024x1536.jpg 1024w, https:\/\/routedesartsvaudreuilsoulanges.com\/wp-content\/uploads\/2023\/05\/Koot2023-1.jpg 1280w\" sizes=\"auto, (max-width: 683px) 100vw, 683px\" \/><\/figure>\n\n\n\n<figure class=\"wp-block-image size-large\"><img loading=\"lazy\" decoding=\"async\" width=\"683\" height=\"1024\" data-id=\"1066\" src=\"https:\/\/routedesartsvaudreuilsoulanges.com\/wp-content\/uploads\/2023\/05\/Koot2023-2-683x1024.jpg\" alt=\"\" class=\"wp-image-1066\" srcset=\"https:\/\/routedesartsvaudreuilsoulanges.com\/wp-content\/uploads\/2023\/05\/Koot2023-2-683x1024.jpg 683w, https:\/\/routedesartsvaudreuilsoulanges.com\/wp-content\/uploads\/2023\/05\/Koot2023-2-200x300.jpg 200w, https:\/\/routedesartsvaudreuilsoulanges.com\/wp-content\/uploads\/2023\/05\/Koot2023-2-768x1152.jpg 768w, https:\/\/routedesartsvaudreuilsoulanges.com\/wp-content\/uploads\/2023\/05\/Koot2023-2-1024x1536.jpg 1024w, https:\/\/routedesartsvaudreuilsoulanges.com\/wp-content\/uploads\/2023\/05\/Koot2023-2.jpg 1280w\" sizes=\"auto, (max-width: 683px) 100vw, 683px\" \/><\/figure>\n\n\n\n<figure class=\"wp-block-image size-full\"><img loading=\"lazy\" decoding=\"async\" width=\"374\" height=\"598\" data-id=\"1067\" src=\"https:\/\/routedesartsvaudreuilsoulanges.com\/wp-content\/uploads\/2023\/05\/Koot2023-3.jpg\" alt=\"\" class=\"wp-image-1067\" srcset=\"https:\/\/routedesartsvaudreuilsoulanges.com\/wp-content\/uploads\/2023\/05\/Koot2023-3.jpg 374w, https:\/\/routedesartsvaudreuilsoulanges.com\/wp-content\/uploads\/2023\/05\/Koot2023-3-188x300.jpg 188w\" sizes=\"auto, (max-width: 374px) 100vw, 374px\" \/><\/figure>\n\n\n\n<figure class=\"wp-block-image size-large\"><img loading=\"lazy\" decoding=\"async\" width=\"819\" height=\"1024\" data-id=\"1068\" src=\"https:\/\/routedesartsvaudreuilsoulanges.com\/wp-content\/uploads\/2023\/05\/Koot2023-4-819x1024.jpg\" alt=\"\" class=\"wp-image-1068\" srcset=\"https:\/\/routedesartsvaudreuilsoulanges.com\/wp-content\/uploads\/2023\/05\/Koot2023-4-819x1024.jpg 819w, https:\/\/routedesartsvaudreuilsoulanges.com\/wp-content\/uploads\/2023\/05\/Koot2023-4-240x300.jpg 240w, https:\/\/routedesartsvaudreuilsoulanges.com\/wp-content\/uploads\/2023\/05\/Koot2023-4-768x960.jpg 768w, https:\/\/routedesartsvaudreuilsoulanges.com\/wp-content\/uploads\/2023\/05\/Koot2023-4-1229x1536.jpg 1229w, https:\/\/routedesartsvaudreuilsoulanges.com\/wp-content\/uploads\/2023\/05\/Koot2023-4.jpg 1280w\" sizes=\"auto, (max-width: 819px) 100vw, 819px\" \/><\/figure>\n\n\n\n<figure class=\"wp-block-image size-large\"><img loading=\"lazy\" decoding=\"async\" width=\"683\" height=\"1024\" data-id=\"1069\" src=\"https:\/\/routedesartsvaudreuilsoulanges.com\/wp-content\/uploads\/2023\/05\/Koot2023-5-683x1024.jpg\" alt=\"\" class=\"wp-image-1069\" srcset=\"https:\/\/routedesartsvaudreuilsoulanges.com\/wp-content\/uploads\/2023\/05\/Koot2023-5-683x1024.jpg 683w, https:\/\/routedesartsvaudreuilsoulanges.com\/wp-content\/uploads\/2023\/05\/Koot2023-5-200x300.jpg 200w, https:\/\/routedesartsvaudreuilsoulanges.com\/wp-content\/uploads\/2023\/05\/Koot2023-5-768x1152.jpg 768w, https:\/\/routedesartsvaudreuilsoulanges.com\/wp-content\/uploads\/2023\/05\/Koot2023-5-1024x1536.jpg 1024w, https:\/\/routedesartsvaudreuilsoulanges.com\/wp-content\/uploads\/2023\/05\/Koot2023-5-1365x2048.jpg 1365w, https:\/\/routedesartsvaudreuilsoulanges.com\/wp-content\/uploads\/2023\/05\/Koot2023-5-scaled.jpg 1707w\" sizes=\"auto, (max-width: 683px) 100vw, 683px\" \/><\/figure>\n<\/figure>\n\n\n\n<div style=\"height:39px\" aria-hidden=\"true\" class=\"wp-block-spacer\"><\/div>\n\n\n\n<p>C&rsquo;est au cours d&rsquo;une Tourn\u00e9e des ateliers de Hudson en 2016 qu&rsquo;elle d\u00e9couvre des \u0153uvres qui l&rsquo;enchantent. D\u00e8s lors, elle entreprend des cours de sculpture dans un atelier \u00e0 Saint-Lazare o\u00f9 elle apprend \u00e0 travailler avec le durcisseur de tissus Paverpol. Elle poursuit plusieurs autres cours, incluant d&rsquo;autres techniques artistiques, en personne et en ligne (pand\u00e9mie oblige). C&rsquo;est toutefois la sculpture avec r\u00e9cup\u00e9ration de mati\u00e8res qui l\u2019interpelle le plus. Elle obtient finalement sa certification Paverpol en 2022 et continue de parfaire sa technique avec chaque \u0153uvre.<\/p>\n","protected":false},"excerpt":{"rendered":"<p>La surprise de d\u00e9couvrir une \u0153uvre d&rsquo;art dans un jardin, au tournant d&rsquo;un chemin de randonn\u00e9e ou dans un parc public m\u2019\u00e9merveille \u00e0 tout coup. J\u2019ose r\u00eaver \u00e0 un monde o\u00f9 les gens embellissent leurs quartiers ou leurs parterres avec des \u0153uvres qu\u2019ils affectionnent. Je ne puis qu\u2019imaginer les conversations que cela pourraient engendrer entre [&hellip;]<\/p>\n","protected":false},"author":1,"featured_media":1065,"parent":0,"menu_order":0,"comment_status":"closed","ping_status":"closed","template":"","meta":{"footnotes":""},"class_list":["post-963","page","type-page","status-publish","has-post-thumbnail","hentry"],"_links":{"self":[{"href":"https:\/\/routedesartsvaudreuilsoulanges.com\/fr\/wp-json\/wp\/v2\/pages\/963","targetHints":{"allow":["GET"]}}],"collection":[{"href":"https:\/\/routedesartsvaudreuilsoulanges.com\/fr\/wp-json\/wp\/v2\/pages"}],"about":[{"href":"https:\/\/routedesartsvaudreuilsoulanges.com\/fr\/wp-json\/wp\/v2\/types\/page"}],"author":[{"embeddable":true,"href":"https:\/\/routedesartsvaudreuilsoulanges.com\/fr\/wp-json\/wp\/v2\/users\/1"}],"replies":[{"embeddable":true,"href":"https:\/\/routedesartsvaudreuilsoulanges.com\/fr\/wp-json\/wp\/v2\/comments?post=963"}],"version-history":[{"count":7,"href":"https:\/\/routedesartsvaudreuilsoulanges.com\/fr\/wp-json\/wp\/v2\/pages\/963\/revisions"}],"predecessor-version":[{"id":2268,"href":"https:\/\/routedesartsvaudreuilsoulanges.com\/fr\/wp-json\/wp\/v2\/pages\/963\/revisions\/2268"}],"wp:featuredmedia":[{"embeddable":true,"href":"https:\/\/routedesartsvaudreuilsoulanges.com\/fr\/wp-json\/wp\/v2\/media\/1065"}],"wp:attachment":[{"href":"https:\/\/routedesartsvaudreuilsoulanges.com\/fr\/wp-json\/wp\/v2\/media?parent=963"}],"curies":[{"name":"wp","href":"https:\/\/api.w.org\/{rel}","templated":true}]}}