{"id":971,"date":"2023-05-25T20:08:05","date_gmt":"2023-05-26T01:08:05","guid":{"rendered":"https:\/\/routedesartsvaudreuilsoulanges.com\/?page_id=971"},"modified":"2025-04-22T21:15:34","modified_gmt":"2025-04-23T02:15:34","slug":"ginette-malouin-23","status":"publish","type":"page","link":"https:\/\/routedesartsvaudreuilsoulanges.com\/fr\/ginette-malouin-23\/","title":{"rendered":"2023 GINETTE MALOUIN"},"content":{"rendered":"\n<figure class=\"wp-block-image size-full is-resized\"><img loading=\"lazy\" decoding=\"async\" src=\"https:\/\/routedesartsvaudreuilsoulanges.com\/wp-content\/uploads\/2022\/08\/photo-ginette-malouin-mai-2022-stephane-scaled.jpg\" alt=\"\" class=\"wp-image-851\" width=\"241\" height=\"241\" srcset=\"https:\/\/routedesartsvaudreuilsoulanges.com\/wp-content\/uploads\/2022\/08\/photo-ginette-malouin-mai-2022-stephane-scaled.jpg 2557w, https:\/\/routedesartsvaudreuilsoulanges.com\/wp-content\/uploads\/2022\/08\/photo-ginette-malouin-mai-2022-stephane-300x300.jpg 300w\" sizes=\"auto, (max-width: 241px) 100vw, 241px\" \/><figcaption class=\"wp-element-caption\">Ginette Malouin<\/figcaption><\/figure>\n\n\n\n<div style=\"height:39px\" aria-hidden=\"true\" class=\"wp-block-spacer\"><\/div>\n\n\n\n<div class=\"wp-block-buttons is-layout-flex wp-block-buttons-is-layout-flex\">\n<div class=\"wp-block-button\"><a class=\"wp-block-button__link has-white-color has-vivid-purple-background-color has-text-color has-background wp-element-button\" href=\"https:\/\/ginettemalouin.com\" target=\"_blank\" rel=\"noreferrer noopener\">Site web<\/a><\/div>\n\n\n\n<div class=\"wp-block-button\"><a class=\"wp-block-button__link has-white-color has-vivid-purple-background-color has-text-color has-background wp-element-button\" href=\"https:\/\/www.facebook.com\/GinetteMalouinArtistePeintre\" target=\"_blank\" rel=\"noreferrer noopener\">Facebook<\/a><\/div>\n<\/div>\n\n\n\n<p>Native de Montr\u00e9al, je demeure depuis plus de 50 ans dans la r\u00e9gion de Vaudreuil-Soulanges o\u00f9 existe une communaut\u00e9 artistique dynamique et inspirante. Artiste dans l\u2019\u00e2me, je poss\u00e8de un c\u00f4t\u00e9 cart\u00e9sien et structur\u00e9. Quand les deux s\u2019affrontent, survient le chaos\u2026 contr\u00f4l\u00e9 ou pas\u2026. De l\u00e0 souvent cette r\u00e9f\u00e9rence figurative souvent int\u00e9gr\u00e9e \u00e0 l\u2019abstraction de mon \u0153uvre. Je peins par \u00e9mergence. Cette forme d&rsquo;expression permettant de r\u00e9pondre spontan\u00e9ment au geste cr\u00e9ateur sans sujet de d\u00e9part et sans id\u00e9e pr\u00e9con\u00e7ue. Il s&rsquo;agit tout simplement d&rsquo;\u00eatre l\u00e0, d&rsquo;accepter de sortir de l&rsquo;image qu&rsquo;on se fait de la peinture et du peintre en action, et de devenir disponible \u00e0 la d\u00e9couverte de soi-m\u00eame et de sa cr\u00e9ativit\u00e9. Tout m\u2019inspire. Tout est beaut\u00e9 si on prend le temps de regarder, de s\u2019arr\u00eater. Je laisse les images, les sons, les \u00e9motions m\u2019impr\u00e9gner et \u00e0 mon insu, c\u2019est sur ma toile qu\u2019ils se retrouvent. Je privil\u00e9gie surtout les techniques mixtes et les m\u00e9diums \u00e0 l\u2019eau. Je travaille sur papier de soie maroufl\u00e9 sur toile, sur Terraskin ou directement sur le canevas ou le bois. J\u2019exp\u00e9rimente aussi les p\u00e2tes de structure. J\u2019ajoute parfois des collages et diverses mati\u00e8res. Derni\u00e8rement, j&rsquo;ai commenc\u00e9 \u00e0 exp\u00e9rimenter la gravure. Vous retrouverez dans mon \u0153uvre, spontan\u00e9it\u00e9, mouvement, transparence et fluidit\u00e9.<\/p>\n\n\n\n<div style=\"height:39px\" aria-hidden=\"true\" class=\"wp-block-spacer\"><\/div>\n\n\n\n<figure class=\"wp-block-gallery has-nested-images columns-default is-cropped wp-block-gallery-1 is-layout-flex wp-block-gallery-is-layout-flex\">\n<figure class=\"wp-block-image size-large\"><img loading=\"lazy\" decoding=\"async\" width=\"1024\" height=\"672\" data-id=\"1089\" src=\"https:\/\/routedesartsvaudreuilsoulanges.com\/wp-content\/uploads\/2023\/05\/Malouin2023_5-1024x672.jpg\" alt=\"\" class=\"wp-image-1089\" srcset=\"https:\/\/routedesartsvaudreuilsoulanges.com\/wp-content\/uploads\/2023\/05\/Malouin2023_5-1024x672.jpg 1024w, https:\/\/routedesartsvaudreuilsoulanges.com\/wp-content\/uploads\/2023\/05\/Malouin2023_5-300x197.jpg 300w, https:\/\/routedesartsvaudreuilsoulanges.com\/wp-content\/uploads\/2023\/05\/Malouin2023_5-768x504.jpg 768w, https:\/\/routedesartsvaudreuilsoulanges.com\/wp-content\/uploads\/2023\/05\/Malouin2023_5-1536x1008.jpg 1536w, https:\/\/routedesartsvaudreuilsoulanges.com\/wp-content\/uploads\/2023\/05\/Malouin2023_5-2048x1343.jpg 2048w\" sizes=\"auto, (max-width: 1024px) 100vw, 1024px\" \/><\/figure>\n\n\n\n<figure class=\"wp-block-image size-large\"><img loading=\"lazy\" decoding=\"async\" width=\"642\" height=\"1024\" data-id=\"1088\" src=\"https:\/\/routedesartsvaudreuilsoulanges.com\/wp-content\/uploads\/2023\/05\/Malouin2023_4-642x1024.jpg\" alt=\"\" class=\"wp-image-1088\" srcset=\"https:\/\/routedesartsvaudreuilsoulanges.com\/wp-content\/uploads\/2023\/05\/Malouin2023_4-642x1024.jpg 642w, https:\/\/routedesartsvaudreuilsoulanges.com\/wp-content\/uploads\/2023\/05\/Malouin2023_4-188x300.jpg 188w, https:\/\/routedesartsvaudreuilsoulanges.com\/wp-content\/uploads\/2023\/05\/Malouin2023_4-768x1225.jpg 768w, https:\/\/routedesartsvaudreuilsoulanges.com\/wp-content\/uploads\/2023\/05\/Malouin2023_4-963x1536.jpg 963w, https:\/\/routedesartsvaudreuilsoulanges.com\/wp-content\/uploads\/2023\/05\/Malouin2023_4.jpg 1091w\" sizes=\"auto, (max-width: 642px) 100vw, 642px\" \/><\/figure>\n\n\n\n<figure class=\"wp-block-image size-large\"><img loading=\"lazy\" decoding=\"async\" width=\"520\" height=\"1024\" data-id=\"1087\" src=\"https:\/\/routedesartsvaudreuilsoulanges.com\/wp-content\/uploads\/2023\/05\/Malouin2023_3-520x1024.jpg\" alt=\"\" class=\"wp-image-1087\" srcset=\"https:\/\/routedesartsvaudreuilsoulanges.com\/wp-content\/uploads\/2023\/05\/Malouin2023_3-520x1024.jpg 520w, https:\/\/routedesartsvaudreuilsoulanges.com\/wp-content\/uploads\/2023\/05\/Malouin2023_3-152x300.jpg 152w, https:\/\/routedesartsvaudreuilsoulanges.com\/wp-content\/uploads\/2023\/05\/Malouin2023_3-768x1512.jpg 768w, https:\/\/routedesartsvaudreuilsoulanges.com\/wp-content\/uploads\/2023\/05\/Malouin2023_3-780x1536.jpg 780w, https:\/\/routedesartsvaudreuilsoulanges.com\/wp-content\/uploads\/2023\/05\/Malouin2023_3-1040x2048.jpg 1040w, https:\/\/routedesartsvaudreuilsoulanges.com\/wp-content\/uploads\/2023\/05\/Malouin2023_3.jpg 1230w\" sizes=\"auto, (max-width: 520px) 100vw, 520px\" \/><\/figure>\n\n\n\n<figure class=\"wp-block-image size-large\"><img loading=\"lazy\" decoding=\"async\" width=\"665\" height=\"1024\" data-id=\"1086\" src=\"https:\/\/routedesartsvaudreuilsoulanges.com\/wp-content\/uploads\/2023\/05\/Malouin2023_2-665x1024.jpg\" alt=\"\" class=\"wp-image-1086\" srcset=\"https:\/\/routedesartsvaudreuilsoulanges.com\/wp-content\/uploads\/2023\/05\/Malouin2023_2-665x1024.jpg 665w, https:\/\/routedesartsvaudreuilsoulanges.com\/wp-content\/uploads\/2023\/05\/Malouin2023_2-195x300.jpg 195w, https:\/\/routedesartsvaudreuilsoulanges.com\/wp-content\/uploads\/2023\/05\/Malouin2023_2-768x1182.jpg 768w, https:\/\/routedesartsvaudreuilsoulanges.com\/wp-content\/uploads\/2023\/05\/Malouin2023_2-998x1536.jpg 998w, https:\/\/routedesartsvaudreuilsoulanges.com\/wp-content\/uploads\/2023\/05\/Malouin2023_2-1331x2048.jpg 1331w, https:\/\/routedesartsvaudreuilsoulanges.com\/wp-content\/uploads\/2023\/05\/Malouin2023_2.jpg 1364w\" sizes=\"auto, (max-width: 665px) 100vw, 665px\" \/><\/figure>\n\n\n\n<figure class=\"wp-block-image size-full\"><img loading=\"lazy\" decoding=\"async\" width=\"750\" height=\"755\" data-id=\"1085\" src=\"https:\/\/routedesartsvaudreuilsoulanges.com\/wp-content\/uploads\/2023\/05\/Malouin2023_1.jpg\" alt=\"\" class=\"wp-image-1085\" srcset=\"https:\/\/routedesartsvaudreuilsoulanges.com\/wp-content\/uploads\/2023\/05\/Malouin2023_1.jpg 750w, https:\/\/routedesartsvaudreuilsoulanges.com\/wp-content\/uploads\/2023\/05\/Malouin2023_1-298x300.jpg 298w, https:\/\/routedesartsvaudreuilsoulanges.com\/wp-content\/uploads\/2023\/05\/Malouin2023_1-150x150.jpg 150w\" sizes=\"auto, (max-width: 750px) 100vw, 750px\" \/><\/figure>\n<\/figure>\n\n\n\n<div style=\"height:39px\" aria-hidden=\"true\" class=\"wp-block-spacer\"><\/div>\n\n\n\n<p>Formations<br>2022 Atelier de collagraphie avec Carmen Dubuc, Atelier Glypto, Lasalle<br>2019 Atelier de gravure monotype, gravure sur bois et lino, avec Marie-Ange Brassard, atelier Glypto, Lasalle 2018 De l&rsquo;observation \u00e0 l&rsquo;abstraction, Lorna Mulligan Centre des Arts Visuels, Mtl<\/p>\n","protected":false},"excerpt":{"rendered":"<p>Native de Montr\u00e9al, je demeure depuis plus de 50 ans dans la r\u00e9gion de Vaudreuil-Soulanges o\u00f9 existe une communaut\u00e9 artistique dynamique et inspirante. Artiste dans l\u2019\u00e2me, je poss\u00e8de un c\u00f4t\u00e9 cart\u00e9sien et structur\u00e9. Quand les deux s\u2019affrontent, survient le chaos\u2026 contr\u00f4l\u00e9 ou pas\u2026. De l\u00e0 souvent cette r\u00e9f\u00e9rence figurative souvent int\u00e9gr\u00e9e \u00e0 l\u2019abstraction de mon [&hellip;]<\/p>\n","protected":false},"author":1,"featured_media":1086,"parent":0,"menu_order":0,"comment_status":"closed","ping_status":"closed","template":"","meta":{"footnotes":""},"class_list":["post-971","page","type-page","status-publish","has-post-thumbnail","hentry"],"_links":{"self":[{"href":"https:\/\/routedesartsvaudreuilsoulanges.com\/fr\/wp-json\/wp\/v2\/pages\/971","targetHints":{"allow":["GET"]}}],"collection":[{"href":"https:\/\/routedesartsvaudreuilsoulanges.com\/fr\/wp-json\/wp\/v2\/pages"}],"about":[{"href":"https:\/\/routedesartsvaudreuilsoulanges.com\/fr\/wp-json\/wp\/v2\/types\/page"}],"author":[{"embeddable":true,"href":"https:\/\/routedesartsvaudreuilsoulanges.com\/fr\/wp-json\/wp\/v2\/users\/1"}],"replies":[{"embeddable":true,"href":"https:\/\/routedesartsvaudreuilsoulanges.com\/fr\/wp-json\/wp\/v2\/comments?post=971"}],"version-history":[{"count":7,"href":"https:\/\/routedesartsvaudreuilsoulanges.com\/fr\/wp-json\/wp\/v2\/pages\/971\/revisions"}],"predecessor-version":[{"id":2277,"href":"https:\/\/routedesartsvaudreuilsoulanges.com\/fr\/wp-json\/wp\/v2\/pages\/971\/revisions\/2277"}],"wp:featuredmedia":[{"embeddable":true,"href":"https:\/\/routedesartsvaudreuilsoulanges.com\/fr\/wp-json\/wp\/v2\/media\/1086"}],"wp:attachment":[{"href":"https:\/\/routedesartsvaudreuilsoulanges.com\/fr\/wp-json\/wp\/v2\/media?parent=971"}],"curies":[{"name":"wp","href":"https:\/\/api.w.org\/{rel}","templated":true}]}}