{"id":973,"date":"2023-05-25T20:08:57","date_gmt":"2023-05-26T01:08:57","guid":{"rendered":"https:\/\/routedesartsvaudreuilsoulanges.com\/?page_id=973"},"modified":"2025-04-22T21:13:19","modified_gmt":"2025-04-23T02:13:19","slug":"avrum-miller-23","status":"publish","type":"page","link":"https:\/\/routedesartsvaudreuilsoulanges.com\/fr\/avrum-miller-23\/","title":{"rendered":"2023 AVRUM MILLER"},"content":{"rendered":"\n<figure class=\"wp-block-image size-large is-resized\"><img loading=\"lazy\" decoding=\"async\" src=\"https:\/\/routedesartsvaudreuilsoulanges.com\/wp-content\/uploads\/2022\/06\/Avrum-edited-767x1024.jpg\" alt=\"\" class=\"wp-image-837\" width=\"192\" height=\"256\" srcset=\"https:\/\/routedesartsvaudreuilsoulanges.com\/wp-content\/uploads\/2022\/06\/Avrum-edited-767x1024.jpg 767w, https:\/\/routedesartsvaudreuilsoulanges.com\/wp-content\/uploads\/2022\/06\/Avrum-edited-225x300.jpg 225w, https:\/\/routedesartsvaudreuilsoulanges.com\/wp-content\/uploads\/2022\/06\/Avrum-edited-768x1025.jpg 768w, https:\/\/routedesartsvaudreuilsoulanges.com\/wp-content\/uploads\/2022\/06\/Avrum-edited-480x640.jpg 480w, https:\/\/routedesartsvaudreuilsoulanges.com\/wp-content\/uploads\/2022\/06\/Avrum-edited.jpg 921w\" sizes=\"auto, (max-width: 192px) 100vw, 192px\" \/><figcaption class=\"wp-element-caption\">Avrum Miller<\/figcaption><\/figure>\n\n\n\n<div style=\"height:39px\" aria-hidden=\"true\" class=\"wp-block-spacer\"><\/div>\n\n\n\n<div class=\"wp-block-buttons is-layout-flex wp-block-buttons-is-layout-flex\">\n<div class=\"wp-block-button\"><a class=\"wp-block-button__link has-white-color has-vivid-purple-background-color has-text-color has-background wp-element-button\" href=\"http:\/\/amwoodwallart.com\" target=\"_blank\" rel=\"noreferrer noopener\">Site Web<\/a><\/div>\n<\/div>\n\n\n\n<div style=\"height:41px\" aria-hidden=\"true\" class=\"wp-block-spacer\"><\/div>\n\n\n\n<p>Je fais de la marqueterie en bois et fabrique des produits uniques tels que des coffrets, des planches de d\u00e9coupage, des cabarets, et des enseignes. Je cr\u00e9e d&rsquo;abord le design. Puis je choisi mon bois dur et je le taille en pi\u00e8ce pour le projet donn\u00e9. Je privil\u00e9gie le bois exotique que je me procure \u00e0 la scierie JMT de Saint-Lazare. Je pr\u00e9f\u00e8re les finitions naturelles. Depuis un an, j&rsquo;int\u00e8gre dans mes projets dautres mat\u00e9riaux tels que cordes et r\u00e9sine afin . d&rsquo;avoir plus de contraste et de la luminosit\u00e9.&nbsp;<\/p>\n\n\n\n<div style=\"height:41px\" aria-hidden=\"true\" class=\"wp-block-spacer\"><\/div>\n\n\n\n<figure class=\"wp-block-gallery has-nested-images columns-default is-cropped wp-block-gallery-1 is-layout-flex wp-block-gallery-is-layout-flex\">\n<figure class=\"wp-block-image size-full\"><img loading=\"lazy\" decoding=\"async\" width=\"480\" height=\"500\" data-id=\"1053\" src=\"https:\/\/routedesartsvaudreuilsoulanges.com\/wp-content\/uploads\/2023\/05\/Miller2023_1.jpg\" alt=\"\" class=\"wp-image-1053\" srcset=\"https:\/\/routedesartsvaudreuilsoulanges.com\/wp-content\/uploads\/2023\/05\/Miller2023_1.jpg 480w, https:\/\/routedesartsvaudreuilsoulanges.com\/wp-content\/uploads\/2023\/05\/Miller2023_1-288x300.jpg 288w\" sizes=\"auto, (max-width: 480px) 100vw, 480px\" \/><\/figure>\n\n\n\n<figure class=\"wp-block-image size-full\"><img loading=\"lazy\" decoding=\"async\" width=\"373\" height=\"640\" data-id=\"1054\" src=\"https:\/\/routedesartsvaudreuilsoulanges.com\/wp-content\/uploads\/2023\/05\/Miller2023_2.jpg\" alt=\"\" class=\"wp-image-1054\" srcset=\"https:\/\/routedesartsvaudreuilsoulanges.com\/wp-content\/uploads\/2023\/05\/Miller2023_2.jpg 373w, https:\/\/routedesartsvaudreuilsoulanges.com\/wp-content\/uploads\/2023\/05\/Miller2023_2-175x300.jpg 175w\" sizes=\"auto, (max-width: 373px) 100vw, 373px\" \/><\/figure>\n\n\n\n<figure class=\"wp-block-image size-full\"><img loading=\"lazy\" decoding=\"async\" width=\"317\" height=\"640\" data-id=\"1055\" src=\"https:\/\/routedesartsvaudreuilsoulanges.com\/wp-content\/uploads\/2023\/05\/Miller2023_3.jpg\" alt=\"\" class=\"wp-image-1055\" srcset=\"https:\/\/routedesartsvaudreuilsoulanges.com\/wp-content\/uploads\/2023\/05\/Miller2023_3.jpg 317w, https:\/\/routedesartsvaudreuilsoulanges.com\/wp-content\/uploads\/2023\/05\/Miller2023_3-149x300.jpg 149w\" sizes=\"auto, (max-width: 317px) 100vw, 317px\" \/><\/figure>\n\n\n\n<figure class=\"wp-block-image size-full\"><img loading=\"lazy\" decoding=\"async\" width=\"481\" height=\"616\" data-id=\"1056\" src=\"https:\/\/routedesartsvaudreuilsoulanges.com\/wp-content\/uploads\/2023\/05\/Miller2023_4.jpg\" alt=\"\" class=\"wp-image-1056\" srcset=\"https:\/\/routedesartsvaudreuilsoulanges.com\/wp-content\/uploads\/2023\/05\/Miller2023_4.jpg 481w, https:\/\/routedesartsvaudreuilsoulanges.com\/wp-content\/uploads\/2023\/05\/Miller2023_4-234x300.jpg 234w\" sizes=\"auto, (max-width: 481px) 100vw, 481px\" \/><\/figure>\n\n\n\n<figure class=\"wp-block-image size-full\"><img loading=\"lazy\" decoding=\"async\" width=\"481\" height=\"626\" data-id=\"1057\" src=\"https:\/\/routedesartsvaudreuilsoulanges.com\/wp-content\/uploads\/2023\/05\/Miller2023_5.jpg\" alt=\"\" class=\"wp-image-1057\" srcset=\"https:\/\/routedesartsvaudreuilsoulanges.com\/wp-content\/uploads\/2023\/05\/Miller2023_5.jpg 481w, https:\/\/routedesartsvaudreuilsoulanges.com\/wp-content\/uploads\/2023\/05\/Miller2023_5-231x300.jpg 231w\" sizes=\"auto, (max-width: 481px) 100vw, 481px\" \/><\/figure>\n<\/figure>\n\n\n\n<div style=\"height:41px\" aria-hidden=\"true\" class=\"wp-block-spacer\"><\/div>\n\n\n\n<p>\u00c0 l&rsquo;\u00e9cole d&rsquo;architecture, lors de ma ma\u00eetrise en 1971, je faisais des maquettes de bois pour illustrer mes projets. Pendant ma carri\u00e8re en urbanisme et en d\u00e9veloppement immobilier, j&rsquo;ai eu la chance de pr\u00e9parer des maquettes et d&rsquo;acheter des oeuvres d&rsquo;art pour orner nos immeubles. J&rsquo;ai pr\u00e9sid\u00e9 des comit\u00e9s charg\u00e9s \u00e0 choisir des sculptures d&rsquo;art, par exemple la grande sculpture au port de Trois-Rivi\u00e8res. J&rsquo;ai aussi fabriqu\u00e9 nombreux meubles.<\/p>\n","protected":false},"excerpt":{"rendered":"<p>Je fais de la marqueterie en bois et fabrique des produits uniques tels que des coffrets, des planches de d\u00e9coupage, des cabarets, et des enseignes. Je cr\u00e9e d&rsquo;abord le design. Puis je choisi mon bois dur et je le taille en pi\u00e8ce pour le projet donn\u00e9. Je privil\u00e9gie le bois exotique que je me procure [&hellip;]<\/p>\n","protected":false},"author":1,"featured_media":1054,"parent":0,"menu_order":0,"comment_status":"closed","ping_status":"closed","template":"","meta":{"footnotes":""},"class_list":["post-973","page","type-page","status-publish","has-post-thumbnail","hentry"],"_links":{"self":[{"href":"https:\/\/routedesartsvaudreuilsoulanges.com\/fr\/wp-json\/wp\/v2\/pages\/973","targetHints":{"allow":["GET"]}}],"collection":[{"href":"https:\/\/routedesartsvaudreuilsoulanges.com\/fr\/wp-json\/wp\/v2\/pages"}],"about":[{"href":"https:\/\/routedesartsvaudreuilsoulanges.com\/fr\/wp-json\/wp\/v2\/types\/page"}],"author":[{"embeddable":true,"href":"https:\/\/routedesartsvaudreuilsoulanges.com\/fr\/wp-json\/wp\/v2\/users\/1"}],"replies":[{"embeddable":true,"href":"https:\/\/routedesartsvaudreuilsoulanges.com\/fr\/wp-json\/wp\/v2\/comments?post=973"}],"version-history":[{"count":9,"href":"https:\/\/routedesartsvaudreuilsoulanges.com\/fr\/wp-json\/wp\/v2\/pages\/973\/revisions"}],"predecessor-version":[{"id":2266,"href":"https:\/\/routedesartsvaudreuilsoulanges.com\/fr\/wp-json\/wp\/v2\/pages\/973\/revisions\/2266"}],"wp:featuredmedia":[{"embeddable":true,"href":"https:\/\/routedesartsvaudreuilsoulanges.com\/fr\/wp-json\/wp\/v2\/media\/1054"}],"wp:attachment":[{"href":"https:\/\/routedesartsvaudreuilsoulanges.com\/fr\/wp-json\/wp\/v2\/media?parent=973"}],"curies":[{"name":"wp","href":"https:\/\/api.w.org\/{rel}","templated":true}]}}