{"id":975,"date":"2023-05-25T20:09:33","date_gmt":"2023-05-26T01:09:33","guid":{"rendered":"https:\/\/routedesartsvaudreuilsoulanges.com\/?page_id=975"},"modified":"2025-04-22T21:14:09","modified_gmt":"2025-04-23T02:14:09","slug":"daniela-mircescu-23","status":"publish","type":"page","link":"https:\/\/routedesartsvaudreuilsoulanges.com\/fr\/daniela-mircescu-23\/","title":{"rendered":"2023 DANIELA MIRCESCU"},"content":{"rendered":"\n<figure class=\"wp-block-image size-full is-resized\"><img loading=\"lazy\" decoding=\"async\" src=\"https:\/\/routedesartsvaudreuilsoulanges.com\/wp-content\/uploads\/2023\/07\/Daniela-M.jpg\" alt=\"\" class=\"wp-image-1273\" width=\"286\" height=\"344\" srcset=\"https:\/\/routedesartsvaudreuilsoulanges.com\/wp-content\/uploads\/2023\/07\/Daniela-M.jpg 595w, https:\/\/routedesartsvaudreuilsoulanges.com\/wp-content\/uploads\/2023\/07\/Daniela-M-249x300.jpg 249w\" sizes=\"auto, (max-width: 286px) 100vw, 286px\" \/><figcaption class=\"wp-element-caption\">Daniela Mircescu<\/figcaption><\/figure>\n\n\n\n<div style=\"height:41px\" aria-hidden=\"true\" class=\"wp-block-spacer\"><\/div>\n\n\n\n<div class=\"wp-block-buttons is-layout-flex wp-block-buttons-is-layout-flex\">\n<div class=\"wp-block-button\"><a class=\"wp-block-button__link has-white-color has-vivid-purple-background-color has-text-color has-background wp-element-button\" href=\"https:\/\/www.instagram.com\/daniela_m_art\/\" target=\"_blank\" rel=\"noreferrer noopener\">Instagram<\/a><\/div>\n\n\n\n<div class=\"wp-block-button\"><a class=\"wp-block-button__link has-white-color has-vivid-purple-background-color has-text-color has-background wp-element-button\" href=\"https:\/\/www.facebook.com\/DanielaMArtGallery\" target=\"_blank\" rel=\"noreferrer noopener\">Facebook<\/a><\/div>\n<\/div>\n\n\n\n<div style=\"height:41px\" aria-hidden=\"true\" class=\"wp-block-spacer\"><\/div>\n\n\n\n<p>Je suis passionn\u00e9e par le jeu de l\u2019ombre et de la lumi\u00e8re, les reflets subtiles ou la danse des couleurs floues sur le papier et sur la toile. La possibilit\u00e9 de cr\u00e9er une certaine atmosph\u00e8re , de reproduire un certain regard ou des couleurs sp\u00e9ciales sont utilis\u00e9es afin de transporter mon publique dans un monde magique m\u00eame si les sujets que j\u2019aborde sont apparemment anodins, sur la tole je n\u2019ai pas mis juste une image, mais aussi des sentiments, des souvenirs et une portion de mes r\u00eaves et de mon \u00e2me. \u00c0 l\u2019aquarelle, au fusain ou \u00e0 la peinture j\u2019aimerais inviter celui qui regarde \u00e0 s\u2019arr\u00eater un peu pour retrouver un moment de calme, d\u2019introspection ou de bonheur.<\/p>\n\n\n\n<div style=\"height:41px\" aria-hidden=\"true\" class=\"wp-block-spacer\"><\/div>\n\n\n\n<figure class=\"wp-block-gallery has-nested-images columns-default is-cropped wp-block-gallery-1 is-layout-flex wp-block-gallery-is-layout-flex\">\n<figure class=\"wp-block-image size-large\"><img loading=\"lazy\" decoding=\"async\" width=\"1024\" height=\"507\" data-id=\"1076\" src=\"https:\/\/routedesartsvaudreuilsoulanges.com\/wp-content\/uploads\/2023\/05\/Mircescu2023_5-1024x507.jpg\" alt=\"\" class=\"wp-image-1076\" srcset=\"https:\/\/routedesartsvaudreuilsoulanges.com\/wp-content\/uploads\/2023\/05\/Mircescu2023_5-1024x507.jpg 1024w, https:\/\/routedesartsvaudreuilsoulanges.com\/wp-content\/uploads\/2023\/05\/Mircescu2023_5-300x148.jpg 300w, https:\/\/routedesartsvaudreuilsoulanges.com\/wp-content\/uploads\/2023\/05\/Mircescu2023_5-768x380.jpg 768w, https:\/\/routedesartsvaudreuilsoulanges.com\/wp-content\/uploads\/2023\/05\/Mircescu2023_5-1536x760.jpg 1536w, https:\/\/routedesartsvaudreuilsoulanges.com\/wp-content\/uploads\/2023\/05\/Mircescu2023_5.jpg 1902w\" sizes=\"auto, (max-width: 1024px) 100vw, 1024px\" \/><\/figure>\n\n\n\n<figure class=\"wp-block-image size-large\"><img loading=\"lazy\" decoding=\"async\" width=\"714\" height=\"1024\" data-id=\"1075\" src=\"https:\/\/routedesartsvaudreuilsoulanges.com\/wp-content\/uploads\/2023\/05\/Mircescu2023_4-714x1024.jpg\" alt=\"\" class=\"wp-image-1075\" srcset=\"https:\/\/routedesartsvaudreuilsoulanges.com\/wp-content\/uploads\/2023\/05\/Mircescu2023_4-714x1024.jpg 714w, https:\/\/routedesartsvaudreuilsoulanges.com\/wp-content\/uploads\/2023\/05\/Mircescu2023_4-209x300.jpg 209w, https:\/\/routedesartsvaudreuilsoulanges.com\/wp-content\/uploads\/2023\/05\/Mircescu2023_4-768x1101.jpg 768w, https:\/\/routedesartsvaudreuilsoulanges.com\/wp-content\/uploads\/2023\/05\/Mircescu2023_4-1072x1536.jpg 1072w, https:\/\/routedesartsvaudreuilsoulanges.com\/wp-content\/uploads\/2023\/05\/Mircescu2023_4-1429x2048.jpg 1429w, https:\/\/routedesartsvaudreuilsoulanges.com\/wp-content\/uploads\/2023\/05\/Mircescu2023_4-scaled.jpg 1786w\" sizes=\"auto, (max-width: 714px) 100vw, 714px\" \/><\/figure>\n\n\n\n<figure class=\"wp-block-image size-large\"><img loading=\"lazy\" decoding=\"async\" width=\"816\" height=\"1024\" data-id=\"1074\" src=\"https:\/\/routedesartsvaudreuilsoulanges.com\/wp-content\/uploads\/2023\/05\/Mircescu2023_3-816x1024.jpg\" alt=\"\" class=\"wp-image-1074\" srcset=\"https:\/\/routedesartsvaudreuilsoulanges.com\/wp-content\/uploads\/2023\/05\/Mircescu2023_3-816x1024.jpg 816w, https:\/\/routedesartsvaudreuilsoulanges.com\/wp-content\/uploads\/2023\/05\/Mircescu2023_3-239x300.jpg 239w, https:\/\/routedesartsvaudreuilsoulanges.com\/wp-content\/uploads\/2023\/05\/Mircescu2023_3-768x964.jpg 768w, https:\/\/routedesartsvaudreuilsoulanges.com\/wp-content\/uploads\/2023\/05\/Mircescu2023_3.jpg 1076w\" sizes=\"auto, (max-width: 816px) 100vw, 816px\" \/><\/figure>\n\n\n\n<figure class=\"wp-block-image size-large\"><img loading=\"lazy\" decoding=\"async\" width=\"825\" height=\"1024\" data-id=\"1073\" src=\"https:\/\/routedesartsvaudreuilsoulanges.com\/wp-content\/uploads\/2023\/05\/Mircescu2023_2-825x1024.jpg\" alt=\"\" class=\"wp-image-1073\" srcset=\"https:\/\/routedesartsvaudreuilsoulanges.com\/wp-content\/uploads\/2023\/05\/Mircescu2023_2-825x1024.jpg 825w, https:\/\/routedesartsvaudreuilsoulanges.com\/wp-content\/uploads\/2023\/05\/Mircescu2023_2-242x300.jpg 242w, https:\/\/routedesartsvaudreuilsoulanges.com\/wp-content\/uploads\/2023\/05\/Mircescu2023_2-768x953.jpg 768w, https:\/\/routedesartsvaudreuilsoulanges.com\/wp-content\/uploads\/2023\/05\/Mircescu2023_2-1238x1536.jpg 1238w, https:\/\/routedesartsvaudreuilsoulanges.com\/wp-content\/uploads\/2023\/05\/Mircescu2023_2-1651x2048.jpg 1651w\" sizes=\"auto, (max-width: 825px) 100vw, 825px\" \/><\/figure>\n\n\n\n<figure class=\"wp-block-image size-large\"><img loading=\"lazy\" decoding=\"async\" width=\"1024\" height=\"507\" data-id=\"1076\" src=\"https:\/\/routedesartsvaudreuilsoulanges.com\/wp-content\/uploads\/2023\/05\/Mircescu2023_5-1024x507.jpg\" alt=\"\" class=\"wp-image-1076\" srcset=\"https:\/\/routedesartsvaudreuilsoulanges.com\/wp-content\/uploads\/2023\/05\/Mircescu2023_5-1024x507.jpg 1024w, https:\/\/routedesartsvaudreuilsoulanges.com\/wp-content\/uploads\/2023\/05\/Mircescu2023_5-300x148.jpg 300w, https:\/\/routedesartsvaudreuilsoulanges.com\/wp-content\/uploads\/2023\/05\/Mircescu2023_5-768x380.jpg 768w, https:\/\/routedesartsvaudreuilsoulanges.com\/wp-content\/uploads\/2023\/05\/Mircescu2023_5-1536x760.jpg 1536w, https:\/\/routedesartsvaudreuilsoulanges.com\/wp-content\/uploads\/2023\/05\/Mircescu2023_5.jpg 1902w\" sizes=\"auto, (max-width: 1024px) 100vw, 1024px\" \/><\/figure>\n<\/figure>\n\n\n\n<div style=\"height:41px\" aria-hidden=\"true\" class=\"wp-block-spacer\"><\/div>\n\n\n\n<p>Je suis traductrice par formation (\u00e9tudes universitaires achev\u00e9es en Roumanie, mon pays d\u2019origine) et artiste peintre autodidacte. Je pratique la peinture et le dessin depuis une dizaine d\u2019ann\u00e9es, mais avec plus d\u2019emphase dans les derniers cinq ans. J\u2019ai expos\u00e9 dans le pass\u00e9 \u00e0 la biblioth\u00e8que de l\u2019Ile Perrot et \u00e0 l\u2019Artelier du Village. Je suis membre de l\u2019association Val\u00e9dar. Cette ann\u00e9e j\u2019ai recommenc\u00e9 \u00e0 donner des cours de peinture chez DeSerres \u00e0 Vaudreuil.<\/p>\n","protected":false},"excerpt":{"rendered":"<p>Je suis passionn\u00e9e par le jeu de l\u2019ombre et de la lumi\u00e8re, les reflets subtiles ou la danse des couleurs floues sur le papier et sur la toile. La possibilit\u00e9 de cr\u00e9er une certaine atmosph\u00e8re , de reproduire un certain regard ou des couleurs sp\u00e9ciales sont utilis\u00e9es afin de transporter mon publique dans un monde [&hellip;]<\/p>\n","protected":false},"author":1,"featured_media":1075,"parent":0,"menu_order":0,"comment_status":"closed","ping_status":"closed","template":"","meta":{"footnotes":""},"class_list":["post-975","page","type-page","status-publish","has-post-thumbnail","hentry"],"_links":{"self":[{"href":"https:\/\/routedesartsvaudreuilsoulanges.com\/fr\/wp-json\/wp\/v2\/pages\/975","targetHints":{"allow":["GET"]}}],"collection":[{"href":"https:\/\/routedesartsvaudreuilsoulanges.com\/fr\/wp-json\/wp\/v2\/pages"}],"about":[{"href":"https:\/\/routedesartsvaudreuilsoulanges.com\/fr\/wp-json\/wp\/v2\/types\/page"}],"author":[{"embeddable":true,"href":"https:\/\/routedesartsvaudreuilsoulanges.com\/fr\/wp-json\/wp\/v2\/users\/1"}],"replies":[{"embeddable":true,"href":"https:\/\/routedesartsvaudreuilsoulanges.com\/fr\/wp-json\/wp\/v2\/comments?post=975"}],"version-history":[{"count":9,"href":"https:\/\/routedesartsvaudreuilsoulanges.com\/fr\/wp-json\/wp\/v2\/pages\/975\/revisions"}],"predecessor-version":[{"id":2270,"href":"https:\/\/routedesartsvaudreuilsoulanges.com\/fr\/wp-json\/wp\/v2\/pages\/975\/revisions\/2270"}],"wp:featuredmedia":[{"embeddable":true,"href":"https:\/\/routedesartsvaudreuilsoulanges.com\/fr\/wp-json\/wp\/v2\/media\/1075"}],"wp:attachment":[{"href":"https:\/\/routedesartsvaudreuilsoulanges.com\/fr\/wp-json\/wp\/v2\/media?parent=975"}],"curies":[{"name":"wp","href":"https:\/\/api.w.org\/{rel}","templated":true}]}}