{"id":990,"date":"2023-05-25T20:16:02","date_gmt":"2023-05-26T01:16:02","guid":{"rendered":"https:\/\/routedesartsvaudreuilsoulanges.com\/?page_id=990"},"modified":"2025-04-22T21:29:00","modified_gmt":"2025-04-23T02:29:00","slug":"veronic-sevigny-23","status":"publish","type":"page","link":"https:\/\/routedesartsvaudreuilsoulanges.com\/fr\/veronic-sevigny-23\/","title":{"rendered":"2023 V\u00c9RONIC S\u00c9VIGNY"},"content":{"rendered":"\n<figure class=\"wp-block-image size-full is-resized\"><img loading=\"lazy\" decoding=\"async\" src=\"https:\/\/routedesartsvaudreuilsoulanges.com\/wp-content\/uploads\/2022\/05\/veronic.jpg\" alt=\"\" class=\"wp-image-496\" width=\"226\" height=\"210\" srcset=\"https:\/\/routedesartsvaudreuilsoulanges.com\/wp-content\/uploads\/2022\/05\/veronic.jpg 452w, https:\/\/routedesartsvaudreuilsoulanges.com\/wp-content\/uploads\/2022\/05\/veronic-300x279.jpg 300w\" sizes=\"auto, (max-width: 226px) 100vw, 226px\" \/><figcaption class=\"wp-element-caption\">V\u00e9ronic S\u00e9gigny<\/figcaption><\/figure>\n\n\n\n<div style=\"height:41px\" aria-hidden=\"true\" class=\"wp-block-spacer\"><\/div>\n\n\n\n<div class=\"wp-block-buttons is-layout-flex wp-block-buttons-is-layout-flex\">\n<div class=\"wp-block-button\"><a class=\"wp-block-button__link has-white-color has-vivid-purple-background-color has-text-color has-background wp-element-button\" href=\"https:\/\/veronicsevigny.com\" target=\"_blank\" rel=\"noreferrer noopener\">Site Web<\/a><\/div>\n\n\n\n<div class=\"wp-block-button\"><a class=\"wp-block-button__link has-white-color has-vivid-purple-background-color has-text-color has-background wp-element-button\" href=\"https:\/\/www.facebook.com\/sevignyveronic \" target=\"_blank\" rel=\"noreferrer noopener\">Facebook<\/a><\/div>\n\n\n\n<div class=\"wp-block-button\"><a class=\"wp-block-button__link has-white-color has-vivid-purple-background-color has-text-color has-background wp-element-button\" href=\"https:\/\/www.instagram.com\/veronic_sevigny_artiste\/\" target=\"_blank\" rel=\"noreferrer noopener\">Instagram<\/a><\/div>\n<\/div>\n\n\n\n<div style=\"height:41px\" aria-hidden=\"true\" class=\"wp-block-spacer\"><\/div>\n\n\n\n<p>Passionn\u00e9e par les arts visuels depuis mon plus jeune \u00e2ge, le dessin et la peinture ont rapidement pris une grande place dans ma vie. C\u2019est en exploitant l\u2019imaginaire par cr\u00e9ation que j\u2019ai d\u00e9couvert ma signature artistique. Avant de commencer un tableau, je m\u2019empreins d\u2019un sentiment serein et calme que je cherche ensuite \u00e0 transposer dans mon \u0153uvre. Usant d\u2019un langage visuel authentique, je cherche \u00e0 faire voyager l\u2019observateur dans mon univers \u00e0 moi. On y retrouve un mouvement omnipr\u00e9sent qui berce les regards dans un d\u00e9cor fantaisiste. Mon univers cr\u00e9atif est compos\u00e9 de lignes, de contrastes et de couleurs, je suis constamment \u00e0 la recherche d\u2019une harmonie parfaite. Les \u00e9l\u00e9ments visuels cohabitent et se superposent parfois pour ne former qu\u2019un. Je suis fascin\u00e9e par la transparence virtuelle, elle apparait souvent dans mes \u0153uvres et nous transporte d&rsquo;un plan \u00e0 un autre.<br>Au cours du temps j\u2019ai privil\u00e9gi\u00e9 des sujets naturels tels que le vent, l&rsquo;eau, les oiseaux et la femme. Ma d\u00e9marche est instinctive, je me laisse guider par l&rsquo;imaginaire, le r\u00eave et les univers fantastiques. Ma passion est nourrie par le r\u00eave et se refl\u00e8te dans mes tableaux<\/p>\n\n\n\n<div style=\"height:41px\" aria-hidden=\"true\" class=\"wp-block-spacer\"><\/div>\n\n\n\n<figure class=\"wp-block-gallery has-nested-images columns-default is-cropped wp-block-gallery-1 is-layout-flex wp-block-gallery-is-layout-flex\">\n<figure class=\"wp-block-image size-large\"><img loading=\"lazy\" decoding=\"async\" width=\"752\" height=\"1024\" data-id=\"1146\" src=\"https:\/\/routedesartsvaudreuilsoulanges.com\/wp-content\/uploads\/2023\/05\/sevigny2023_2-752x1024.jpg\" alt=\"\" class=\"wp-image-1146\" srcset=\"https:\/\/routedesartsvaudreuilsoulanges.com\/wp-content\/uploads\/2023\/05\/sevigny2023_2-752x1024.jpg 752w, https:\/\/routedesartsvaudreuilsoulanges.com\/wp-content\/uploads\/2023\/05\/sevigny2023_2-220x300.jpg 220w, https:\/\/routedesartsvaudreuilsoulanges.com\/wp-content\/uploads\/2023\/05\/sevigny2023_2-768x1046.jpg 768w, https:\/\/routedesartsvaudreuilsoulanges.com\/wp-content\/uploads\/2023\/05\/sevigny2023_2-1127x1536.jpg 1127w, https:\/\/routedesartsvaudreuilsoulanges.com\/wp-content\/uploads\/2023\/05\/sevigny2023_2-1503x2048.jpg 1503w, https:\/\/routedesartsvaudreuilsoulanges.com\/wp-content\/uploads\/2023\/05\/sevigny2023_2-scaled.jpg 1879w\" sizes=\"auto, (max-width: 752px) 100vw, 752px\" \/><\/figure>\n\n\n\n<figure class=\"wp-block-image size-large\"><img loading=\"lazy\" decoding=\"async\" width=\"784\" height=\"1024\" data-id=\"1147\" src=\"https:\/\/routedesartsvaudreuilsoulanges.com\/wp-content\/uploads\/2023\/05\/sevigny2023_3-784x1024.jpg\" alt=\"\" class=\"wp-image-1147\" srcset=\"https:\/\/routedesartsvaudreuilsoulanges.com\/wp-content\/uploads\/2023\/05\/sevigny2023_3-784x1024.jpg 784w, https:\/\/routedesartsvaudreuilsoulanges.com\/wp-content\/uploads\/2023\/05\/sevigny2023_3-230x300.jpg 230w, https:\/\/routedesartsvaudreuilsoulanges.com\/wp-content\/uploads\/2023\/05\/sevigny2023_3-768x1003.jpg 768w, https:\/\/routedesartsvaudreuilsoulanges.com\/wp-content\/uploads\/2023\/05\/sevigny2023_3-1176x1536.jpg 1176w, https:\/\/routedesartsvaudreuilsoulanges.com\/wp-content\/uploads\/2023\/05\/sevigny2023_3.jpg 1184w\" sizes=\"auto, (max-width: 784px) 100vw, 784px\" \/><\/figure>\n\n\n\n<figure class=\"wp-block-image size-large\"><img loading=\"lazy\" decoding=\"async\" width=\"1024\" height=\"617\" data-id=\"1148\" src=\"https:\/\/routedesartsvaudreuilsoulanges.com\/wp-content\/uploads\/2023\/05\/sevigny2023_4-1024x617.jpg\" alt=\"\" class=\"wp-image-1148\" srcset=\"https:\/\/routedesartsvaudreuilsoulanges.com\/wp-content\/uploads\/2023\/05\/sevigny2023_4-1024x617.jpg 1024w, https:\/\/routedesartsvaudreuilsoulanges.com\/wp-content\/uploads\/2023\/05\/sevigny2023_4-300x181.jpg 300w, https:\/\/routedesartsvaudreuilsoulanges.com\/wp-content\/uploads\/2023\/05\/sevigny2023_4-768x463.jpg 768w, https:\/\/routedesartsvaudreuilsoulanges.com\/wp-content\/uploads\/2023\/05\/sevigny2023_4-1536x926.jpg 1536w, https:\/\/routedesartsvaudreuilsoulanges.com\/wp-content\/uploads\/2023\/05\/sevigny2023_4.jpg 2024w\" sizes=\"auto, (max-width: 1024px) 100vw, 1024px\" \/><\/figure>\n\n\n\n<figure class=\"wp-block-image size-large\"><img loading=\"lazy\" decoding=\"async\" width=\"1013\" height=\"1024\" data-id=\"1149\" src=\"https:\/\/routedesartsvaudreuilsoulanges.com\/wp-content\/uploads\/2023\/05\/sevigny2023_5-1013x1024.jpg\" alt=\"\" class=\"wp-image-1149\" srcset=\"https:\/\/routedesartsvaudreuilsoulanges.com\/wp-content\/uploads\/2023\/05\/sevigny2023_5-1013x1024.jpg 1013w, https:\/\/routedesartsvaudreuilsoulanges.com\/wp-content\/uploads\/2023\/05\/sevigny2023_5-297x300.jpg 297w, https:\/\/routedesartsvaudreuilsoulanges.com\/wp-content\/uploads\/2023\/05\/sevigny2023_5-768x776.jpg 768w, https:\/\/routedesartsvaudreuilsoulanges.com\/wp-content\/uploads\/2023\/05\/sevigny2023_5-1519x1536.jpg 1519w, https:\/\/routedesartsvaudreuilsoulanges.com\/wp-content\/uploads\/2023\/05\/sevigny2023_5-2026x2048.jpg 2026w\" sizes=\"auto, (max-width: 1013px) 100vw, 1013px\" \/><\/figure>\n\n\n\n<figure class=\"wp-block-image size-large\"><img loading=\"lazy\" decoding=\"async\" width=\"433\" height=\"1024\" data-id=\"1152\" src=\"https:\/\/routedesartsvaudreuilsoulanges.com\/wp-content\/uploads\/2023\/05\/sevigny2023_1-433x1024.jpg\" alt=\"\" class=\"wp-image-1152\" srcset=\"https:\/\/routedesartsvaudreuilsoulanges.com\/wp-content\/uploads\/2023\/05\/sevigny2023_1-433x1024.jpg 433w, https:\/\/routedesartsvaudreuilsoulanges.com\/wp-content\/uploads\/2023\/05\/sevigny2023_1-127x300.jpg 127w, https:\/\/routedesartsvaudreuilsoulanges.com\/wp-content\/uploads\/2023\/05\/sevigny2023_1-768x1814.jpg 768w, https:\/\/routedesartsvaudreuilsoulanges.com\/wp-content\/uploads\/2023\/05\/sevigny2023_1-650x1536.jpg 650w, https:\/\/routedesartsvaudreuilsoulanges.com\/wp-content\/uploads\/2023\/05\/sevigny2023_1-867x2048.jpg 867w, https:\/\/routedesartsvaudreuilsoulanges.com\/wp-content\/uploads\/2023\/05\/sevigny2023_1-scaled.jpg 1084w\" sizes=\"auto, (max-width: 433px) 100vw, 433px\" \/><\/figure>\n<\/figure>\n\n\n\n<div style=\"height:41px\" aria-hidden=\"true\" class=\"wp-block-spacer\"><\/div>\n\n\n\n<p>V\u00e9ronic S\u00e9vigny, est une artiste visuelle originaire de l\u2019Abitibi-T\u00e9miscamingue. Elle obtient un dipl\u00f4me d\u2019\u00e9tudes coll\u00e9giales en Arts plastiques \u00e0 Rouyn-Noranda en 1997. Le portrait au graphite fut son premier m\u00e9dium artistique et elle s\u2019y pr\u00eate d\u2019ailleurs encore aujourd\u2019hui. C\u2019est toutefois en peinture que l\u2019on reconnait sa signature artistique par ses univers color\u00e9s, ou elle explore un imaginaire berc\u00e9 par le mouvement et les couleurs.<\/p>\n\n\n\n<p>Elle habite Vaudreuil-Dorion depuis de nombreuses ann\u00e9es.<br>En 2014 elle se voit attribuer deux bourses, dont l\u2019une pour diffuser sa premi\u00e8re exposition solo \u00e0 la galerie carte Blanche de Montr\u00e9al ainsi qu\u2019une bourse de professionnalisation qui lui donne la chance d\u2019exposer en solo au Mus\u00e9e R\u00e9gional de Vaudreuil-Soulanges la m\u00eame ann\u00e9e. Depuis, elle a particip\u00e9 \u00e0 plusieurs \u00e9v\u00e8nements artistiques collectifs et produits diff\u00e9rentes expositions ici et ailleurs au Qu\u00e9bec<\/p>\n","protected":false},"excerpt":{"rendered":"<p>Passionn\u00e9e par les arts visuels depuis mon plus jeune \u00e2ge, le dessin et la peinture ont rapidement pris une grande place dans ma vie. C\u2019est en exploitant l\u2019imaginaire par cr\u00e9ation que j\u2019ai d\u00e9couvert ma signature artistique. Avant de commencer un tableau, je m\u2019empreins d\u2019un sentiment serein et calme que je cherche ensuite \u00e0 transposer dans [&hellip;]<\/p>\n","protected":false},"author":1,"featured_media":1147,"parent":0,"menu_order":0,"comment_status":"closed","ping_status":"closed","template":"","meta":{"footnotes":""},"class_list":["post-990","page","type-page","status-publish","has-post-thumbnail","hentry"],"_links":{"self":[{"href":"https:\/\/routedesartsvaudreuilsoulanges.com\/fr\/wp-json\/wp\/v2\/pages\/990","targetHints":{"allow":["GET"]}}],"collection":[{"href":"https:\/\/routedesartsvaudreuilsoulanges.com\/fr\/wp-json\/wp\/v2\/pages"}],"about":[{"href":"https:\/\/routedesartsvaudreuilsoulanges.com\/fr\/wp-json\/wp\/v2\/types\/page"}],"author":[{"embeddable":true,"href":"https:\/\/routedesartsvaudreuilsoulanges.com\/fr\/wp-json\/wp\/v2\/users\/1"}],"replies":[{"embeddable":true,"href":"https:\/\/routedesartsvaudreuilsoulanges.com\/fr\/wp-json\/wp\/v2\/comments?post=990"}],"version-history":[{"count":9,"href":"https:\/\/routedesartsvaudreuilsoulanges.com\/fr\/wp-json\/wp\/v2\/pages\/990\/revisions"}],"predecessor-version":[{"id":2307,"href":"https:\/\/routedesartsvaudreuilsoulanges.com\/fr\/wp-json\/wp\/v2\/pages\/990\/revisions\/2307"}],"wp:featuredmedia":[{"embeddable":true,"href":"https:\/\/routedesartsvaudreuilsoulanges.com\/fr\/wp-json\/wp\/v2\/media\/1147"}],"wp:attachment":[{"href":"https:\/\/routedesartsvaudreuilsoulanges.com\/fr\/wp-json\/wp\/v2\/media?parent=990"}],"curies":[{"name":"wp","href":"https:\/\/api.w.org\/{rel}","templated":true}]}}