{"id":994,"date":"2023-05-25T20:20:17","date_gmt":"2023-05-26T01:20:17","guid":{"rendered":"https:\/\/routedesartsvaudreuilsoulanges.com\/?page_id=994"},"modified":"2025-04-22T21:17:50","modified_gmt":"2025-04-23T02:17:50","slug":"louise-singer-23","status":"publish","type":"page","link":"https:\/\/routedesartsvaudreuilsoulanges.com\/fr\/louise-singer-23\/","title":{"rendered":"2023 LOUISE SINGER"},"content":{"rendered":"\n<figure class=\"wp-block-image size-large is-resized\"><img loading=\"lazy\" decoding=\"async\" src=\"https:\/\/routedesartsvaudreuilsoulanges.com\/wp-content\/uploads\/2022\/05\/louiseSinger-1024x1024.jpg\" alt=\"\" class=\"wp-image-503\" width=\"203\" height=\"203\" srcset=\"https:\/\/routedesartsvaudreuilsoulanges.com\/wp-content\/uploads\/2022\/05\/louiseSinger-1024x1024.jpg 1024w, https:\/\/routedesartsvaudreuilsoulanges.com\/wp-content\/uploads\/2022\/05\/louiseSinger-300x300.jpg 300w, https:\/\/routedesartsvaudreuilsoulanges.com\/wp-content\/uploads\/2022\/05\/louiseSinger-150x150.jpg 150w, https:\/\/routedesartsvaudreuilsoulanges.com\/wp-content\/uploads\/2022\/05\/louiseSinger-768x768.jpg 768w, https:\/\/routedesartsvaudreuilsoulanges.com\/wp-content\/uploads\/2022\/05\/louiseSinger.jpg 1293w\" sizes=\"auto, (max-width: 203px) 100vw, 203px\" \/><figcaption class=\"wp-element-caption\">Louise Singer<\/figcaption><\/figure>\n\n\n\n<div style=\"height:40px\" aria-hidden=\"true\" class=\"wp-block-spacer\"><\/div>\n\n\n\n<div class=\"wp-block-buttons is-layout-flex wp-block-buttons-is-layout-flex\">\n<div class=\"wp-block-button\"><a class=\"wp-block-button__link has-white-color has-vivid-purple-background-color has-text-color has-background wp-element-button\" href=\"https:\/\/louisesinger.com\" target=\"_blank\" rel=\"noreferrer noopener\">Site web<\/a><\/div>\n\n\n\n<div class=\"wp-block-button\"><a class=\"wp-block-button__link has-white-color has-vivid-purple-background-color has-text-color has-background wp-element-button\" href=\"https:\/\/www.facebook.com\/lsinger.art\/\" target=\"_blank\" rel=\"noreferrer noopener\">Facebook<\/a><\/div>\n\n\n\n<div class=\"wp-block-button\"><a class=\"wp-block-button__link has-white-color has-vivid-purple-background-color has-text-color has-background wp-element-button\" href=\"https:\/\/www.instagram.com\/lsingerart\/\" target=\"_blank\" rel=\"noreferrer noopener\">Instagram<\/a><\/div>\n<\/div>\n\n\n\n<div style=\"height:40px\" aria-hidden=\"true\" class=\"wp-block-spacer\"><\/div>\n\n\n\n<p>Mes peinture s\u2019inscrivent d\u00e9finitivement dans la lign\u00e9e de l\u2019abstraction lyrique et de l\u2019expressionnisme abstrait.<br><br>Je suis inspir\u00e9e par la force des \u00e9l\u00e9ments de la nature : la terre, le feu, l\u2019air, l\u2019\u00e9ther et l\u2019eau. Je cherche \u00e0 cr\u00e9er des atmosph\u00e8res o\u00f9 l\u2019irr\u00e9el transcende le quotidien et ou le spectateur se voit transport\u00e9 vers de nouveaux niveaux de conscience. Le spectateur est invit\u00e9 \u00e0 d\u00e9couvrir et \u00e0 envisager des rep\u00e8res jusque-l\u00e0 in\u00e9dits.<br><br>Lorsque j&rsquo;aborde un tableau, je peins sans r\u00e9f\u00e9rences visuelles, ni dessins pr\u00e9paratoires. Les gestes spontan\u00e9s s\u2019encha\u00eenent pour cr\u00e9er des effets subtils ou dynamiques. Vient par la suite la recherche et l\u2019analyse picturale, permettant de d\u00e9gager les \u00e9l\u00e9ments d\u00e9terminants du tableau. L\u2019acrylique me permet enfin de mettre en valeur les ambiances et les transparences souhait\u00e9es.<br><\/p>\n\n\n\n<div style=\"height:40px\" aria-hidden=\"true\" class=\"wp-block-spacer\"><\/div>\n\n\n\n<figure class=\"wp-block-gallery has-nested-images columns-default is-cropped wp-block-gallery-1 is-layout-flex wp-block-gallery-is-layout-flex\">\n<figure class=\"wp-block-image size-full\"><img loading=\"lazy\" decoding=\"async\" width=\"801\" height=\"704\" data-id=\"1116\" src=\"https:\/\/routedesartsvaudreuilsoulanges.com\/wp-content\/uploads\/2023\/05\/Singer2023-1.jpeg\" alt=\"\" class=\"wp-image-1116\" srcset=\"https:\/\/routedesartsvaudreuilsoulanges.com\/wp-content\/uploads\/2023\/05\/Singer2023-1.jpeg 801w, https:\/\/routedesartsvaudreuilsoulanges.com\/wp-content\/uploads\/2023\/05\/Singer2023-1-300x264.jpeg 300w, https:\/\/routedesartsvaudreuilsoulanges.com\/wp-content\/uploads\/2023\/05\/Singer2023-1-768x675.jpeg 768w\" sizes=\"auto, (max-width: 801px) 100vw, 801px\" \/><\/figure>\n\n\n\n<figure class=\"wp-block-image size-full\"><img loading=\"lazy\" decoding=\"async\" width=\"801\" height=\"792\" data-id=\"1117\" src=\"https:\/\/routedesartsvaudreuilsoulanges.com\/wp-content\/uploads\/2023\/05\/Singer2023-2-.jpg\" alt=\"\" class=\"wp-image-1117\" srcset=\"https:\/\/routedesartsvaudreuilsoulanges.com\/wp-content\/uploads\/2023\/05\/Singer2023-2-.jpg 801w, https:\/\/routedesartsvaudreuilsoulanges.com\/wp-content\/uploads\/2023\/05\/Singer2023-2--300x297.jpg 300w, https:\/\/routedesartsvaudreuilsoulanges.com\/wp-content\/uploads\/2023\/05\/Singer2023-2--768x759.jpg 768w\" sizes=\"auto, (max-width: 801px) 100vw, 801px\" \/><\/figure>\n\n\n\n<figure class=\"wp-block-image size-full\"><img loading=\"lazy\" decoding=\"async\" width=\"660\" height=\"801\" data-id=\"1120\" src=\"https:\/\/routedesartsvaudreuilsoulanges.com\/wp-content\/uploads\/2023\/05\/Singer2023-5.jpg\" alt=\"\" class=\"wp-image-1120\" srcset=\"https:\/\/routedesartsvaudreuilsoulanges.com\/wp-content\/uploads\/2023\/05\/Singer2023-5.jpg 660w, https:\/\/routedesartsvaudreuilsoulanges.com\/wp-content\/uploads\/2023\/05\/Singer2023-5-247x300.jpg 247w\" sizes=\"auto, (max-width: 660px) 100vw, 660px\" \/><figcaption class=\"wp-element-caption\">2022 paper<\/figcaption><\/figure>\n\n\n\n<figure class=\"wp-block-image size-full\"><img loading=\"lazy\" decoding=\"async\" width=\"791\" height=\"801\" data-id=\"1119\" src=\"https:\/\/routedesartsvaudreuilsoulanges.com\/wp-content\/uploads\/2023\/05\/Singer2023-4.jpg\" alt=\"\" class=\"wp-image-1119\" srcset=\"https:\/\/routedesartsvaudreuilsoulanges.com\/wp-content\/uploads\/2023\/05\/Singer2023-4.jpg 791w, https:\/\/routedesartsvaudreuilsoulanges.com\/wp-content\/uploads\/2023\/05\/Singer2023-4-296x300.jpg 296w, https:\/\/routedesartsvaudreuilsoulanges.com\/wp-content\/uploads\/2023\/05\/Singer2023-4-768x778.jpg 768w\" sizes=\"auto, (max-width: 791px) 100vw, 791px\" \/><\/figure>\n\n\n\n<figure class=\"wp-block-image size-full\"><img loading=\"lazy\" decoding=\"async\" width=\"801\" height=\"785\" data-id=\"1118\" src=\"https:\/\/routedesartsvaudreuilsoulanges.com\/wp-content\/uploads\/2023\/05\/Singer2023-3.jpg\" alt=\"\" class=\"wp-image-1118\" srcset=\"https:\/\/routedesartsvaudreuilsoulanges.com\/wp-content\/uploads\/2023\/05\/Singer2023-3.jpg 801w, https:\/\/routedesartsvaudreuilsoulanges.com\/wp-content\/uploads\/2023\/05\/Singer2023-3-300x294.jpg 300w, https:\/\/routedesartsvaudreuilsoulanges.com\/wp-content\/uploads\/2023\/05\/Singer2023-3-768x753.jpg 768w\" sizes=\"auto, (max-width: 801px) 100vw, 801px\" \/><figcaption class=\"wp-element-caption\">2022 paper<\/figcaption><\/figure>\n<\/figure>\n\n\n\n<div style=\"height:40px\" aria-hidden=\"true\" class=\"wp-block-spacer\"><\/div>\n\n\n\n<p>Louise Singer est n\u00e9e \u00e0 Montr\u00e9al. Elle obtient un BA de l\u2019Universit\u00e9 Concordia en \u00ab Communications Arts \u00bb et, plus tard, un MBA Marketing de HEC Montr\u00e9al. En 2013, apr\u00e8s 30 ans de carri\u00e8re dans les secteurs public et priv\u00e9, Louise fait le point sur son parcours et d\u00e9cide de se consacrer \u00e0 son art \u00e0 temps plein. Depuis ce temps, Louise expose au Qu\u00e9bec et aux \u00c9tats-Unis dans des expositions tant solos que collectives. Depuis son adolescence, Louise n&rsquo;a cess\u00e9 de suivre de la formation en art dans diff\u00e9rents centres d&rsquo;art ou en ligne, notamment l&rsquo;Atelier du Fr\u00e8re J\u00e9r\u00f4me, le Centre des arts visuel de Westmount, le Centre Saydie Bronfman, Universit\u00e9 Concordia (Studio Art), Sally Cooper, Judy Woods, Art2Life (CVP 2022). Une liste compl\u00e8te de ma formation est disponible sur demande.<\/p>\n","protected":false},"excerpt":{"rendered":"<p>Mes peinture s\u2019inscrivent d\u00e9finitivement dans la lign\u00e9e de l\u2019abstraction lyrique et de l\u2019expressionnisme abstrait. Je suis inspir\u00e9e par la force des \u00e9l\u00e9ments de la nature : la terre, le feu, l\u2019air, l\u2019\u00e9ther et l\u2019eau. Je cherche \u00e0 cr\u00e9er des atmosph\u00e8res o\u00f9 l\u2019irr\u00e9el transcende le quotidien et ou le spectateur se voit transport\u00e9 vers de nouveaux [&hellip;]<\/p>\n","protected":false},"author":1,"featured_media":1117,"parent":0,"menu_order":0,"comment_status":"closed","ping_status":"closed","template":"","meta":{"footnotes":""},"class_list":["post-994","page","type-page","status-publish","has-post-thumbnail","hentry"],"_links":{"self":[{"href":"https:\/\/routedesartsvaudreuilsoulanges.com\/fr\/wp-json\/wp\/v2\/pages\/994","targetHints":{"allow":["GET"]}}],"collection":[{"href":"https:\/\/routedesartsvaudreuilsoulanges.com\/fr\/wp-json\/wp\/v2\/pages"}],"about":[{"href":"https:\/\/routedesartsvaudreuilsoulanges.com\/fr\/wp-json\/wp\/v2\/types\/page"}],"author":[{"embeddable":true,"href":"https:\/\/routedesartsvaudreuilsoulanges.com\/fr\/wp-json\/wp\/v2\/users\/1"}],"replies":[{"embeddable":true,"href":"https:\/\/routedesartsvaudreuilsoulanges.com\/fr\/wp-json\/wp\/v2\/comments?post=994"}],"version-history":[{"count":7,"href":"https:\/\/routedesartsvaudreuilsoulanges.com\/fr\/wp-json\/wp\/v2\/pages\/994\/revisions"}],"predecessor-version":[{"id":2290,"href":"https:\/\/routedesartsvaudreuilsoulanges.com\/fr\/wp-json\/wp\/v2\/pages\/994\/revisions\/2290"}],"wp:featuredmedia":[{"embeddable":true,"href":"https:\/\/routedesartsvaudreuilsoulanges.com\/fr\/wp-json\/wp\/v2\/media\/1117"}],"wp:attachment":[{"href":"https:\/\/routedesartsvaudreuilsoulanges.com\/fr\/wp-json\/wp\/v2\/media?parent=994"}],"curies":[{"name":"wp","href":"https:\/\/api.w.org\/{rel}","templated":true}]}}